{"id":3208,"date":"2026-03-05T10:28:27","date_gmt":"2026-03-05T10:28:27","guid":{"rendered":"https:\/\/insuranceforgroup.com\/?page_id=3208"},"modified":"2026-03-05T10:42:58","modified_gmt":"2026-03-05T10:42:58","slug":"nutzungsbedingungen","status":"publish","type":"page","link":"https:\/\/insuranceforgroup.com\/de\/terms-of-service\/","title":{"rendered":"Nutzungsbedingungen"},"content":{"rendered":"<h1 class=\"wp-block-heading\" id=\"insuranceforgroup-com\"><strong>versicherungsforgroup.com<\/strong><\/h1>\n\n\n\n<p>Letzte Aktualisierung: August 2024<\/p>\n\n\n\n<p>Diese Nutzungsbedingungen regeln Ihre Nutzung der Website. <strong>versicherungsforgroup.com<\/strong> und die dar\u00fcber angebotenen Dienstleistungen.<\/p>\n\n\n\n<p>Durch den Zugriff auf oder die Nutzung dieser Website erkl\u00e4ren Sie sich mit diesen Nutzungsbedingungen einverstanden. Sollten Sie nicht einverstanden sein, nutzen Sie diese Website bitte nicht.<\/p>\n\n\n\n<hr class=\"wp-block-separator has-alpha-channel-opacity\"\/>\n\n\n\n<h3 class=\"wp-block-heading\" id=\"1-about-us\"><strong>1. \u00dcber uns<\/strong><\/h3>\n\n\n\n<p>insuranceforgroup.com wird betrieben von <strong>Versicherung f\u00fcr die Group Ltd<\/strong>.<\/p>\n\n\n\n<p>Wir sind spezialisiert auf die Vermittlung von Versicherungsl\u00f6sungen f\u00fcr Organisationen, Gruppen und Teams, die in unterschiedlichsten Umfeldern t\u00e4tig sind, einschlie\u00dflich internationaler Standorte.<\/p>\n\n\n\n<p>Unsere Aufgabe ist es, Ihnen die verf\u00fcgbaren Versicherungsm\u00f6glichkeiten zu erl\u00e4utern und Sie bei der Auswahl eines geeigneten Versicherungsschutzes \u00fcber autorisierte Versicherer zu unterst\u00fctzen.<\/p>\n\n\n\n<hr class=\"wp-block-separator has-alpha-channel-opacity\"\/>\n\n\n\n<h3 class=\"wp-block-heading\" id=\"2-use-of-this-website\"><strong>2. Nutzung dieser Website<\/strong><\/h3>\n\n\n\n<p>Sie d\u00fcrfen diese Website nur f\u00fcr rechtm\u00e4\u00dfige Zwecke nutzen.<\/p>\n\n\n\n<p>Sie stimmen zu, Folgendes zu unterlassen:<\/p>\n\n\n\n<ul class=\"wp-block-list\">\n<li>Die Nutzung der Website in einer Weise, die gegen britisches Recht oder geltende Vorschriften verst\u00f6\u00dft, ist untersagt.<\/li>\n\n\n\n<li>Der Versuch, sich unbefugten Zugriff auf die Website oder deren Systeme zu verschaffen.<\/li>\n\n\n\n<li>Die Funktionalit\u00e4t oder Sicherheit der Website beeintr\u00e4chtigen.<\/li>\n\n\n\n<li>Geben Sie sich bei der Anforderung von Angeboten oder Versicherungen nicht falsch aus und machen Sie keine falschen Angaben.<\/li>\n<\/ul>\n\n\n\n<p>Wir behalten uns das Recht vor, den Zugang einzuschr\u00e4nken oder zu sperren, wenn ein Missbrauch festgestellt wird.<\/p>\n\n\n\n<hr class=\"wp-block-separator has-alpha-channel-opacity\"\/>\n\n\n\n<h3 class=\"wp-block-heading\" id=\"3-information-on-this-website\"><strong>3. Informationen auf dieser Website<\/strong><\/h3>\n\n\n\n<p>Die auf dieser Website bereitgestellten Informationen sind bestimmt f\u00fcr <strong>Nur zu allgemeinen Informationszwecken<\/strong>.<\/p>\n\n\n\n<p>Wir bem\u00fchen uns, die Informationen korrekt und aktuell zu halten:<\/p>\n\n\n\n<ul class=\"wp-block-list\">\n<li>Die Versicherungsbedingungen variieren je nach Versicherer.<\/li>\n\n\n\n<li>Der Versicherungsschutz kann sich \u00e4ndern<\/li>\n\n\n\n<li>Nicht alle Risiken sind in jeder Police abgedeckt.<\/li>\n<\/ul>\n\n\n\n<p>Nichts auf dieser Website stellt eine Garantie f\u00fcr Versicherungsschutz oder ein verbindliches Versicherungsangebot dar.<\/p>\n\n\n\n<p>Alle Einzelheiten zum Versicherungsschutz sind immer im Versicherungsschein enthalten. <strong>vom Versicherer ausgestellte Versicherungsbedingungen<\/strong>.<\/p>\n\n\n\n<hr class=\"wp-block-separator has-alpha-channel-opacity\"\/>\n\n\n\n<h3 class=\"wp-block-heading\" id=\"4-insurance-quotes\"><strong>4. Versicherungsangebote<\/strong><\/h3>\n\n\n\n<p>Die \u00fcber diese Website bereitgestellten Zitate lauten:<\/p>\n\n\n\n<ul class=\"wp-block-list\">\n<li>Nur zur Orientierung<\/li>\n\n\n\n<li>Basierend auf den von Ihnen bereitgestellten Informationen<\/li>\n\n\n\n<li>Vorbehaltlich der Zustimmung des Versicherers<\/li>\n<\/ul>\n\n\n\n<p>Ein Kostenvoranschlag ist keine Garantie daf\u00fcr, dass eine Versicherung abgeschlossen wird.<\/p>\n\n\n\n<p>Sind die im Rahmen der Angebotserstellung gemachten Angaben unvollst\u00e4ndig oder unrichtig, kann der Versicherer:<\/p>\n\n\n\n<ul class=\"wp-block-list\">\n<li>\u00c4ndern Sie die Bedingungen<\/li>\n\n\n\n<li>M\u00fclldeckel<\/li>\n\n\n\n<li>Die Police k\u00fcndigen<\/li>\n\n\n\n<li>Einen Antrag ablehnen<\/li>\n<\/ul>\n\n\n\n<p>Es liegt in Ihrer Verantwortung sicherzustellen, dass alle von Ihnen bereitgestellten Informationen <strong>genau und vollst\u00e4ndig<\/strong>.<\/p>\n\n\n\n<hr class=\"wp-block-separator has-alpha-channel-opacity\"\/>\n\n\n\n<h3 class=\"wp-block-heading\" id=\"5-insurance-coverage-and-exclusions\"><strong>5. Versicherungsschutz und Ausschl\u00fcsse<\/strong><\/h3>\n\n\n\n<p>\u00dcber unsere Plattform abgeschlossene Versicherungspolicen werden von autorisierten Versicherern ausgestellt.<\/p>\n\n\n\n<p>Deckungsumfang, Grenzen und Ausschl\u00fcsse werden stets in den Versicherungsbedingungen des Versicherers definiert.<\/p>\n\n\n\n<p>Grunds\u00e4tzlich gilt: Policen, die \u00fcber insuranceforgroup.com abgeschlossen werden, sind in der Regel unbedenklich. <strong>bieten keinen Versicherungsschutz f\u00fcr:<\/strong><\/p>\n\n\n\n<ul class=\"wp-block-list\">\n<li>Entf\u00fchrung und L\u00f6segeld<\/li>\n\n\n\n<li>Politische Evakuierung<\/li>\n\n\n\n<li>Festnahme oder Verhaftung<\/li>\n<\/ul>\n\n\n\n<p>Wenn Sie einen speziellen Versicherungsschutz f\u00fcr diese Risiken ben\u00f6tigen, sollten Sie eine entsprechende Spezialversicherung abschlie\u00dfen.<\/p>\n\n\n\n<hr class=\"wp-block-separator has-alpha-channel-opacity\"\/>\n\n\n\n<h3 class=\"wp-block-heading\" id=\"6-no-professional-advice\"><strong>6. Keine professionelle Beratung<\/strong><\/h3>\n\n\n\n<p>Die Inhalte dieser Website stellen keine Rechts-, Finanz- oder Versicherungsberatung dar.<\/p>\n\n\n\n<p>Der Versicherungsbedarf variiert je nach Organisation und Situation.<\/p>\n\n\n\n<p>Wenn Sie sich \u00fcber die Eignung einer Versicherungspolice nicht sicher sind, sollten Sie vor dem Kauf einer solchen Police unabh\u00e4ngigen professionellen Rat einholen.<\/p>\n\n\n\n<hr class=\"wp-block-separator has-alpha-channel-opacity\"\/>\n\n\n\n<h3 class=\"wp-block-heading\" id=\"7-claims\"><strong>7. Anspr\u00fcche<\/strong><\/h3>\n\n\n\n<p>Alle Versicherungsanspr\u00fcche m\u00fcssen gem\u00e4\u00df den in Ihren Versicherungsunterlagen festgelegten Verfahren eingereicht werden.<\/p>\n\n\n\n<p>Wir k\u00f6nnen Sie bei der Schadensabwicklung unterst\u00fctzen, aber:<\/p>\n\n\n\n<ul class=\"wp-block-list\">\n<li>Die Entscheidung \u00fcber Schadensf\u00e4lle trifft der Versicherer.<\/li>\n\n\n\n<li>Wir k\u00f6nnen die Genehmigung des Antrags nicht garantieren.<\/li>\n\n\n\n<li>Die Zahlung von Schadensersatzanspr\u00fcchen obliegt dem Versicherer.<\/li>\n<\/ul>\n\n\n\n<hr class=\"wp-block-separator has-alpha-channel-opacity\"\/>\n\n\n\n<h3 class=\"wp-block-heading\" id=\"8-limitation-of-liability\"><strong>8. Haftungsbeschr\u00e4nkung<\/strong><\/h3>\n\n\n\n<p>Soweit dies nach britischem Recht zul\u00e4ssig ist, haftet Insurance for Group Ltd nicht f\u00fcr:<\/p>\n\n\n\n<ul class=\"wp-block-list\">\n<li>Jegliche indirekten oder Folgesch\u00e4den<\/li>\n\n\n\n<li>Gesch\u00e4fts-, Umsatz- oder Chancenverlust<\/li>\n\n\n\n<li>Verluste, die durch das Vertrauen auf Website-Inhalte entstehen<\/li>\n<\/ul>\n\n\n\n<p>Unsere Haftung f\u00fcr jegliche Anspr\u00fcche im Zusammenhang mit der Nutzung dieser Website ist auf den Betrag beschr\u00e4nkt, den Sie f\u00fcr \u00fcber die Website erbrachte Dienstleistungen gezahlt haben.<\/p>\n\n\n\n<p>Nichts in diesen Bedingungen beschr\u00e4nkt die Haftung, soweit eine Beschr\u00e4nkung gesetzlich nicht zul\u00e4ssig ist, einschlie\u00dflich der Haftung f\u00fcr Tod oder K\u00f6rperverletzung aufgrund von Fahrl\u00e4ssigkeit.<\/p>\n\n\n\n<hr class=\"wp-block-separator has-alpha-channel-opacity\"\/>\n\n\n\n<h3 class=\"wp-block-heading\" id=\"9-intellectual-property\"><strong>9. Geistiges Eigentum<\/strong><\/h3>\n\n\n\n<p>Alle Inhalte dieser Website, einschlie\u00dflich Texte, Design, Grafiken, Logos und Markenzeichen, sind geistiges Eigentum der Insurance for Group Ltd, sofern nicht anders angegeben. Die Vervielf\u00e4ltigung, Verbreitung oder Bearbeitung von Inhalten ist ohne schriftliche Genehmigung nicht gestattet.<\/p>\n\n\n\n<hr class=\"wp-block-separator has-alpha-channel-opacity\"\/>\n\n\n\n<h3 class=\"wp-block-heading\" id=\"10-privacy\"><strong>10. Datenschutz<\/strong><\/h3>\n\n\n\n<p>Ihre Nutzung dieser Website unterliegt auch unseren Nutzungsbedingungen. <strong>Datenschutzbestimmungen<\/strong>.<\/p>\n\n\n\n<p>Hier wird erkl\u00e4rt, wie wir personenbezogene Daten erfassen, verwenden und speichern.<\/p>\n\n\n\n<hr class=\"wp-block-separator has-alpha-channel-opacity\"\/>\n\n\n\n<h3 class=\"wp-block-heading\" id=\"11-third-party-services\"><strong>11. Dienstleistungen von Drittanbietern<\/strong><\/h3>\n\n\n\n<p>Diese Website kann Links zu Websites oder Diensten Dritter enthalten.<\/p>\n\n\n\n<p>Wir \u00fcbernehmen keine Verantwortung f\u00fcr:<\/p>\n\n\n\n<ul class=\"wp-block-list\">\n<li>Der Inhalt externer Websites<\/li>\n\n\n\n<li>Ihre Datenschutzpraktiken<\/li>\n\n\n\n<li>Ihre Gesch\u00e4ftsbedingungen<\/li>\n<\/ul>\n\n\n\n<p>Die Nutzung von Diensten Dritter erfolgt auf eigene Gefahr.<\/p>\n\n\n\n<hr class=\"wp-block-separator has-alpha-channel-opacity\"\/>\n\n\n\n<h3 class=\"wp-block-heading\" id=\"12-website-availability\"><strong>12. Verf\u00fcgbarkeit der Website<\/strong><\/h3>\n\n\n\n<p>Wir bem\u00fchen uns, die Website jederzeit verf\u00fcgbar zu halten. Wir k\u00f6nnen jedoch keinen ununterbrochenen Zugriff garantieren.<\/p>\n\n\n\n<p>Wir k\u00f6nnen den Zugriff vor\u00fcbergehend sperren aus folgenden Gr\u00fcnden:<\/p>\n\n\n\n<ul class=\"wp-block-list\">\n<li>Wartung<\/li>\n\n\n\n<li>Sicherheitsupdates<\/li>\n\n\n\n<li>Technische Probleme<\/li>\n<\/ul>\n\n\n\n<hr class=\"wp-block-separator has-alpha-channel-opacity\"\/>\n\n\n\n<h3 class=\"wp-block-heading\" id=\"13-changes-to-these-terms\"><strong>13. \u00c4nderungen dieser Bedingungen<\/strong><\/h3>\n\n\n\n<p>Wir behalten uns vor, diese Bedingungen von Zeit zu Zeit zu aktualisieren.<\/p>\n\n\n\n<p>Aktualisierte Versionen werden mit einem ge\u00e4nderten Datum auf dieser Seite ver\u00f6ffentlicht.<\/p>\n\n\n\n<p>Durch die weitere Nutzung der Website nach Ver\u00f6ffentlichung der \u00c4nderungen erkl\u00e4ren Sie sich mit den aktualisierten Nutzungsbedingungen einverstanden.<\/p>\n\n\n\n<hr class=\"wp-block-separator has-alpha-channel-opacity\"\/>\n\n\n\n<h3 class=\"wp-block-heading\" id=\"14-governing-law\"><strong>14. Anwendbares Recht<\/strong><\/h3>\n\n\n\n<p>Diese Bedingungen unterliegen den Gesetzen von <strong>England und Wales<\/strong>.<\/p>\n\n\n\n<p>Alle Streitigkeiten, die sich aus der Nutzung dieser Website ergeben, unterliegen der ausschlie\u00dflichen Zust\u00e4ndigkeit der Gerichte von England und Wales.<\/p>\n\n\n\n<hr class=\"wp-block-separator has-alpha-channel-opacity\"\/>\n\n\n\n<h3 class=\"wp-block-heading\" id=\"15-contact\"><strong>15. Kontakt<\/strong><\/h3>\n\n\n\n<p>Sollten Sie Fragen zu diesen Bedingungen haben, nutzen Sie bitte unsere Kontaktseite: Wir bem\u00fchen uns, alle Anfragen innerhalb von 24 Stunden zu beantworten:<\/p>\n\n\n\n<p><\/p>","protected":false},"excerpt":{"rendered":"<p>insuranceforgroup.com Last updated: August 2024 These Terms of Service govern your use of the website insuranceforgroup.com and the services provided through it. By accessing or using this website, you agree to these Terms. If you do not agree, please do not use this website. 1. About Us insuranceforgroup.com is operated by Insurance for Group Ltd. [&hellip;]<\/p>\n","protected":false},"author":1,"featured_media":0,"parent":0,"menu_order":0,"comment_status":"closed","ping_status":"closed","template":"","meta":{"_gspb_post_css":"","footnotes":""},"class_list":["post-3208","page","type-page","status-publish","hentry"],"blocksy_meta":[],"_links":{"self":[{"href":"https:\/\/insuranceforgroup.com\/de\/wp-json\/wp\/v2\/pages\/3208","targetHints":{"allow":["GET"]}}],"collection":[{"href":"https:\/\/insuranceforgroup.com\/de\/wp-json\/wp\/v2\/pages"}],"about":[{"href":"https:\/\/insuranceforgroup.com\/de\/wp-json\/wp\/v2\/types\/page"}],"author":[{"embeddable":true,"href":"https:\/\/insuranceforgroup.com\/de\/wp-json\/wp\/v2\/users\/1"}],"replies":[{"embeddable":true,"href":"https:\/\/insuranceforgroup.com\/de\/wp-json\/wp\/v2\/comments?post=3208"}],"version-history":[{"count":0,"href":"https:\/\/insuranceforgroup.com\/de\/wp-json\/wp\/v2\/pages\/3208\/revisions"}],"wp:attachment":[{"href":"https:\/\/insuranceforgroup.com\/de\/wp-json\/wp\/v2\/media?parent=3208"}],"curies":[{"name":"wp","href":"https:\/\/api.w.org\/{rel}","templated":true}]}}