{"id":588,"date":"2023-12-18T09:44:40","date_gmt":"2023-12-18T09:44:40","guid":{"rendered":"https:\/\/demo.creativethemes.com\/blocksy\/smart-home\/?page_id=3"},"modified":"2026-03-12T09:26:53","modified_gmt":"2026-03-12T09:26:53","slug":"datenschutzrichtlinie","status":"publish","type":"page","link":"https:\/\/insuranceforgroup.com\/de\/privacy-policy\/","title":{"rendered":"Datenschutzbestimmungen"},"content":{"rendered":"<h1 class=\"wp-block-heading\" id=\"1-who-we-are\"><strong>Datenschutzbestimmungen<\/strong><\/h1>\n\n\n\n<p><strong>versicherungsforgroup.com<\/strong><\/p>\n\n\n\n<p><strong> Politik<\/strong><\/p>\n\n\n\n<p>Aktualisiert: August 2024<\/p>\n\n\n\n<p>Insurance for Group Ltd verpflichtet sich, Ihre personenbezogenen Daten zu sch\u00fctzen und diese verantwortungsvoll gem\u00e4\u00df den geltenden Bestimmungen zu verarbeiten. <strong>Datenschutzgrundverordnung des Vereinigten K\u00f6nigreichs (UK GDPR)<\/strong> und die <strong>Datenschutzgesetz 2018<\/strong>.<\/p>\n\n\n\n<p>Diese Datenschutzrichtlinie erkl\u00e4rt, wie wir personenbezogene Daten erfassen, verwenden und sch\u00fctzen, wenn Sie unsere Dienste nutzen. <strong>versicherungsforgroup.com<\/strong> oder mit den von uns angebotenen Versicherungsdienstleistungen interagieren.<\/p>\n\n\n\n<hr class=\"wp-block-separator has-alpha-channel-opacity\"\/>\n\n\n\n<h3 class=\"wp-block-heading\" id=\"1-who-we-are\"><strong>1. Wer wir sind<\/strong><\/h3>\n\n\n\n<p>insuranceforgroup.com wird betrieben von <strong>Versicherung f\u00fcr GmbH<\/strong>.<\/p>\n\n\n\n<p>Die Versicherung f\u00fcr Ltd. fungiert als die <strong>Datenverantwortlicher<\/strong> f\u00fcr personenbezogene Daten, die \u00fcber diese Website und im Rahmen der Erbringung von Versicherungsdienstleistungen erhoben werden.<\/p>\n\n\n\n<p>Firmendetails:<\/p>\n\n\n\n<p>Insurance for Ltd, RSM, Fifth Floor, Central Square, Wellington Street, Leeds LS1 4DL, Vereinigtes K\u00f6nigreich.<\/p>\n\n\n\n<p>Eingetragen in England Nr.: 09879856<\/p>\n\n\n\n<p>E-Mail: info@insuranceforgroup.com<\/p>\n\n\n\n<hr class=\"wp-block-separator has-alpha-channel-opacity\"\/>\n\n\n\n<h3 class=\"wp-block-heading\" id=\"2-personal-data-we-collect\"><strong>2. Von uns erhobene personenbezogene Daten<\/strong><\/h3>\n\n\n\n<p>Wir k\u00f6nnen die folgenden Kategorien personenbezogener Daten erheben und verarbeiten.<\/p>\n\n\n\n<h3 class=\"wp-block-heading\" id=\"identity-and-contact-data\"><strong>Identit\u00e4ts- und Kontaktdaten<\/strong><\/h3>\n\n\n\n<ul class=\"wp-block-list\">\n<li>Name<\/li>\n\n\n\n<li>E-Mail-Adresse<\/li>\n\n\n\n<li>Telefonnummer<\/li>\n\n\n\n<li>Name der Organisation<\/li>\n\n\n\n<li>Berufsbezeichnung oder Rolle<\/li>\n<\/ul>\n\n\n\n<h3 class=\"wp-block-heading\" id=\"insurance-risk-information\"><strong>Informationen zum Versicherungsrisiko<\/strong><\/h3>\n\n\n\n<p>Informationen, die zur Einholung von Versicherungsangeboten oder zum Abschluss einer Versicherung ben\u00f6tigt werden, darunter beispielsweise:<\/p>\n\n\n\n<ul class=\"wp-block-list\">\n<li>Reiseziele<\/li>\n\n\n\n<li>Betriebsstandorte<\/li>\n\n\n\n<li>T\u00e4tigkeiten oder durchgef\u00fchrte Arbeiten<\/li>\n\n\n\n<li>Dauer der Reise oder der Eins\u00e4tze<\/li>\n\n\n\n<li>Risikoexposition im Zusammenhang mit der Versicherungszeichnung<\/li>\n<\/ul>\n\n\n\n<h3 class=\"wp-block-heading\" id=\"claims-information\"><strong>Schadensinformationen<\/strong><\/h3>\n\n\n\n<p>Wenn ein Anspruch geltend gemacht wird, k\u00f6nnen wir folgende Geb\u00fchren erheben:<\/p>\n\n\n\n<ul class=\"wp-block-list\">\n<li>Vorfallbeschreibungen<\/li>\n\n\n\n<li>Begleitdokumentation<\/li>\n\n\n\n<li>Medizinische Informationen, sofern relevant<\/li>\n\n\n\n<li>Zeugenaussagen oder Berichte<\/li>\n<\/ul>\n\n\n\n<h3 class=\"wp-block-heading\" id=\"technical-and-website-usage-data\"><strong>Technische Daten und Website-Nutzungsdaten<\/strong><\/h3>\n\n\n\n<p>Beim Besuch unserer Website erfassen wir m\u00f6glicherweise folgende Daten:<\/p>\n\n\n\n<ul class=\"wp-block-list\">\n<li>IP-Adresse<\/li>\n\n\n\n<li>Browsertyp und -version<\/li>\n\n\n\n<li>Ger\u00e4teinformationen<\/li>\n\n\n\n<li>Besuchte Seiten und Navigationsverhalten<\/li>\n\n\n\n<li>Website-Performance- und Analysedaten<\/li>\n<\/ul>\n\n\n\n<hr class=\"wp-block-separator has-alpha-channel-opacity\"\/>\n\n\n\n<h3 class=\"wp-block-heading\" id=\"3-special-category-data\"><strong>3. Daten besonderer Kategorien<\/strong><\/h3>\n\n\n\n<p>Bestimmte Versicherungsdienstleistungen erfordern die Bearbeitung von <strong>Besondere Kategorien personenbezogener Daten<\/strong>, insbesondere <strong>Gesundheits- oder medizinische Informationen<\/strong>.<\/p>\n\n\n\n<p>Dies kann gegebenenfalls erfolgen, um:<\/p>\n\n\n\n<ul class=\"wp-block-list\">\n<li>Versicherungsschutz abschlie\u00dfen<\/li>\n\n\n\n<li>Beurteilen Sie das Zeichnungsrisiko<\/li>\n\n\n\n<li>Bearbeitung oder Unterst\u00fctzung von Versicherungsanspr\u00fcchen<\/li>\n<\/ul>\n\n\n\n<p>Soweit solche Informationen verarbeitet werden, st\u00fctzen wir uns auf rechtm\u00e4\u00dfige Grundlagen, die gem\u00e4\u00df <strong>Artikel 9 der britischen DSGVO<\/strong>, einschlie\u00dflich:<\/p>\n\n\n\n<ul class=\"wp-block-list\">\n<li>Ausdr\u00fcckliche Zustimmung<\/li>\n\n\n\n<li>Versicherungszwecke, die nach dem Datenschutzgesetz zul\u00e4ssig sind<\/li>\n\n\n\n<li>Begr\u00fcndung, Aus\u00fcbung oder Verteidigung von Rechtsanspr\u00fcchen<\/li>\n<\/ul>\n\n\n\n<p>Besondere Kategorien personenbezogener Daten werden nur verarbeitet, wenn dies erforderlich ist und angemessene Schutzma\u00dfnahmen getroffen werden.<\/p>\n\n\n\n<hr class=\"wp-block-separator has-alpha-channel-opacity\"\/>\n\n\n\n<h3 class=\"wp-block-heading\" id=\"4-how-we-use-personal-data\"><strong>4. Wie wir personenbezogene Daten verwenden<\/strong><\/h3>\n\n\n\n<p>Wir k\u00f6nnen personenbezogene Daten f\u00fcr folgende Zwecke verwenden:<\/p>\n\n\n\n<ul class=\"wp-block-list\">\n<li>Beantwortung von Anfragen<\/li>\n\n\n\n<li>Bereitstellung von Versicherungsangeboten<\/li>\n\n\n\n<li>Organisation von Versicherungspolicen<\/li>\n\n\n\n<li>Verwaltung von Policen und Verl\u00e4ngerungen<\/li>\n\n\n\n<li>Kommunikation mit Versicherern und Underwritern<\/li>\n\n\n\n<li>Unterst\u00fctzung bei der Schadensbearbeitung<\/li>\n\n\n\n<li>Einhaltung regulatorischer Verpflichtungen<\/li>\n\n\n\n<li>Betrug und Finanzkriminalit\u00e4t verhindern<\/li>\n\n\n\n<li>Verbesserung der Website-Funktionalit\u00e4t und der Dienste<\/li>\n<\/ul>\n\n\n\n<hr class=\"wp-block-separator has-alpha-channel-opacity\"\/>\n\n\n\n<h3 class=\"wp-block-heading\" id=\"5-legal-basis-for-processing\"><strong>5. Rechtsgrundlage f\u00fcr die Verarbeitung<\/strong><\/h3>\n\n\n\n<p>Wir verarbeiten personenbezogene Daten auf der Grundlage einer oder mehrerer der folgenden Rechtsgrundlagen.<\/p>\n\n\n\n<h3 class=\"wp-block-heading\" id=\"contract\"><strong>Vertrag<\/strong><\/h3>\n\n\n\n<p>Die f\u00fcr die Abwicklung oder Verwaltung von Versicherungspolicen erforderlichen Bearbeitungsschritte.<\/p>\n\n\n\n<h3 class=\"wp-block-heading\" id=\"legitimate-interests\"><strong>Berechtigte Interessen<\/strong><\/h3>\n\n\n\n<p>Verarbeitung, die f\u00fcr unsere berechtigten Gesch\u00e4ftsinteressen erforderlich ist, einschlie\u00dflich:<\/p>\n\n\n\n<ul class=\"wp-block-list\">\n<li>Beantwortung von Anfragen<\/li>\n\n\n\n<li>Verbesserung der Dienstleistungen<\/li>\n\n\n\n<li>Betrugserkennung und -pr\u00e4vention<\/li>\n<\/ul>\n\n\n\n<h3 class=\"wp-block-heading\" id=\"legal-and-regulatory-obligations\"><strong>Rechtliche und regulatorische Verpflichtungen<\/strong><\/h3>\n\n\n\n<p>Versicherungsvermittler m\u00fcssen die gesetzlichen und aufsichtsrechtlichen Anforderungen, einschlie\u00dflich der Aufzeichnungspflichten und der Meldepflichten gegen\u00fcber den Aufsichtsbeh\u00f6rden, erf\u00fcllen.<\/p>\n\n\n\n<h3 class=\"wp-block-heading\" id=\"consent\"><strong>Zustimmung<\/strong><\/h3>\n\n\n\n<p>Sofern erforderlich, holen wir Ihre Einwilligung ein, bevor wir bestimmte Arten von personenbezogenen Daten verarbeiten oder Marketingmitteilungen versenden.<\/p>\n\n\n\n<hr class=\"wp-block-separator has-alpha-channel-opacity\"\/>\n\n\n\n<h3 class=\"wp-block-heading\" id=\"6-sharing-personal-data\"><strong>6. Weitergabe personenbezogener Daten<\/strong><\/h3>\n\n\n\n<p>Zur Erbringung von Versicherungsdienstleistungen k\u00f6nnen wir personenbezogene Daten an folgende Stellen weitergeben:<\/p>\n\n\n\n<h3 class=\"wp-block-heading\" id=\"insurance-underwriters\"><strong>Versicherungsunternehmen<\/strong><\/h3>\n\n\n\n<p>Versicherungsunternehmen, die f\u00fcr die Risikopr\u00fcfung und die Ausstellung von Versicherungspolicen zust\u00e4ndig sind.<\/p>\n\n\n\n<h3 class=\"wp-block-heading\" id=\"claims-administrators\"><strong>Schadensbearbeiter<\/strong><\/h3>\n\n\n\n<p>Organisationen, die f\u00fcr die Bearbeitung und Verwaltung von Schadensf\u00e4llen zust\u00e4ndig sind.<\/p>\n\n\n\n<h3 class=\"wp-block-heading\" id=\"insurance-partners-and-brokers\"><strong>Versicherungspartner und Makler<\/strong><\/h3>\n\n\n\n<p>Wo zus\u00e4tzliche Unterst\u00fctzung bei der Platzierung erforderlich ist.<\/p>\n\n\n\n<h3 class=\"wp-block-heading\" id=\"professional-advisers\"><strong>Professionelle Berater<\/strong><\/h3>\n\n\n\n<p>Einschlie\u00dflich Rechtsberater, Wirtschaftspr\u00fcfer und Compliance-Spezialisten.<\/p>\n\n\n\n<h3 class=\"wp-block-heading\" id=\"technology-and-service-providers\"><strong>Technologie- und Dienstleistungsanbieter<\/strong><\/h3>\n\n\n\n<p>Drittanbieter, die Hosting, CRM-Systeme oder Betriebssoftware bereitstellen.<\/p>\n\n\n\n<h3 class=\"wp-block-heading\" id=\"regulatory-authorities\"><strong>Regulierungsbeh\u00f6rden<\/strong><\/h3>\n\n\n\n<p>Sofern eine Offenlegung nach geltenden Gesetzen oder Vorschriften erforderlich ist.<\/p>\n\n\n\n<p>Wir geben nur Informationen weiter, die zur Erbringung von Dienstleistungen oder zur Erf\u00fcllung gesetzlicher Verpflichtungen erforderlich sind.<\/p>\n\n\n\n<hr class=\"wp-block-separator has-alpha-channel-opacity\"\/>\n\n\n\n<h3 class=\"wp-block-heading\" id=\"7-fraud-prevention\"><strong>7. Betrugspr\u00e4vention<\/strong><\/h3>\n\n\n\n<p>Versicherungsanbieter k\u00f6nnen personenbezogene Daten zur Aufdeckung und Verhinderung von Betrug verwenden.<\/p>\n\n\n\n<p>Dies kann die Weitergabe von Informationen an Betrugspr\u00e4ventionsagenturen, Versicherer oder zust\u00e4ndige Beh\u00f6rden beinhalten.<\/p>\n\n\n\n<p>Bei Verdacht auf Betrug k\u00f6nnen personenbezogene Daten erfasst und an die entsprechenden Organisationen weitergegeben werden.<\/p>\n\n\n\n<hr class=\"wp-block-separator has-alpha-channel-opacity\"\/>\n\n\n\n<h3 class=\"wp-block-heading\" id=\"8-sanctions-screening-and-compliance-checks\"><strong>8. Sanktionspr\u00fcfung und Compliance-\u00dcberpr\u00fcfung<\/strong><\/h3>\n\n\n\n<p>Versicherungsdienstleistungen k\u00f6nnen Compliance-Pr\u00fcfungen erfordern, um die Einhaltung internationaler Sanktionsgesetze und -vorschriften sicherzustellen.<\/p>\n\n\n\n<p>Personenbezogene Daten k\u00f6nnen verwendet werden, um einen Abgleich mit relevanten Sanktionslisten durchzuf\u00fchren, die von Beh\u00f6rden wie beispielsweise diesen gef\u00fchrt werden:<\/p>\n\n\n\n<ul class=\"wp-block-list\">\n<li>Die britische Regierung<\/li>\n\n\n\n<li>Die Vereinten Nationen<\/li>\n\n\n\n<li>Die Europ\u00e4ische Union<\/li>\n\n\n\n<li>Andere internationale Regulierungsbeh\u00f6rden<\/li>\n<\/ul>\n\n\n\n<p>Diese Pr\u00fcfungen tragen dazu bei, die Einhaltung der geltenden Vorschriften zur Bek\u00e4mpfung von Finanzkriminalit\u00e4t sicherzustellen.<\/p>\n\n\n\n<hr class=\"wp-block-separator has-alpha-channel-opacity\"\/>\n\n\n\n<h3 class=\"wp-block-heading\" id=\"9-anti-money-laundering-compliance\"><strong>9. Einhaltung der Geldw\u00e4schebestimmungen<\/strong><\/h3>\n\n\n\n<p>Soweit gesetzlich vorgeschrieben, k\u00f6nnen wir Identit\u00e4tspr\u00fcfungen oder Geldw\u00e4schekontrollen durchf\u00fchren.<\/p>\n\n\n\n<p>Dies kann die \u00dcberpr\u00fcfung von Informationen anhand vertrauensw\u00fcrdiger Datenquellen oder die Anforderung zus\u00e4tzlicher Unterlagen beinhalten.<\/p>\n\n\n\n<hr class=\"wp-block-separator has-alpha-channel-opacity\"\/>\n\n\n\n<h3 class=\"wp-block-heading\" id=\"10-international-data-transfers\"><strong>10. Internationale Daten\u00fcbermittlung<\/strong><\/h3>\n\n\n\n<p>\u00dcber unsere Dienstleistungen abgeschlossene Versicherungspolicen k\u00f6nnen Reisen oder T\u00e4tigkeiten in mehreren L\u00e4ndern beinhalten.<\/p>\n\n\n\n<p>Unter bestimmten Umst\u00e4nden k\u00f6nnen personenbezogene Daten au\u00dferhalb des Vereinigten K\u00f6nigreichs verarbeitet werden.<\/p>\n\n\n\n<p>In solchen F\u00e4llen stellen wir sicher, dass angemessene Schutzma\u00dfnahmen gem\u00e4\u00df dem britischen Datenschutzrecht getroffen werden.<\/p>\n\n\n\n<hr class=\"wp-block-separator has-alpha-channel-opacity\"\/>\n\n\n\n<h3 class=\"wp-block-heading\" id=\"11-data-retention\"><strong>11. Datenaufbewahrung<\/strong><\/h3>\n\n\n\n<p>Versicherungsvermittler unterliegen aufsichtsrechtlichen Aufzeichnungspflichten.<\/p>\n\n\n\n<p>Personenbezogene Daten werden typischerweise aufbewahrt f\u00fcr <strong>mindestens sechs Jahre<\/strong> nach Beendigung einer Gesch\u00e4ftsbeziehung oder eines Versicherungsvertrags.<\/p>\n\n\n\n<p>Unter bestimmten Umst\u00e4nden k\u00f6nnen Aufzeichnungen l\u00e4nger aufbewahrt werden, wenn dies zur Erf\u00fcllung gesetzlicher oder beh\u00f6rdlicher Verpflichtungen erforderlich ist.<\/p>\n\n\n\n<hr class=\"wp-block-separator has-alpha-channel-opacity\"\/>\n\n\n\n<h3 class=\"wp-block-heading\" id=\"12-data-security\"><strong>12. Datensicherheit<\/strong><\/h3>\n\n\n\n<p>Wir ergreifen geeignete technische und organisatorische Ma\u00dfnahmen zum Schutz personenbezogener Daten.<\/p>\n\n\n\n<p>Diese Ma\u00dfnahmen dienen der Pr\u00e4vention von:<\/p>\n\n\n\n<ul class=\"wp-block-list\">\n<li>Unbefugter Zugriff<\/li>\n\n\n\n<li>Verlust oder Zerst\u00f6rung<\/li>\n\n\n\n<li>Rechtswidrige Verarbeitung<\/li>\n<\/ul>\n\n\n\n<p>Der Zugriff auf personenbezogene Daten ist auf autorisiertes Personal und vertrauensw\u00fcrdige Dienstleister beschr\u00e4nkt.<\/p>\n\n\n\n<hr class=\"wp-block-separator has-alpha-channel-opacity\"\/>\n\n\n\n<h3 class=\"wp-block-heading\" id=\"13-your-data-protection-rights\"><strong>13. Ihre Datenschutzrechte<\/strong><\/h3>\n\n\n\n<p>Nach britischem Datenschutzrecht haben Sie folgende Rechte:<\/p>\n\n\n\n<ul class=\"wp-block-list\">\n<li>Sie k\u00f6nnen auf Ihre bei uns gespeicherten personenbezogenen Daten zugreifen<\/li>\n\n\n\n<li>Berichtigung unrichtiger Informationen beantragen<\/li>\n\n\n\n<li>Beantragen Sie gegebenenfalls die L\u00f6schung personenbezogener Daten.<\/li>\n\n\n\n<li>Einschr\u00e4nkung der Verarbeitung unter bestimmten Umst\u00e4nden<\/li>\n\n\n\n<li>Einspruch gegen bestimmte Arten der Verarbeitung<\/li>\n\n\n\n<li>Fordern Sie die \u00dcbertragung Ihrer personenbezogenen Daten an einen anderen Anbieter an.<\/li>\n<\/ul>\n\n\n\n<p>Anfragen k\u00f6nnen Sie durch Kontaktaufnahme mit uns stellen.<\/p>\n\n\n\n<hr class=\"wp-block-separator has-alpha-channel-opacity\"\/>\n\n\n\n<h3 class=\"wp-block-heading\" id=\"14-cookies-and-website-tracking\"><strong>14. Cookies und Website-Tracking<\/strong><\/h3>\n\n\n\n<p>Unsere Website verwendet Cookies und \u00e4hnliche Technologien, um die Funktionalit\u00e4t zu verbessern und zu verstehen, wie Besucher die Website nutzen.<\/p>\n\n\n\n<p>Ausf\u00fchrliche Informationen zu den verwendeten Cookies finden Sie in unserer Datenschutzerkl\u00e4rung. <strong>Cookie-Richtlinie<\/strong>.<\/p>\n\n\n\n<hr class=\"wp-block-separator has-alpha-channel-opacity\"\/>\n\n\n\n<h3 class=\"wp-block-heading\" id=\"15-third-party-websites\"><strong>15. Websites Dritter<\/strong><\/h3>\n\n\n\n<p>Unsere Website kann Links zu externen Websites enthalten.<\/p>\n\n\n\n<p>Wir sind nicht verantwortlich f\u00fcr die Datenschutzpraktiken oder den Inhalt von Websites Dritter.<\/p>\n\n\n\n<hr class=\"wp-block-separator has-alpha-channel-opacity\"\/>\n\n\n\n<h3 class=\"wp-block-heading\" id=\"16-complaints\"><strong>16. Beschwerden<\/strong><\/h3>\n\n\n\n<p>Wenn Sie Bedenken hinsichtlich der Verarbeitung Ihrer personenbezogenen Daten haben, kontaktieren Sie uns bitte, damit wir der Sache nachgehen k\u00f6nnen.<\/p>\n\n\n\n<p>Sie haben auch das Recht, eine Beschwerde bei der <strong>B\u00fcro des Informationsbeauftragten (ICO)<\/strong>.<\/p>\n\n\n\n<p>B\u00fcro des Informationsbeauftragten<\/p>\n\n\n\n<p><a href=\"https:\/\/ico.org.uk\" rel=\"nofollow noopener\" target=\"_blank\">https:\/\/ico.org.uk<\/a><\/p>\n\n\n\n<hr class=\"wp-block-separator has-alpha-channel-opacity\"\/>\n\n\n\n<h3 class=\"wp-block-heading\" id=\"17-changes-to-this-policy\"><strong>17. \u00c4nderungen dieser Richtlinie<\/strong><\/h3>\n\n\n\n<p>Wir k\u00f6nnen diese Datenschutzrichtlinie von Zeit zu Zeit aktualisieren.<\/p>\n\n\n\n<p>S\u00e4mtliche \u00c4nderungen werden auf dieser Seite zusammen mit dem aktualisierten Revisionsdatum ver\u00f6ffentlicht.<\/p>","protected":false},"excerpt":{"rendered":"<p>Privacy Policy insuranceforgroup.com Policy Updated: August 2024 Insurance for Group Ltd is committed to protecting your personal data and handling it responsibly in accordance with the UK General Data Protection Regulation (UK GDPR) and the Data Protection Act 2018. This Privacy Policy explains how we collect, use and protect personal data when you use insuranceforgroup.com [&hellip;]<\/p>\n","protected":false},"author":4,"featured_media":0,"parent":0,"menu_order":0,"comment_status":"closed","ping_status":"open","template":"","meta":{"_gspb_post_css":"","footnotes":""},"class_list":["post-588","page","type-page","status-publish","hentry"],"blocksy_meta":[],"_links":{"self":[{"href":"https:\/\/insuranceforgroup.com\/de\/wp-json\/wp\/v2\/pages\/588","targetHints":{"allow":["GET"]}}],"collection":[{"href":"https:\/\/insuranceforgroup.com\/de\/wp-json\/wp\/v2\/pages"}],"about":[{"href":"https:\/\/insuranceforgroup.com\/de\/wp-json\/wp\/v2\/types\/page"}],"author":[{"embeddable":true,"href":"https:\/\/insuranceforgroup.com\/de\/wp-json\/wp\/v2\/users\/4"}],"replies":[{"embeddable":true,"href":"https:\/\/insuranceforgroup.com\/de\/wp-json\/wp\/v2\/comments?post=588"}],"version-history":[{"count":0,"href":"https:\/\/insuranceforgroup.com\/de\/wp-json\/wp\/v2\/pages\/588\/revisions"}],"wp:attachment":[{"href":"https:\/\/insuranceforgroup.com\/de\/wp-json\/wp\/v2\/media?parent=588"}],"curies":[{"name":"wp","href":"https:\/\/api.w.org\/{rel}","templated":true}]}}