{"id":778,"date":"2023-12-18T09:52:53","date_gmt":"2023-12-18T09:52:53","guid":{"rendered":"https:\/\/demo.creativethemes.com\/blocksy\/smart-home\/?page_id=11"},"modified":"2025-07-23T12:12:16","modified_gmt":"2025-07-23T11:12:16","slug":"um","status":"publish","type":"page","link":"https:\/\/insuranceforgroup.com\/de\/about\/","title":{"rendered":"\u00dcber"},"content":{"rendered":"<div class=\"wp-block-greenshift-blocks-row alignfull gspb_row gspb_row-id-gsbp-7c285ba\" id=\"gspb_row-id-gsbp-7c285ba\"><div class=\"gspb_backgroundOverlay\"><\/div><div class=\"gspb_container__videoContainer\"><div class=\"gspb_videowrapper\"><video id=\"background-video-gsbp-7c285ba\" playsinline muted loop autoplay><source src=\"https:\/\/insuranceforgroup.com\/wp-content\/uploads\/2024\/04\/crowd-video.mp4\" type=\"video\/mp4\"\/><\/video><\/div><\/div><div class=\"gspb_row__content\">  <\/div><\/div>\n\n\n\n<div class=\"wp-block-greenshift-blocks-row gspb_row gspb_row-id-gsbp-5f98f8a6-d691 gspb_row--gutter-custom-0\" id=\"gspb_row-id-gsbp-5f98f8a6-d691\"><div class=\"gspb_row__content\"> \n<div class=\"wp-block-greenshift-blocks-row-column gspb_row__col--6 gspb_row__col--md-12 gspb_col-id-gsbp-5c070549-8594\" id=\"gspb_col-id-gsbp-5c070549-8594\">\n<h1 id=\"gspb_heading-id-gsbp-0d6e390f-b913\" class=\"gspb_heading gspb_heading-id-gsbp-0d6e390f-b913\">Personen- und Gruppenunfall <strong>Versicherungsschutz <\/strong>\u2013 f\u00fcr gef\u00e4hrliche Orte <\/h1>\n\n\n\n<div id=\"gspb_text-id-gsbp-c87d14de-f048\" class=\"gspb_text gspb_text-id-gsbp-c87d14de-f048\">Wir bieten spezielle Versicherungen f\u00fcr Menschen an, die in risikoreichen Berufen oder an risikoreichen Arbeitspl\u00e4tzen arbeiten \u2013 auch f\u00fcr solche, die von anderen Versicherern ausgeschlossen sind. Unsere Policen sind auf die tats\u00e4chlichen Risiken unserer Kunden zugeschnitten und bieten praktischen Schutz dort, wo er am dringendsten ben\u00f6tigt wird.<br><br>Beginnend mit &#039;<strong>Versicherung f\u00fcr Journalisten<\/strong>\u201e \u2014 wir erkannten schnell den Bedarf an umfassender Versicherung in anderen Hochrisikobereichen \u2014 <a href=\"http:\/\/insuranceforngos.com\" target=\"_blank\" rel=\"noreferrer noopener nofollow\">Versicherung f\u00fcr Hilfskr\u00e4fte<\/a>, <a href=\"http:\/\/insuranceformedics.com\" rel=\"nofollow noopener\" target=\"_blank\">Medizin<\/a>, <a href=\"http:\/\/insuranceforngos.com\" rel=\"nofollow noopener\" target=\"_blank\">NGOs<\/a> und die breitere <a href=\"http:\/\/insuranceforthemedia.com\" rel=\"nofollow noopener\" target=\"_blank\">Medien<\/a> \u2013 sowie die Forderung an Organisationen und Auftragnehmer, im Rahmen ihrer F\u00fcrsorgepflicht eine Vertretung f\u00fcr ihre lokalen Teams organisieren zu k\u00f6nnen.<br><br>Jeden Monat <strong>Versicherung f\u00fcr Gruppen<\/strong> versichert ein breites Spektrum an Einzelpersonen und Organisationen, die an einigen der anspruchsvollsten Standorte der Welt lebenswichtige Arbeiten verrichten \u2013 und bietet \u00fcber alle Policen hinweg Versicherungsschutz in H\u00f6he von \u00fcber $140 Millionen US-Dollar.<br><br>Wir wissen, mit welchen Herausforderungen unsere Kunden im Rahmen ihrer Arbeit in Hochrisikogebieten bereits konfrontiert sind \u2013 und wie wichtig es ist, einen Versicherungspartner zu haben, auf den sie sich im schlimmsten Fall verlassen k\u00f6nnen.<br><br>Aus diesem Grund legen wir Wert darauf, dass unser Versicherungsschutz umfassend, unsere Pr\u00e4mien erschwinglich und unsere Ausschl\u00fcsse auf ein Minimum beschr\u00e4nkt bleiben.<\/div>\n\n\n\n<h2 id=\"gspb_heading-id-gsbp-2c897f9\" class=\"gspb_heading gspb_heading-id-gsbp-2c897f9\">Wir sind f\u00fcr Sie da \u2013 immer und \u00fcberall.<\/h2>\n<\/div>\n\n\n\n<div class=\"wp-block-greenshift-blocks-row-column gspb_row__col--6 gspb_row__col--md-12 gspb_col-id-gsbp-4dfe7309-7257\" id=\"gspb_col-id-gsbp-4dfe7309-7257\">\n<div class=\"wp-block-greenshift-blocks-image gspb_image gspb_image-id-gsbp-9ff1b324-3372\" id=\"gspb_image-id-gsbp-9ff1b324-3372\"><img decoding=\"async\" src=\"https:\/\/insuranceforgroup.com\/wp-content\/uploads\/2024\/03\/insurance-for-aid-workers6-1024x683-1.webp\" data-src=\"\" alt=\"\" loading=\"lazy\" width=\"1024\" height=\"683\" title=\"\"><\/div>\n\n\n\n<div id=\"gspb_text-id-gsbp-62e0300b-466e\" class=\"gspb_text gspb_text-id-gsbp-62e0300b-466e\">Unsere ma\u00dfgeschneiderten Policen k\u00f6nnen Folgendes umfassen:<\/div>\n\n\n\n<div class=\"gspb_heading_sep_gsbp-ebf2ab9\"><div class=\"gspb_heading_sep gspb_heading_sep_before\"><div class=\"gs-numhead__circle\"><span>1<\/span><\/div><\/div><h4 id=\"gspb_heading-id-gsbp-ebf2ab9\" class=\"gspb_heading gspb_heading-id-gsbp-ebf2ab9\">Unfalltod und Invalidit\u00e4t<span class=\"gspb_heading_subtitle\"><\/span><\/h4><\/div>\n\n\n\n<div class=\"gspb_heading_sep_gsbp-56eda03\"><div class=\"gspb_heading_sep gspb_heading_sep_before\"><div class=\"gs-numhead__circle\"><span>2<\/span><\/div><\/div><h4 id=\"gspb_heading-id-gsbp-56eda03\" class=\"gspb_heading gspb_heading-id-gsbp-56eda03\">Heilungskosten bei Krankheit und Unfall<span class=\"gspb_heading_subtitle\"><\/span><\/h4><\/div>\n\n\n\n<div class=\"gspb_heading_sep_gsbp-cf6232b\"><div class=\"gspb_heading_sep gspb_heading_sep_before\"><div class=\"gs-numhead__circle\"><span>3<\/span><\/div><\/div><h4 id=\"gspb_heading-id-gsbp-cf6232b\" class=\"gspb_heading gspb_heading-id-gsbp-cf6232b\">Medizinische Evakuierung und R\u00fcckf\u00fchrung<span class=\"gspb_heading_subtitle\"><\/span><\/h4><\/div>\n\n\n\n<div class=\"gspb_heading_sep_gsbp-71b00e9\"><div class=\"gspb_heading_sep gspb_heading_sep_before\"><div class=\"gs-numhead__circle\"><span>4<\/span><\/div><\/div><h4 id=\"gspb_heading-id-gsbp-71b00e9\" class=\"gspb_heading gspb_heading-id-gsbp-71b00e9\">Weiterf\u00fchrende Pflege und Behandlung zu Hause<span class=\"gspb_heading_subtitle\"><\/span><\/h4><\/div>\n\n\n\n<div class=\"gspb_heading_sep_gsbp-bf5695a\"><div class=\"gspb_heading_sep gspb_heading_sep_before\"><div class=\"gs-numhead__circle\"><span>5<\/span><\/div><\/div><div><h4 id=\"gspb_heading-id-gsbp-bf5695a\" class=\"gspb_heading gspb_heading-id-gsbp-bf5695a\">Zu den Richtlinien k\u00f6nnen Kriege (erkl\u00e4rt oder nicht), Aufst\u00e4nde, zivile Unruhen und Terrorismus geh\u00f6ren*<\/h4><span class=\"gspb_heading_subtitle\" id=\"gspb_subheading-id-gsbp-bf5695a\">*Siehe Gesch\u00e4ftsbedingungen oder kontaktieren Sie uns f\u00fcr Einzelheiten<\/span><\/div><\/div>\n<\/div>\n <\/div><\/div>","protected":false},"excerpt":{"rendered":"","protected":false},"author":4,"featured_media":0,"parent":0,"menu_order":0,"comment_status":"closed","ping_status":"closed","template":"","meta":{"_gspb_post_css":"#gspb_row-id-gsbp-5f98f8a6-d691{justify-content:space-between;display:flex;flex-wrap:wrap;margin-top:-80px;margin-bottom:0}#gspb_row-id-gsbp-5f98f8a6-d691>.gspb_row__content{display:flex;justify-content:space-between;margin:0 auto;width:100%;flex-wrap:wrap;row-gap:50px}div[id^=gspb_col-id]{box-sizing:border-box;position:relative;padding:var(--gs-row-column-padding, 15px min(3vw, 20px))}@media (max-width:991.98px){#gspb_row-id-gsbp-5f98f8a6-d691{margin-top:0;margin-bottom:80px}}#gspb_col-id-gsbp-5c070549-8594.gspb_row__col--6{width:calc(50% - 30px)}@media (max-width:991.98px){#gspb_col-id-gsbp-5c070549-8594.gspb_row__col--6{width:100%}}@media (max-width:767.98px){#gspb_col-id-gsbp-5c070549-8594.gspb_row__col--6{width:calc(100% - 0px)}}@media (max-width:575.98px){#gspb_col-id-gsbp-5c070549-8594.gspb_row__col--6{width:100%}}.gspb_row #gspb_col-id-gsbp-5c070549-8594.gspb_row__col--6{padding:43px 0 0}@media (max-width:991.98px){.gspb_row #gspb_col-id-gsbp-5c070549-8594.gspb_row__col--6{padding-top:0}}#gspb_heading-id-gsbp-0d6e390f-b913{font-family:Barlow,sans-serif;font-size:40px}@media (max-width:575.98px){#gspb_heading-id-gsbp-0d6e390f-b913{line-height:1em;text-align:left!important}#gspb_heading-id-gsbp-0d6e390f-b913 .gsap-g-line{text-align:left!important}}#gspb_heading-id-gsbp-0d6e390f-b913,#gspb_heading-id-gsbp-0d6e390f-b913 a{text-decoration:none}#gspb_heading-id-gsbp-0d6e390f-b913{font-weight:400!important;margin-top:72px;margin-bottom:10px}@media (max-width:991.98px){#gspb_heading-id-gsbp-0d6e390f-b913{margin-top:0}}@media (max-width:575.98px){#gspb_heading-id-gsbp-0d6e390f-b913{margin-top:0}}#gspb_heading-id-gsbp-2c897f9,.gspb_text-id-gsbp-c87d14de-f048{font-family:Barlow,sans-serif}@media (max-width:575.98px){.gspb_text-id-gsbp-c87d14de-f048,.gspb_text-id-gsbp-c87d14de-f048 .gsap-g-line{text-align:left!important}}.gspb_text-id-gsbp-c87d14de-f048{font-weight:700!important;margin-top:16px!important;margin-bottom:12px!important}#gspb_heading-id-gsbp-2c897f9{font-size:35px}@media (max-width:575.98px){#gspb_heading-id-gsbp-2c897f9{line-height:1em}}#gspb_heading-id-gsbp-2c897f9,#gspb_heading-id-gsbp-2c897f9 .gsap-g-line{text-align:left!important}#gspb_heading-id-gsbp-2c897f9{font-weight:400!important}#gspb_col-id-gsbp-4dfe7309-7257.gspb_row__col--6{width:calc(50% - 30px)}@media (max-width:991.98px){#gspb_col-id-gsbp-4dfe7309-7257.gspb_row__col--6{width:100%}}@media (max-width:767.98px){#gspb_col-id-gsbp-4dfe7309-7257.gspb_row__col--6{width:calc(100% - 0px)}}@media (max-width:575.98px){#gspb_col-id-gsbp-4dfe7309-7257.gspb_row__col--6{width:100%}}.gspb_row #gspb_col-id-gsbp-4dfe7309-7257.gspb_row__col--6{padding:0}@media (max-width:991.98px){#gspb_image-id-gsbp-9ff1b324-3372 img{object-fit:cover}}#gspb_image-id-gsbp-9ff1b324-3372 img{object-position:50% 40%}@media (max-width:991.98px){#gspb_image-id-gsbp-9ff1b324-3372 img{object-position:50% 35%}}#gspb_image-id-gsbp-9ff1b324-3372 img{vertical-align:top;display:inline-block;box-sizing:border-box;max-width:100%;height:auto;box-shadow:0 5px 20px 0 rgba(0,0,0,.03);border-top-left-radius:15px;border-top-right-radius:15px;border-bottom-right-radius:15px;border-bottom-left-radius:15px}#gspb_image-id-gsbp-9ff1b324-3372 img:hover{box-shadow:0 15px 25px 0 rgba(0,0,0,.1)}#gspb_image-id-gsbp-9ff1b324-3372{margin-bottom:51px}@media (max-width:991.98px){#gspb_image-id-gsbp-9ff1b324-3372 img{width:100%;height:400px}#gspb_image-id-gsbp-9ff1b324-3372{height:400px}}.gspb_text-id-gsbp-62e0300b-466e{font-family:Barlow,sans-serif;font-size:27px;text-align:left!important}.gspb_text-id-gsbp-62e0300b-466e .gsap-g-line{text-align:left!important}@media (max-width:575.98px){.gspb_text-id-gsbp-62e0300b-466e,.gspb_text-id-gsbp-62e0300b-466e .gsap-g-line{text-align:left!important}}.gspb_text-id-gsbp-62e0300b-466e,.gspb_text-id-gsbp-62e0300b-466e a{text-decoration:none}.gspb_text-id-gsbp-62e0300b-466e{font-weight:400!important;margin-top:0!important;margin-bottom:24px!important}#gspb_row-id-gsbp-7c285ba{justify-content:space-between;margin-top:0;display:flex;flex-wrap:wrap;margin-bottom:0;padding-top:250px;padding-bottom:180px}#gspb_row-id-gsbp-7c285ba>.gspb_row__content{display:flex;justify-content:space-between;margin:0 auto;width:100%;flex-wrap:wrap}.gspb_row{position:relative}body.gspb-bodyfront #gspb_row-id-gsbp-5f98f8a6-d691>.gspb_row__content,body.gspb-bodyfront #gspb_row-id-gsbp-7c285ba>.gspb_row__content{width:var(--theme-container-width, 1200px);max-width:var(--theme-normal-container-max-width, 1200px)}@media (max-width:991.98px){#gspb_row-id-gsbp-7c285ba{margin-bottom:60px;padding-top:150px;padding-bottom:100px}}#gspb_row-id-gsbp-7c285ba{background-size:cover;background-repeat:no-repeat;background-position:44% 61%;background-image:url(https:\/\/insuranceforgroup.com\/wp-content\/uploads\/2024\/04\/crowd-video.mp4);isolation:isolate}#gspb_row-id-gsbp-7c285ba:hover{background-size:cover}#gspb_row-id-gsbp-7c285ba>.gspb_backgroundOverlay{position:absolute;top:0;left:0;width:100%;height:100%;z-index:-1;opacity:.3;background-color:#000}#gspb_row-id-gsbp-7c285ba .gspb_container__videoContainer{height:100%;width:100%;top:0;left:0;position:absolute;overflow:hidden;z-index:-50}#gspb_row-id-gsbp-7c285ba .gspb_container__videoContainer img{display:block;z-index:20;cursor:pointer}#gspb_row-id-gsbp-7c285ba .gspb_container__videoContainer img,#gspb_row-id-gsbp-7c285ba .gspb_videowrapper iframe,#gspb_row-id-gsbp-7c285ba .gspb_videowrapper video{left:0;top:0;height:100%;width:100%;position:absolute;object-fit:cover}#gspb_heading-id-gsbp-ebf2ab9{font-family:Barlow,sans-serif;font-size:20px;margin-top:0;margin-bottom:0}.gspb_heading_sep_gsbp-56eda03,.gspb_heading_sep_gsbp-71b00e9,.gspb_heading_sep_gsbp-bf5695a,.gspb_heading_sep_gsbp-cf6232b,.gspb_heading_sep_gsbp-ebf2ab9{display:flex;align-items:flex-start}.gspb_heading_sep_gsbp-ebf2ab9>.gspb_heading_sep{width:25px}.gspb_heading_sep_gsbp-ebf2ab9 .gs-numhead__circle{border:2px solid #2184f9;border-radius:50%;box-sizing:content-box;display:inline-block;font-weight:700;text-align:center;overflow:hidden;color:#2184f9;width:calc(25px - 4px);min-width:calc(25px - 4px);height:calc(25px - 4px);line-height:calc(25px - 4px);font-size:15px}.gspb_heading_sep_gsbp-ebf2ab9 .gspb_heading_sep_before{margin-right:17px}#gspb_heading-id-gsbp-ebf2ab9 .gspb_heading_subtitle,#gspb_subheading-id-gsbp-ebf2ab9{display:block;font-size:17px;line-height:22px;font-family:Barlow,sans-serif;font-weight:400!important;margin-top:2px}#gspb_heading-id-gsbp-56eda03{font-family:Barlow,sans-serif;font-size:20px;margin-top:0;margin-bottom:0}.gspb_heading_sep_gsbp-56eda03>.gspb_heading_sep{width:25px}.gspb_heading_sep_gsbp-56eda03 .gs-numhead__circle{border:2px solid #2184f9;border-radius:50%;box-sizing:content-box;display:inline-block;font-weight:700;text-align:center;overflow:hidden;color:#2184f9;width:calc(25px - 4px);min-width:calc(25px - 4px);height:calc(25px - 4px);line-height:calc(25px - 4px);font-size:15px}.gspb_heading_sep_gsbp-56eda03 .gspb_heading_sep_before{margin-right:17px}#gspb_heading-id-gsbp-56eda03 .gspb_heading_subtitle,#gspb_subheading-id-gsbp-56eda03{display:block;font-size:17px;line-height:22px;font-weight:400!important;margin-top:2px}#gspb_heading-id-gsbp-cf6232b{font-family:Barlow,sans-serif;font-size:20px;margin-top:0;margin-bottom:0}.gspb_heading_sep_gsbp-cf6232b>.gspb_heading_sep{width:25px}.gspb_heading_sep_gsbp-cf6232b .gs-numhead__circle{border:2px solid #2184f9;border-radius:50%;box-sizing:content-box;display:inline-block;font-weight:700;text-align:center;overflow:hidden;color:#2184f9;width:calc(25px - 4px);min-width:calc(25px - 4px);height:calc(25px - 4px);line-height:calc(25px - 4px);font-size:15px}.gspb_heading_sep_gsbp-cf6232b .gspb_heading_sep_before{margin-right:17px}#gspb_heading-id-gsbp-cf6232b .gspb_heading_subtitle,#gspb_subheading-id-gsbp-cf6232b{display:block;font-size:17px;line-height:22px;font-weight:400!important;margin-top:2px}#gspb_heading-id-gsbp-71b00e9{font-family:Barlow,sans-serif;font-size:20px;margin-top:0;margin-bottom:0}.gspb_heading_sep_gsbp-71b00e9>.gspb_heading_sep{width:25px}.gspb_heading_sep_gsbp-71b00e9 .gs-numhead__circle{border:2px solid #2184f9;border-radius:50%;box-sizing:content-box;display:inline-block;font-weight:700;text-align:center;overflow:hidden;color:#2184f9;width:calc(25px - 4px);min-width:calc(25px - 4px);height:calc(25px - 4px);line-height:calc(25px - 4px);font-size:15px}.gspb_heading_sep_gsbp-71b00e9 .gspb_heading_sep_before{margin-right:17px}#gspb_heading-id-gsbp-71b00e9 .gspb_heading_subtitle,#gspb_subheading-id-gsbp-71b00e9{display:block;font-size:17px;line-height:22px;font-weight:400!important;margin-top:2px}#gspb_heading-id-gsbp-bf5695a{font-family:Barlow,sans-serif;font-size:20px;margin-top:0;margin-bottom:0}.gspb_heading_sep_gsbp-bf5695a>.gspb_heading_sep{width:25px}.gspb_heading_sep_gsbp-bf5695a .gs-numhead__circle{border:2px solid #2184f9;border-radius:50%;box-sizing:content-box;display:inline-block;font-weight:700;text-align:center;overflow:hidden;color:#2184f9;width:calc(25px - 4px);min-width:calc(25px - 4px);height:calc(25px - 4px);line-height:calc(25px - 4px);font-size:15px}.gspb_heading_sep_gsbp-bf5695a .gspb_heading_sep_before{margin-right:17px}#gspb_heading-id-gsbp-bf5695a .gspb_heading_subtitle,#gspb_subheading-id-gsbp-bf5695a{display:block;line-height:22px;font-family:Barlow,sans-serif;font-size:15px}#gspb_heading-id-gsbp-bf5695a .gspb_heading_subtitle,#gspb_subheading-id-gsbp-bf5695a,#gspb_subheading-id-gsbp-bf5695a a{text-decoration:none}#gspb_heading-id-gsbp-bf5695a .gspb_heading_subtitle,#gspb_subheading-id-gsbp-bf5695a{font-weight:400!important;color:var(--wp--preset--color--palette-color-4, var(--theme-palette-color-4, #ffffff));margin-top:2px}","footnotes":""},"class_list":["post-778","page","type-page","status-publish","hentry"],"blocksy_meta":{"has_hero_section":"disabled","vertical_spacing_source":"custom","content_area_spacing":"none","styles_descriptor":{"styles":{"desktop":"","tablet":"","mobile":""},"google_fonts":[],"version":6}},"_links":{"self":[{"href":"https:\/\/insuranceforgroup.com\/de\/wp-json\/wp\/v2\/pages\/778","targetHints":{"allow":["GET"]}}],"collection":[{"href":"https:\/\/insuranceforgroup.com\/de\/wp-json\/wp\/v2\/pages"}],"about":[{"href":"https:\/\/insuranceforgroup.com\/de\/wp-json\/wp\/v2\/types\/page"}],"author":[{"embeddable":true,"href":"https:\/\/insuranceforgroup.com\/de\/wp-json\/wp\/v2\/users\/4"}],"replies":[{"embeddable":true,"href":"https:\/\/insuranceforgroup.com\/de\/wp-json\/wp\/v2\/comments?post=778"}],"version-history":[{"count":0,"href":"https:\/\/insuranceforgroup.com\/de\/wp-json\/wp\/v2\/pages\/778\/revisions"}],"wp:attachment":[{"href":"https:\/\/insuranceforgroup.com\/de\/wp-json\/wp\/v2\/media?parent=778"}],"curies":[{"name":"wp","href":"https:\/\/api.w.org\/{rel}","templated":true}]}}