{"id":942,"date":"2024-03-18T16:44:57","date_gmt":"2024-03-18T16:44:57","guid":{"rendered":"https:\/\/insuranceforgroup.com\/?page_id=942"},"modified":"2026-03-12T09:54:22","modified_gmt":"2026-03-12T09:54:22","slug":"schadensfalle-und-notfalle","status":"publish","type":"page","link":"https:\/\/insuranceforgroup.com\/de\/claims-and-emergencies\/","title":{"rendered":"Schadensf\u00e4lle und Notf\u00e4lle"},"content":{"rendered":"<div class=\"wp-block-greenshift-blocks-row alignfull gspb_row gspb_row-id-gsbp-62bdcfc3-7697\" id=\"gspb_row-id-gsbp-62bdcfc3-7697\"><div class=\"gspb_backgroundOverlay\"><\/div><div class=\"gspb_row__content\">  <\/div><\/div>\n\n\n\n<h1 id=\"gspb_heading-id-gsbp-ac91391\" class=\"gspb_heading gspb_heading-id-gsbp-ac91391\">Ein Ma\u00df an Unterst\u00fctzung, das Sie bei niemand anderem finden<\/h1>\n\n\n\n<div class=\"wp-block-greenshift-blocks-row gspb_row gspb_row-id-gsbp-a1d67496-f75f gspb_row--gutter-custom-0\" id=\"gspb_row-id-gsbp-a1d67496-f75f\"><div class=\"gspb_row__content\"> \n<div class=\"wp-block-greenshift-blocks-row-column gspb_row__col--6 gspb_col-id-gsbp-a7c760e2-ed6c\" id=\"gspb_col-id-gsbp-a7c760e2-ed6c\">\n<h2 id=\"gspb_heading-id-gsbp-ac235dff-7a94\" class=\"gspb_heading gspb_heading-id-gsbp-ac235dff-7a94\">Ben\u00f6tigen Sie dringend Hilfe?<\/h2>\n<\/div>\n\n\n\n<div class=\"wp-block-greenshift-blocks-row-column gspb_row__col--6 gspb_col-id-gsbp-be657eea-2d7b\" id=\"gspb_col-id-gsbp-be657eea-2d7b\">\n<div id=\"gspb_text-id-gsbp-3baa00ca-3523\" class=\"gspb_text gspb_text-id-gsbp-3baa00ca-3523\"><strong>Wenn Sie erkranken oder einen Unfall haben und Fragen zur medizinischen Behandlung haben, wenden Sie sich bitte so bald wie m\u00f6glich an das NGS-Team unter der unten angegebenen Nummer.<\/strong>le. <br><br>Unser Schadenteam bei NGS arbeitet h\u00e4ufig mit Kunden, die in verschiedenen Sprachen kommunizieren, und deckt die g\u00e4ngigsten Sprachen intern ab. Interne Sprachkenntnisse (je nachdem, welcher Mitarbeiter gerade im Dienst ist) <strong>Dazu geh\u00f6ren Franz\u00f6sisch, Deutsch, Spanisch, Portugiesisch und Russisch. <\/strong> Vereinbarungen mit mehreren \u00dcbersetzungsdiensten erm\u00f6glichen es unserem Schadenteam, bei jedem Telefongespr\u00e4ch innerhalb von Sekunden eine Verbindung mit einem Dolmetscher herzustellen, sodass rund um die Uhr <strong>Zugriff auf \u00fcber 130 Sprachen<\/strong>, und dieser Prozess wird von unserem Team t\u00e4glich mit gro\u00dfem Erfolg eingesetzt.<br><br><strong>Senden Sie keine E-Mail, wenn es dringend ist.<\/strong>  Ihre E-Mail-Adresse kann zum sicheren Senden von Belegen oder Ausweisen verwendet werden \u2013 nachdem Sie mit dem Team gesprochen haben.<br><br>Wenn Ihr Anspruch nicht dringend ist, senden Sie bitte eine E-Mail an: <a href=\"mailto:claims@insuranceforgroup.com\">claims@insuranceforgroup.com<\/a> oder benachrichtigen Sie uns per <a href=\"https:\/\/form.jotform.com\/form\/231982970969375\" rel=\"nofollow noopener\" target=\"_blank\">dieses Formular<\/a><\/div>\n<\/div>\n <\/div><\/div>\n\n\n\n<div class=\"wp-block-greenshift-blocks-container gspb_container gspb_container-gsbp-07113b6\" id=\"gspb_container-id-gsbp-07113b6\">\n<div class=\"wp-block-greenshift-blocks-container gspb_container gspb_container-gsbp-6101e0f\" id=\"gspb_container-id-gsbp-6101e0f\">\n<div class=\"wp-block-greenshift-blocks-infobox gspb_infoBox gspb_infoBox-id-gsbp-520a08d\" id=\"gspb_infoBox-id-gsbp-520a08d\"><div class=\"gs-box red_type\"><div class=\"gs-box-icon\"><img decoding=\"async\" src=\"https:\/\/insuranceforgroup.com\/wp-content\/uploads\/2024\/08\/NGS_200px-Logo.png\" alt=\"\" title=\"\"><\/div><div class=\"gs-box-text\">\n<div style=\"height:13px\" aria-hidden=\"true\" class=\"wp-block-spacer\"><\/div>\n\n\n\n<h2 class=\"wp-block-heading has-vivid-red-color has-text-color has-link-color wp-elements-217500256ce1b5092058e1c9e9a8e081\" id=\"medical-emergencies-and-assistance\" style=\"padding-right:var(--wp--preset--spacing--70);padding-left:var(--wp--preset--spacing--70);font-size:clamp(17.905px, 1.119rem + ((1vw - 3.2px) * 0.789), 28px);font-style:normal;font-weight:600\">NGS Medizinische Notf\u00e4lle und Hilfe:<\/h2>\n\n\n\n<p class=\"has-vivid-red-color has-text-color has-link-color has-medium-font-size wp-elements-8428a9234ad427886cfd325c707c3092\" style=\"padding-top:0;padding-right:var(--wp--preset--spacing--70);padding-bottom:0;padding-left:var(--wp--preset--spacing--70)\"><strong>Telefon:&nbsp;<\/strong><a href=\"tel:+442079027131\">+44 (0)207 902 7131<\/a><br><strong>E-Mail:&nbsp;<\/strong><a href=\"mailto:ops@northcottglobalsolutions.com\">ops@northcottglobalsolutions.com<\/a><br><strong>Mobiles Backup:<\/strong> +44(0) 7785627433<\/p>\n<\/div><\/div><\/div>\n<\/div>\n\n\n\n<div class=\"wp-block-greenshift-blocks-container gspb_container gspb_container-gsbp-deefed3\" id=\"gspb_container-id-gsbp-deefed3\">\n<div class=\"wp-block-greenshift-blocks-infobox gspb_infoBox gspb_infoBox-id-gsbp-f009a68\" id=\"gspb_infoBox-id-gsbp-f009a68\"><div class=\"gs-box red_type\"><div class=\"gs-box-icon\"><img decoding=\"async\" src=\"https:\/\/insuranceforgroup.com\/wp-content\/uploads\/2025\/01\/Logotype-07-Group.svg\" alt=\"\" title=\"\"><\/div><div class=\"gs-box-text\">\n<div style=\"height:12px\" aria-hidden=\"true\" class=\"wp-block-spacer\"><\/div>\n\n\n\n<h2 class=\"wp-block-heading has-vivid-red-color has-text-color has-link-color wp-elements-3b578e682456933a1c9a7bcce20b0465\" id=\"medical-emergencies-and-assistance\" style=\"padding-right:var(--wp--preset--spacing--70);padding-left:var(--wp--preset--spacing--70);font-size:clamp(17.905px, 1.119rem + ((1vw - 3.2px) * 0.789), 28px);font-style:normal;font-weight:600\">Nicht dringende Anspr\u00fcche<\/h2>\n\n\n\n<p class=\"has-vivid-red-color has-text-color has-link-color has-medium-font-size wp-elements-5c00deae3aaa6afd41df9934871fdebb\" style=\"padding-right:var(--wp--preset--spacing--70);padding-left:var(--wp--preset--spacing--70)\">So stellen Sie einen Anspruch, der nicht dringend ist <br>Bitte verwenden Sie<strong> <a href=\"https:\/\/form.jotform.com\/form\/231982970969375\" rel=\"nofollow noopener\" target=\"_blank\">dieses Formular <\/a><\/strong><\/p>\n<\/div><\/div><\/div>\n<\/div>\n<\/div>\n\n\n\n<div class=\"wp-block-greenshift-blocks-row gspb_row gspb_row-id-gsbp-5f98f8a6-d691 gspb_row--gutter-custom-0\" id=\"gspb_row-id-gsbp-5f98f8a6-d691\"><div class=\"gspb_row__content\"> \n<div class=\"wp-block-greenshift-blocks-row-column gspb_row__col--6 gspb_row__col--md-12 gspb_col-id-gsbp-4dfe7309-7257\" id=\"gspb_col-id-gsbp-4dfe7309-7257\">\n<div class=\"wp-block-greenshift-blocks-image gspb_image gspb_image-id-gsbp-9ff1b324-3372\" id=\"gspb_image-id-gsbp-9ff1b324-3372\"><img decoding=\"async\" src=\"https:\/\/insuranceforgroup.com\/wp-content\/uploads\/2023\/12\/services-page-steps-section-image.webp\" data-src=\"\" alt=\"\" loading=\"lazy\" width=\"975\" height=\"900\" title=\"\"><\/div>\n<\/div>\n\n\n\n<div class=\"wp-block-greenshift-blocks-row-column gspb_row__col--6 gspb_row__col--md-12 gspb_col-id-gsbp-5c070549-8594\" id=\"gspb_col-id-gsbp-5c070549-8594\">\n<h2 id=\"gspb_heading-id-gsbp-4065689\" class=\"gspb_heading gspb_heading-id-gsbp-4065689\">Wie man einen Antrag stellt<\/h2>\n\n\n\n<div id=\"gspb_heading-id-gsbp-cd7cbfd1-0627\" class=\"gspb_heading gspb_heading-id-gsbp-cd7cbfd1-0627\">Sollten Sie eine medizinische Behandlung ben\u00f6tigen, organisiert Northcott Global Solutions Ltd (NGS) diese f\u00fcr Sie. Sie stellen auch eine Zahlungsgarantie aus, sodass Sie f\u00fcr keine Behandlung bezahlen m\u00fcssen. Vorbehaltlich der Bedingungen Ihres Vertrags k\u00fcmmert sich NGS um alles, von ambulanten Terminen bis hin zu Evakuierungen.*<br><br>NGS muss dar\u00fcber informiert werden, dass dieser Vertrag die betreffende Person abdeckt, und es m\u00fcssen die folgenden Angaben gemacht werden:<br><br>\u2022 Name der versicherten Person<br>\u2022 Der Standort der versicherten Person<br>\u2022 Die Daten der versicherten Person (einschlie\u00dflich Reisepass\/Visum usw.).<br>\u2022 Die Versicherungsnummer<br>\u2022 Name des Versicherungsnehmers (sofern dieser vom Namen der versicherten Person abweicht)<br>\u2022 Name und Telefonnummer des Arztes und Krankenhauses, das die versicherte Person behandelt (falls zutreffend)<br>\u2022 Alle zus\u00e4tzlichen Personen (au\u00dferhalb des normalen Protokolls), die w\u00e4hrend des gesamten Falles auf dem Laufenden gehalten werden sollten<br>\u2022 Art des Vorfalls<br>\u2022 Der gew\u00fcnschte Endzustand (was NGS tun soll)<br>\u2022 Alle anderen relevanten Informationen zum Vorfall, die die Reaktion von NGS beeinflussen k\u00f6nnten (Sicherheitslage usw.)<\/div>\n<\/div>\n <\/div><\/div>\n\n\n\n<div id=\"gspb_text-id-gsbp-baec12ad-98b6\" class=\"gspb_text gspb_text-id-gsbp-baec12ad-98b6\">Wichtige Informationen<\/div>\n\n\n\n<div id=\"gspb_text-id-gsbp-9c220bd\" class=\"gspb_text gspb_text-id-gsbp-9c220bd\">Wenn Sie Northcott Global Solutions Ltd (NGS) nicht kontaktieren und keine Genehmigung einholen, kann dies die Schadensh\u00f6he beeintr\u00e4chtigen und dazu f\u00fchren, dass einige oder alle anfallenden Kosten nicht bezahlt werden. F\u00fcr den Fall, dass die Haftung nicht von Anfang an festgestellt werden kann, wird vereinbart, dass der zuerst genannte Versicherte die Zahlung garantiert, bis die Haftung von den Versicherern akzeptiert werden kann.<\/div>","protected":false},"excerpt":{"rendered":"","protected":false},"author":4,"featured_media":0,"parent":0,"menu_order":0,"comment_status":"closed","ping_status":"closed","template":"","meta":{"_gspb_post_css":"#gspb_row-id-gsbp-62bdcfc3-7697{justify-content:space-between;margin-top:0;display:flex;flex-wrap:wrap;margin-bottom:0;padding-top:250px;padding-bottom:180px}#gspb_row-id-gsbp-62bdcfc3-7697>.gspb_row__content{display:flex;justify-content:space-between;margin:0 auto;width:100%;flex-wrap:wrap}div[id^=gspb_col-id]{box-sizing:border-box;position:relative;padding:var(--gs-row-column-padding, 15px min(3vw, 20px))}@media (max-width:991.98px){#gspb_row-id-gsbp-62bdcfc3-7697{margin-bottom:60px;padding-top:150px;padding-bottom:100px}}#gspb_row-id-gsbp-62bdcfc3-7697{background-size:cover;background-repeat:no-repeat;background-position:31% 86%;background-image:url(https:\/\/insuranceforgroup.com\/wp-content\/uploads\/2024\/03\/Office.webp);isolation:isolate}#gspb_row-id-gsbp-62bdcfc3-7697:hover{background-size:cover}#gspb_row-id-gsbp-62bdcfc3-7697>.gspb_backgroundOverlay{position:absolute;top:0;left:0;width:100%;height:100%;z-index:-1;opacity:.3;background-color:#000}#gspb_heading-id-gsbp-ac91391{font-family:Barlow,sans-serif;font-size:45px}@media (max-width:991.98px){#gspb_heading-id-gsbp-ac91391{line-height:1.2em}}#gspb_heading-id-gsbp-ac91391,#gspb_heading-id-gsbp-ac91391 a{text-decoration:none}#gspb_heading-id-gsbp-ac91391{font-weight:400!important}@media (max-width:991.98px){#gspb_heading-id-gsbp-ac91391{font-weight:400!important}}@media (max-width:767.98px){#gspb_heading-id-gsbp-ac91391{font-weight:400!important}}@media (max-width:575.98px){#gspb_heading-id-gsbp-ac91391{font-weight:400!important}}#gspb_heading-id-gsbp-ac91391{margin-top:26px}@media (max-width:991.98px){#gspb_heading-id-gsbp-ac91391{padding-right:20px;padding-left:20px}}#gspb_row-id-gsbp-a1d67496-f75f{justify-content:space-between;display:flex;flex-wrap:wrap;align-content:flex-start;margin-top:26px;margin-bottom:64px}#gspb_row-id-gsbp-a1d67496-f75f>.gspb_row__content{display:flex;justify-content:space-between;margin:0 auto;width:100%;flex-wrap:wrap;row-gap:15px;align-items:flex-start}body.gspb-bodyfront #gspb_row-id-gsbp-62bdcfc3-7697>.gspb_row__content,body.gspb-bodyfront #gspb_row-id-gsbp-a1d67496-f75f>.gspb_row__content{width:var(--theme-container-width, 1200px);max-width:var(--theme-normal-container-max-width, 1200px)}@media (max-width:991.98px){#gspb_row-id-gsbp-a1d67496-f75f{margin-bottom:60px;padding-right:20px;padding-left:20px;text-align:left!important}#gspb_row-id-gsbp-a1d67496-f75f .gsap-g-line{text-align:left!important}}#gspb_col-id-gsbp-a7c760e2-ed6c.gspb_row__col--6{width:calc(50% - 25px)}@media (max-width:991.98px){#gspb_col-id-gsbp-a7c760e2-ed6c.gspb_row__col--6{width:calc(50% - 25px)}}@media (max-width:767.98px){#gspb_col-id-gsbp-a7c760e2-ed6c.gspb_row__col--6{width:calc(50% - 25px)}}@media (max-width:575.98px){#gspb_col-id-gsbp-a7c760e2-ed6c.gspb_row__col--6{width:100%}}@media (min-width:992px){body.gspb-bodyfront #gspb_col-id-gsbp-a7c760e2-ed6c.gspb_row__col--6{width:calc(41.6% - 0px - 25px)}}.gspb_row #gspb_col-id-gsbp-a7c760e2-ed6c.gspb_row__col--6{padding:0}@media (max-width:991.98px){#gspb_col-id-gsbp-a7c760e2-ed6c.gspb_row__col--6,#gspb_col-id-gsbp-a7c760e2-ed6c.gspb_row__col--6 .gsap-g-line{text-align:left!important}}#gspb_heading-id-gsbp-ac235dff-7a94{font-family:Barlow,sans-serif;font-size:29px}@media (max-width:575.98px){#gspb_heading-id-gsbp-ac235dff-7a94,#gspb_heading-id-gsbp-ac235dff-7a94 .gsap-g-line{text-align:left!important}}#gspb_heading-id-gsbp-ac235dff-7a94{font-weight:400!important}@media (max-width:991.98px){#gspb_heading-id-gsbp-ac235dff-7a94{font-weight:400!important}}@media (max-width:767.98px){#gspb_heading-id-gsbp-ac235dff-7a94{font-weight:400!important}}@media (max-width:575.98px){#gspb_heading-id-gsbp-ac235dff-7a94{font-weight:400!important}}#gspb_heading-id-gsbp-ac235dff-7a94{margin-top:0;margin-bottom:0}#gspb_col-id-gsbp-be657eea-2d7b.gspb_row__col--6{width:calc(50% - 25px)}@media (max-width:991.98px){#gspb_col-id-gsbp-be657eea-2d7b.gspb_row__col--6{width:calc(50% - 25px)}}@media (max-width:767.98px){#gspb_col-id-gsbp-be657eea-2d7b.gspb_row__col--6{width:calc(50% - 25px)}}@media (max-width:575.98px){#gspb_col-id-gsbp-be657eea-2d7b.gspb_row__col--6{width:100%}}@media (min-width:992px){body.gspb-bodyfront #gspb_col-id-gsbp-be657eea-2d7b.gspb_row__col--6{width:calc(58.4% - 0px - 25px)}}.gspb_row #gspb_col-id-gsbp-4dfe7309-7257.gspb_row__col--6,.gspb_row #gspb_col-id-gsbp-5c070549-8594.gspb_row__col--6,.gspb_row #gspb_col-id-gsbp-be657eea-2d7b.gspb_row__col--6{padding:0}.gspb_text-id-gsbp-3baa00ca-3523{font-family:Barlow,sans-serif;font-size:18px}@media (max-width:575.98px){.gspb_text-id-gsbp-3baa00ca-3523,.gspb_text-id-gsbp-3baa00ca-3523 .gsap-g-line{text-align:left!important}}.gspb_text-id-gsbp-3baa00ca-3523,.gspb_text-id-gsbp-3baa00ca-3523 a{text-decoration:none}.gspb_text-id-gsbp-3baa00ca-3523{font-weight:400!important}@media (max-width:991.98px){.gspb_text-id-gsbp-3baa00ca-3523{font-weight:400!important}}@media (max-width:767.98px){.gspb_text-id-gsbp-3baa00ca-3523{font-weight:400!important}}@media (max-width:575.98px){.gspb_text-id-gsbp-3baa00ca-3523{font-weight:400!important}}.gspb_text-id-gsbp-3baa00ca-3523{margin-top:0!important;margin-right:50px!important;margin-bottom:25px!important}@media (max-width:575.98px){.gspb_text-id-gsbp-3baa00ca-3523{margin-right:0!important}}.gspb_container-id-gsbp-07113b6,.gspb_container-id-gsbp-6101e0f{flex-direction:column;box-sizing:border-box}#gspb_container-id-gsbp-07113b6.gspb_container>p:last-of-type,#gspb_container-id-gsbp-6101e0f.gspb_container>p:last-of-type,#gspb_container-id-gsbp-deefed3.gspb_container>p:last-of-type,.gs-box-text>p:last-of-type{margin-bottom:0}#gspb_container-id-gsbp-07113b6.gspb_container{position:relative;display:grid;grid-template-columns:repeat(2,minmax(0,1fr));row-gap:20px;column-gap:20px}@media (max-width:575.98px){#gspb_container-id-gsbp-07113b6.gspb_container{grid-template-columns:repeat(1,minmax(0,1fr))}}#gspb_container-id-gsbp-07113b6.gspb_container{box-sizing:border-box}#gspb_container-id-gsbp-6101e0f.gspb_container{position:relative;box-sizing:border-box}.gs-box-text>p{margin-bottom:20px;margin-top:0}#gspb_infoBox-id-gsbp-520a08d .gs-box{border-radius:20px}#gspb_infoBox-id-gsbp-520a08d img{height:12%!important;width:12%!important;min-width:12%!important;margin:0!important}#gspb_infoBox-id-gsbp-520a08d img,#gspb_infoBox-id-gsbp-520a08d img path,#gspb_infoBox-id-gsbp-520a08d img:hover,#gspb_infoBox-id-gsbp-520a08d img:hover path{fill:var(--gs-colortwo, #e90000)!important}#gspb_infoBox-id-gsbp-520a08d{position:static#gspb_infobox-id-gsbp-520a08d}.gspb_container-id-gsbp-deefed3{flex-direction:column;box-sizing:border-box}#gspb_container-id-gsbp-deefed3.gspb_container{position:relative;box-sizing:border-box}.gs-box{padding:20px;border-left:5px solid transparent;margin-bottom:25px}.gs-box.red_type{color:#a94442;background-color:#f2dede;border-color:#e8c4c4}.gs-box.icon_type{display:flex}.gs-box.icon_type .gs-box-icon{width:28px;min-width:28px}.gs-box.icon_type .gs-box-text{flex-grow:1;margin:0 15px}#gspb_infoBox-id-gsbp-f009a68 .gs-box-text{flex-grow:1;margin:0}#gspb_infoBox-id-gsbp-f009a68 .gs-box{border-radius:19px}#gspb_infoBox-id-gsbp-f009a68 img{height:29%!important;width:29%!important;min-width:29%!important;margin:0!important}#gspb_infoBox-id-gsbp-f009a68 img,#gspb_infoBox-id-gsbp-f009a68 img path,#gspb_infoBox-id-gsbp-f009a68 img:hover,#gspb_infoBox-id-gsbp-f009a68 img:hover path{fill:var(--gs-colortwo, #e90000)!important}#gspb_row-id-gsbp-5f98f8a6-d691{justify-content:space-between;display:flex;flex-wrap:wrap;align-content:flex-start;margin-top:18px;margin-bottom:0}#gspb_row-id-gsbp-5f98f8a6-d691>.gspb_row__content{display:flex;justify-content:space-between;margin:0 auto;width:100%;flex-wrap:wrap;row-gap:50px;align-items:flex-start}.gspb_row{position:relative}body.gspb-bodyfront #gspb_row-id-gsbp-5f98f8a6-d691>.gspb_row__content{width:var(--theme-container-width, 1200px);max-width:var(--theme-normal-container-max-width, 1200px)}@media (max-width:991.98px){#gspb_row-id-gsbp-5f98f8a6-d691{margin-bottom:80px;padding-right:20px;padding-left:20px}}#gspb_col-id-gsbp-4dfe7309-7257.gspb_row__col--6{width:calc(50% - 30px)}@media (max-width:991.98px){#gspb_col-id-gsbp-4dfe7309-7257.gspb_row__col--6{width:100%}}@media (max-width:767.98px){#gspb_col-id-gsbp-4dfe7309-7257.gspb_row__col--6{width:calc(100% - 0px)}}@media (max-width:575.98px){#gspb_col-id-gsbp-4dfe7309-7257.gspb_row__col--6{width:100%}}@media (max-width:991.98px){#gspb_image-id-gsbp-9ff1b324-3372 img{object-fit:cover}}#gspb_image-id-gsbp-9ff1b324-3372 img{object-position:33% 28.999999999999996%}@media (max-width:991.98px){#gspb_image-id-gsbp-9ff1b324-3372 img{object-position:49% 20%}}#gspb_image-id-gsbp-9ff1b324-3372 img{vertical-align:top;display:inline-block;box-sizing:border-box;max-width:100%;height:auto;border-top-left-radius:15px;border-top-right-radius:15px;border-bottom-right-radius:15px;border-bottom-left-radius:15px}@media (max-width:991.98px){#gspb_image-id-gsbp-9ff1b324-3372 img{width:100%;height:400px}#gspb_image-id-gsbp-9ff1b324-3372{height:400px}}#gspb_col-id-gsbp-5c070549-8594.gspb_row__col--6{width:calc(50% - 30px)}@media (max-width:991.98px){#gspb_col-id-gsbp-5c070549-8594.gspb_row__col--6{width:100%}}@media (max-width:767.98px){#gspb_col-id-gsbp-5c070549-8594.gspb_row__col--6{width:calc(100% - 0px)}}@media (max-width:575.98px){#gspb_col-id-gsbp-5c070549-8594.gspb_row__col--6{width:100%}}#gspb_heading-id-gsbp-4065689,#gspb_heading-id-gsbp-4065689 a{text-decoration:none}#gspb_heading-id-gsbp-4065689{font-weight:400!important}@media (max-width:991.98px){#gspb_heading-id-gsbp-4065689{font-weight:400!important}}@media (max-width:767.98px){#gspb_heading-id-gsbp-4065689{font-weight:400!important}}@media (max-width:575.98px){#gspb_heading-id-gsbp-4065689{font-weight:400!important}}#gspb_heading-id-gsbp-4065689{margin-top:14px;margin-bottom:16px}#gspb_heading-id-gsbp-cd7cbfd1-0627{font-family:Barlow,sans-serif}@media (max-width:991.98px){#gspb_heading-id-gsbp-cd7cbfd1-0627,#gspb_heading-id-gsbp-cd7cbfd1-0627 .gsap-g-line{text-align:left!important}}#gspb_heading-id-gsbp-cd7cbfd1-0627{margin-top:0;margin-bottom:48px}@media (max-width:991.98px){.gspb_text-id-gsbp-baec12ad-98b6,.gspb_text-id-gsbp-baec12ad-98b6 .gsap-g-line{text-align:left!important}}.gspb_text-id-gsbp-baec12ad-98b6{font-weight:700!important}@media (max-width:991.98px){.gspb_text-id-gsbp-baec12ad-98b6{font-weight:700!important}}@media (max-width:767.98px){.gspb_text-id-gsbp-baec12ad-98b6{font-weight:700!important}}@media (max-width:575.98px){.gspb_text-id-gsbp-baec12ad-98b6{font-weight:700!important}}.gspb_text-id-gsbp-baec12ad-98b6{color:var(--wp--preset--color--palette-color-2, var(--theme-palette-color-2, #E17335));margin-bottom:10px!important}@media (max-width:991.98px){.gspb_text-id-gsbp-baec12ad-98b6{padding-right:20px!important;padding-left:20px!important}}.gspb_text-id-gsbp-9c220bd{margin-bottom:52px!important}@media (max-width:991.98px){.gspb_text-id-gsbp-9c220bd{padding-right:20px!important;padding-left:20px!important}}@media (max-width:575.98px){.gspb_text-id-gsbp-9c220bd{margin-bottom:30px!important}}","footnotes":""},"class_list":["post-942","page","type-page","status-publish","hentry"],"blocksy_meta":{"has_hero_section":"disabled","vertical_spacing_source":"custom","content_area_spacing":"none","styles_descriptor":{"styles":{"desktop":"","tablet":"","mobile":""},"google_fonts":[],"version":6},"page_structure_type":"default"},"_links":{"self":[{"href":"https:\/\/insuranceforgroup.com\/de\/wp-json\/wp\/v2\/pages\/942","targetHints":{"allow":["GET"]}}],"collection":[{"href":"https:\/\/insuranceforgroup.com\/de\/wp-json\/wp\/v2\/pages"}],"about":[{"href":"https:\/\/insuranceforgroup.com\/de\/wp-json\/wp\/v2\/types\/page"}],"author":[{"embeddable":true,"href":"https:\/\/insuranceforgroup.com\/de\/wp-json\/wp\/v2\/users\/4"}],"replies":[{"embeddable":true,"href":"https:\/\/insuranceforgroup.com\/de\/wp-json\/wp\/v2\/comments?post=942"}],"version-history":[{"count":0,"href":"https:\/\/insuranceforgroup.com\/de\/wp-json\/wp\/v2\/pages\/942\/revisions"}],"wp:attachment":[{"href":"https:\/\/insuranceforgroup.com\/de\/wp-json\/wp\/v2\/media?parent=942"}],"curies":[{"name":"wp","href":"https:\/\/api.w.org\/{rel}","templated":true}]}}