{"id":3208,"date":"2026-03-05T10:28:27","date_gmt":"2026-03-05T10:28:27","guid":{"rendered":"https:\/\/insuranceforgroup.com\/?page_id=3208"},"modified":"2026-03-05T10:42:58","modified_gmt":"2026-03-05T10:42:58","slug":"condiciones-de-servicio","status":"publish","type":"page","link":"https:\/\/insuranceforgroup.com\/es\/terms-of-service\/","title":{"rendered":"Condiciones de servicio"},"content":{"rendered":"<h1 class=\"wp-block-heading\" id=\"insuranceforgroup-com\"><strong>segurosparagrupo.com<\/strong><\/h1>\n\n\n\n<p>\u00daltima actualizaci\u00f3n: agosto de 2024<\/p>\n\n\n\n<p>Estos T\u00e9rminos de Servicio rigen su uso del sitio web. <strong>segurosparagrupo.com<\/strong> y los servicios prestados a trav\u00e9s de ella.<\/p>\n\n\n\n<p>Al acceder o utilizar este sitio web, usted acepta estos T\u00e9rminos. Si no los acepta, le rogamos que no utilice este sitio web.<\/p>\n\n\n\n<hr class=\"wp-block-separator has-alpha-channel-opacity\"\/>\n\n\n\n<h3 class=\"wp-block-heading\" id=\"1-about-us\"><strong>1. Acerca de nosotros<\/strong><\/h3>\n\n\n\n<p>insuranceforgroup.com es operado por <strong>Seguro para Grupo Ltd.<\/strong>.<\/p>\n\n\n\n<p>Nos especializamos en organizar soluciones de seguros para organizaciones, grupos y equipos que operan en una variedad de entornos, incluidas ubicaciones internacionales.<\/p>\n\n\n\n<p>Nuestro papel es ayudarle a comprender las opciones de seguro disponibles y ayudarle a organizar la cobertura adecuada a trav\u00e9s de aseguradoras autorizadas.<\/p>\n\n\n\n<hr class=\"wp-block-separator has-alpha-channel-opacity\"\/>\n\n\n\n<h3 class=\"wp-block-heading\" id=\"2-use-of-this-website\"><strong>2. Uso de este sitio web<\/strong><\/h3>\n\n\n\n<p>Usted puede utilizar este sitio web \u00fanicamente para fines legales.<\/p>\n\n\n\n<p>Usted acepta no:<\/p>\n\n\n\n<ul class=\"wp-block-list\">\n<li>Utilizar el sitio web de cualquier forma que infrinja las leyes o regulaciones del Reino Unido.<\/li>\n\n\n\n<li>Intentar obtener acceso no autorizado al sitio web o a sus sistemas<\/li>\n\n\n\n<li>Interferir con la funcionalidad o seguridad del sitio web<\/li>\n\n\n\n<li>Representarse falsamente o proporcionar informaci\u00f3n falsa al solicitar cotizaciones o coberturas<\/li>\n<\/ul>\n\n\n\n<p>Nos reservamos el derecho de suspender o restringir el acceso si se detecta un uso indebido.<\/p>\n\n\n\n<hr class=\"wp-block-separator has-alpha-channel-opacity\"\/>\n\n\n\n<h3 class=\"wp-block-heading\" id=\"3-information-on-this-website\"><strong>3. Informaci\u00f3n en este sitio web<\/strong><\/h3>\n\n\n\n<p>La informaci\u00f3n proporcionada en este sitio web est\u00e1 destinada a <strong>S\u00f3lo con fines de informaci\u00f3n general<\/strong>.<\/p>\n\n\n\n<p>Si bien nuestro objetivo es mantener la informaci\u00f3n precisa y actualizada:<\/p>\n\n\n\n<ul class=\"wp-block-list\">\n<li>Los t\u00e9rminos y condiciones del seguro var\u00edan seg\u00fan la aseguradora.<\/li>\n\n\n\n<li>La cobertura de la p\u00f3liza puede cambiar<\/li>\n\n\n\n<li>No todos los riesgos est\u00e1n cubiertos por todas las p\u00f3lizas<\/li>\n<\/ul>\n\n\n\n<p>Nada de lo contenido en este sitio web constituye una garant\u00eda de cobertura ni una oferta vinculante de seguro.<\/p>\n\n\n\n<p>Los detalles completos de la cobertura siempre se proporcionan en el <strong>texto de la p\u00f3liza emitida por la aseguradora<\/strong>.<\/p>\n\n\n\n<hr class=\"wp-block-separator has-alpha-channel-opacity\"\/>\n\n\n\n<h3 class=\"wp-block-heading\" id=\"4-insurance-quotes\"><strong>4. Cotizaciones de seguros<\/strong><\/h3>\n\n\n\n<p>Las cotizaciones proporcionadas a trav\u00e9s de este sitio web son:<\/p>\n\n\n\n<ul class=\"wp-block-list\">\n<li>S\u00f3lo indicativo<\/li>\n\n\n\n<li>Basado en la informaci\u00f3n que usted proporcione<\/li>\n\n\n\n<li>Sujeto a la aprobaci\u00f3n de la aseguradora<\/li>\n<\/ul>\n\n\n\n<p>Una cotizaci\u00f3n no garantiza que se emitir\u00e1 el seguro.<\/p>\n\n\n\n<p>Si la informaci\u00f3n proporcionada durante el proceso de cotizaci\u00f3n es incompleta o inexacta, la aseguradora puede:<\/p>\n\n\n\n<ul class=\"wp-block-list\">\n<li>Modificar los t\u00e9rminos<\/li>\n\n\n\n<li>Cobertura de basura<\/li>\n\n\n\n<li>Cancelar la p\u00f3liza<\/li>\n\n\n\n<li>Rechazar una reclamaci\u00f3n<\/li>\n<\/ul>\n\n\n\n<p>Es su responsabilidad asegurarse de que toda la informaci\u00f3n que proporcione sea <strong>precisa y completa<\/strong>.<\/p>\n\n\n\n<hr class=\"wp-block-separator has-alpha-channel-opacity\"\/>\n\n\n\n<h3 class=\"wp-block-heading\" id=\"5-insurance-coverage-and-exclusions\"><strong>5. Cobertura y exclusiones del seguro<\/strong><\/h3>\n\n\n\n<p>Las p\u00f3lizas de seguro contratadas a trav\u00e9s de nuestra plataforma son emitidas por aseguradoras autorizadas.<\/p>\n\n\n\n<p>Las coberturas, l\u00edmites y exclusiones siempre estar\u00e1n definidos en el texto de la p\u00f3liza de la aseguradora.<\/p>\n\n\n\n<p>Como principio general, las p\u00f3lizas contratadas a trav\u00e9s de insuranceforgroup.com <strong>No se proporciona cobertura para:<\/strong><\/p>\n\n\n\n<ul class=\"wp-block-list\">\n<li>Secuestro y rescate<\/li>\n\n\n\n<li>Evacuaci\u00f3n pol\u00edtica<\/li>\n\n\n\n<li>Detenci\u00f3n o arresto<\/li>\n<\/ul>\n\n\n\n<p>Si necesita cobertura especializada en relaci\u00f3n con estos riesgos, debe buscar un seguro especializado adecuado.<\/p>\n\n\n\n<hr class=\"wp-block-separator has-alpha-channel-opacity\"\/>\n\n\n\n<h3 class=\"wp-block-heading\" id=\"6-no-professional-advice\"><strong>6. Sin asesoramiento profesional<\/strong><\/h3>\n\n\n\n<p>El contenido de este sitio web no constituye asesoramiento legal, financiero o de seguros.<\/p>\n\n\n\n<p>Las necesidades de seguro var\u00edan seg\u00fan las organizaciones y las situaciones.<\/p>\n\n\n\n<p>Si no est\u00e1 seguro de la idoneidad de alguna p\u00f3liza, debe buscar asesoramiento profesional independiente antes de adquirir la cobertura.<\/p>\n\n\n\n<hr class=\"wp-block-separator has-alpha-channel-opacity\"\/>\n\n\n\n<h3 class=\"wp-block-heading\" id=\"7-claims\"><strong>7. Reclamaciones<\/strong><\/h3>\n\n\n\n<p>Todas las reclamaciones de seguro deben presentarse de acuerdo con los procedimientos establecidos en la documentaci\u00f3n de su p\u00f3liza.<\/p>\n\n\n\n<p>Podemos ayudarle con el proceso de reclamaciones, pero:<\/p>\n\n\n\n<ul class=\"wp-block-list\">\n<li>Las decisiones sobre reclamaciones las toma la aseguradora<\/li>\n\n\n\n<li>No podemos garantizar la aprobaci\u00f3n del reclamo.<\/li>\n\n\n\n<li>El pago de las reclamaciones es responsabilidad de la aseguradora.<\/li>\n<\/ul>\n\n\n\n<hr class=\"wp-block-separator has-alpha-channel-opacity\"\/>\n\n\n\n<h3 class=\"wp-block-heading\" id=\"8-limitation-of-liability\"><strong>8. Limitaci\u00f3n de responsabilidad<\/strong><\/h3>\n\n\n\n<p>En la m\u00e1xima medida permitida por la ley del Reino Unido, Insurance for Group Ltd no ser\u00e1 responsable de:<\/p>\n\n\n\n<ul class=\"wp-block-list\">\n<li>Cualquier p\u00e9rdida indirecta o consecuente<\/li>\n\n\n\n<li>P\u00e9rdida de negocio, ingresos u oportunidades<\/li>\n\n\n\n<li>P\u00e9rdidas derivadas de la confianza en el contenido del sitio web<\/li>\n<\/ul>\n\n\n\n<p>Nuestra responsabilidad por cualquier reclamo relacionado con el uso de este sitio web no exceder\u00e1 el monto pagado por usted por los servicios prestados a trav\u00e9s del sitio.<\/p>\n\n\n\n<p>Nada de lo dispuesto en estos T\u00e9rminos limita la responsabilidad cuando no pueda limitarse legalmente, incluida la responsabilidad por muerte o lesiones personales causadas por negligencia.<\/p>\n\n\n\n<hr class=\"wp-block-separator has-alpha-channel-opacity\"\/>\n\n\n\n<h3 class=\"wp-block-heading\" id=\"9-intellectual-property\"><strong>9. Propiedad intelectual<\/strong><\/h3>\n\n\n\n<p>Todo el contenido de este sitio web, incluyendo texto, dise\u00f1o, gr\u00e1ficos, logotipos y marcas, es propiedad intelectual de Insurance for Group Ltd, salvo que se indique lo contrario. Queda prohibida la reproducci\u00f3n, distribuci\u00f3n o modificaci\u00f3n de cualquier contenido sin autorizaci\u00f3n por escrito.<\/p>\n\n\n\n<hr class=\"wp-block-separator has-alpha-channel-opacity\"\/>\n\n\n\n<h3 class=\"wp-block-heading\" id=\"10-privacy\"><strong>10. Privacidad<\/strong><\/h3>\n\n\n\n<p>Su uso de este sitio web tambi\u00e9n se rige por nuestras <strong>Pol\u00edtica de privacidad<\/strong>.<\/p>\n\n\n\n<p>Aqu\u00ed explica c\u00f3mo recopilamos, usamos y almacenamos datos personales.<\/p>\n\n\n\n<hr class=\"wp-block-separator has-alpha-channel-opacity\"\/>\n\n\n\n<h3 class=\"wp-block-heading\" id=\"11-third-party-services\"><strong>11. Servicios de terceros<\/strong><\/h3>\n\n\n\n<p>Este sitio web puede contener enlaces a sitios web o servicios de terceros.<\/p>\n\n\n\n<p>No somos responsables de:<\/p>\n\n\n\n<ul class=\"wp-block-list\">\n<li>El contenido de sitios web externos<\/li>\n\n\n\n<li>Sus pr\u00e1cticas de privacidad<\/li>\n\n\n\n<li>Sus t\u00e9rminos y condiciones<\/li>\n<\/ul>\n\n\n\n<p>El uso de servicios de terceros se realiza bajo su propio riesgo.<\/p>\n\n\n\n<hr class=\"wp-block-separator has-alpha-channel-opacity\"\/>\n\n\n\n<h3 class=\"wp-block-heading\" id=\"12-website-availability\"><strong>12. Disponibilidad del sitio web<\/strong><\/h3>\n\n\n\n<p>Nuestro objetivo es mantener el sitio web disponible en todo momento. Sin embargo, no garantizamos el acceso ininterrumpido.<\/p>\n\n\n\n<p>Podemos suspender el acceso temporalmente por:<\/p>\n\n\n\n<ul class=\"wp-block-list\">\n<li>Mantenimiento<\/li>\n\n\n\n<li>Actualizaciones de seguridad<\/li>\n\n\n\n<li>Problemas t\u00e9cnicos<\/li>\n<\/ul>\n\n\n\n<hr class=\"wp-block-separator has-alpha-channel-opacity\"\/>\n\n\n\n<h3 class=\"wp-block-heading\" id=\"13-changes-to-these-terms\"><strong>13. Cambios a estos T\u00e9rminos<\/strong><\/h3>\n\n\n\n<p>Es posible que actualicemos estos T\u00e9rminos de vez en cuando.<\/p>\n\n\n\n<p>Las versiones actualizadas se publicar\u00e1n en esta p\u00e1gina con una fecha revisada.<\/p>\n\n\n\n<p>Su uso continuado del sitio web despu\u00e9s de que se publiquen los cambios indica la aceptaci\u00f3n de los T\u00e9rminos actualizados.<\/p>\n\n\n\n<hr class=\"wp-block-separator has-alpha-channel-opacity\"\/>\n\n\n\n<h3 class=\"wp-block-heading\" id=\"14-governing-law\"><strong>14. Ley aplicable<\/strong><\/h3>\n\n\n\n<p>Estos T\u00e9rminos se rigen por las leyes de <strong>Inglaterra y Gales<\/strong>.<\/p>\n\n\n\n<p>Cualquier disputa que surja del uso de este sitio web estar\u00e1 sujeta a la jurisdicci\u00f3n exclusiva de los tribunales de Inglaterra y Gales.<\/p>\n\n\n\n<hr class=\"wp-block-separator has-alpha-channel-opacity\"\/>\n\n\n\n<h3 class=\"wp-block-heading\" id=\"15-contact\"><strong>15. Contacto<\/strong><\/h3>\n\n\n\n<p>Si tiene alguna pregunta sobre estos T\u00e9rminos, utilice nuestra p\u00e1gina de contacto: Nuestro objetivo es responder a todas las comunicaciones en menos de 24 horas.<\/p>\n\n\n\n<p><\/p>","protected":false},"excerpt":{"rendered":"<p>insuranceforgroup.com Last updated: August 2024 These Terms of Service govern your use of the website insuranceforgroup.com and the services provided through it. By accessing or using this website, you agree to these Terms. If you do not agree, please do not use this website. 1. About Us insuranceforgroup.com is operated by Insurance for Group Ltd. [&hellip;]<\/p>\n","protected":false},"author":1,"featured_media":0,"parent":0,"menu_order":0,"comment_status":"closed","ping_status":"closed","template":"","meta":{"_gspb_post_css":"","footnotes":""},"class_list":["post-3208","page","type-page","status-publish","hentry"],"blocksy_meta":[],"_links":{"self":[{"href":"https:\/\/insuranceforgroup.com\/es\/wp-json\/wp\/v2\/pages\/3208","targetHints":{"allow":["GET"]}}],"collection":[{"href":"https:\/\/insuranceforgroup.com\/es\/wp-json\/wp\/v2\/pages"}],"about":[{"href":"https:\/\/insuranceforgroup.com\/es\/wp-json\/wp\/v2\/types\/page"}],"author":[{"embeddable":true,"href":"https:\/\/insuranceforgroup.com\/es\/wp-json\/wp\/v2\/users\/1"}],"replies":[{"embeddable":true,"href":"https:\/\/insuranceforgroup.com\/es\/wp-json\/wp\/v2\/comments?post=3208"}],"version-history":[{"count":0,"href":"https:\/\/insuranceforgroup.com\/es\/wp-json\/wp\/v2\/pages\/3208\/revisions"}],"wp:attachment":[{"href":"https:\/\/insuranceforgroup.com\/es\/wp-json\/wp\/v2\/media?parent=3208"}],"curies":[{"name":"Gracias","href":"https:\/\/api.w.org\/{rel}","templated":true}]}}