{"id":778,"date":"2023-12-18T09:52:53","date_gmt":"2023-12-18T09:52:53","guid":{"rendered":"https:\/\/demo.creativethemes.com\/blocksy\/smart-home\/?page_id=11"},"modified":"2025-07-23T12:12:16","modified_gmt":"2025-07-23T11:12:16","slug":"acerca-de","status":"publish","type":"page","link":"https:\/\/insuranceforgroup.com\/es\/about\/","title":{"rendered":"Acerca de"},"content":{"rendered":"<div class=\"wp-block-greenshift-blocks-row alignfull gspb_row gspb_row-id-gsbp-7c285ba\" id=\"gspb_row-id-gsbp-7c285ba\"><div class=\"gspb_backgroundOverlay\"><\/div><div class=\"gspb_container__videoContainer\"><div class=\"gspb_videowrapper\"><video id=\"background-video-gsbp-7c285ba\" playsinline muted loop autoplay><source src=\"https:\/\/insuranceforgroup.com\/wp-content\/uploads\/2024\/04\/crowd-video.mp4\" type=\"video\/mp4\"\/><\/video><\/div><\/div><div class=\"gspb_row__content\">  <\/div><\/div>\n\n\n\n<div class=\"wp-block-greenshift-blocks-row gspb_row gspb_row-id-gsbp-5f98f8a6-d691 gspb_row--gutter-custom-0\" id=\"gspb_row-id-gsbp-5f98f8a6-d691\"><div class=\"gspb_row__content\"> \n<div class=\"wp-block-greenshift-blocks-row-column gspb_row__col--6 gspb_row__col--md-12 gspb_col-id-gsbp-5c070549-8594\" id=\"gspb_col-id-gsbp-5c070549-8594\">\n<h1 id=\"gspb_heading-id-gsbp-0d6e390f-b913\" class=\"gspb_heading gspb_heading-id-gsbp-0d6e390f-b913\">Accidentes personales y colectivos <strong>Cobertura del seguro <\/strong>\u2013 para lugares peligrosos <\/h1>\n\n\n\n<div id=\"gspb_text-id-gsbp-c87d14de-f048\" class=\"gspb_text gspb_text-id-gsbp-c87d14de-f048\">Ofrecemos seguros especializados para personas que trabajan en puestos o lugares de alto riesgo, incluyendo aquellos que otras aseguradoras excluyen. Nuestras p\u00f3lizas se basan en los riesgos reales que enfrentan nuestros clientes, ofreciendo una cobertura pr\u00e1ctica donde m\u00e1s se necesita.<br><br>Empezando por '<strong>Seguro para periodistas<\/strong>' - r\u00e1pidamente detectamos la necesidad de un seguro a todo riesgo en otras funciones de alto riesgo. <a href=\"http:\/\/insuranceforngos.com\" target=\"_blank\" rel=\"noreferrer noopener nofollow\">Seguro para trabajadores humanitarios<\/a>, <a href=\"http:\/\/insuranceformedics.com\" rel=\"nofollow noopener\" target=\"_blank\">medicina<\/a>, <a href=\"http:\/\/insuranceforngos.com\" rel=\"nofollow noopener\" target=\"_blank\">ONG<\/a> y el m\u00e1s amplio <a href=\"http:\/\/insuranceforthemedia.com\" rel=\"nofollow noopener\" target=\"_blank\">medios de comunicaci\u00f3n<\/a> - as\u00ed como la demanda de que las organizaciones y los contratistas puedan organizar la cobertura de sus equipos locales, como parte de su deber de diligencia.<br><br>Cada mes <strong>Seguros para colectivos<\/strong> asegura a una amplia gama de personas y organizaciones que llevan a cabo una labor vital en algunos de los lugares m\u00e1s dif\u00edciles del mundo, proporcionando m\u00e1s de $140 millones de d\u00f3lares en cobertura de seguro en todas las p\u00f3lizas.<br><br>Entendemos los desaf\u00edos que nuestros clientes ya enfrentan como parte del trabajo que realizan en \u00e1reas de alto riesgo y la importancia de tener un socio de seguros en el que puedan confiar en el peor de los casos.<br><br>Por eso nos esforzamos en que nuestra cobertura sea completa, nuestras primas asequibles y nuestras exclusiones m\u00ednimas.<\/div>\n\n\n\n<h2 id=\"gspb_heading-id-gsbp-2c897f9\" class=\"gspb_heading gspb_heading-id-gsbp-2c897f9\">Estamos contigo, en cualquier momento y en cualquier lugar.<\/h2>\n<\/div>\n\n\n\n<div class=\"wp-block-greenshift-blocks-row-column gspb_row__col--6 gspb_row__col--md-12 gspb_col-id-gsbp-4dfe7309-7257\" id=\"gspb_col-id-gsbp-4dfe7309-7257\">\n<div class=\"wp-block-greenshift-blocks-image gspb_image gspb_image-id-gsbp-9ff1b324-3372\" id=\"gspb_image-id-gsbp-9ff1b324-3372\"><img decoding=\"async\" src=\"https:\/\/insuranceforgroup.com\/wp-content\/uploads\/2024\/03\/insurance-for-aid-workers6-1024x683-1.webp\" data-src=\"\" alt=\"\" loading=\"lazy\" width=\"1024\" height=\"683\" title=\"\"><\/div>\n\n\n\n<div id=\"gspb_text-id-gsbp-62e0300b-466e\" class=\"gspb_text gspb_text-id-gsbp-62e0300b-466e\">Nuestras p\u00f3lizas a medida pueden incluir:<\/div>\n\n\n\n<div class=\"gspb_heading_sep_gsbp-ebf2ab9\"><div class=\"gspb_heading_sep gspb_heading_sep_before\"><div class=\"gs-numhead__circle\"><span>1<\/span><\/div><\/div><h4 id=\"gspb_heading-id-gsbp-ebf2ab9\" class=\"gspb_heading gspb_heading-id-gsbp-ebf2ab9\">Muerte accidental e invalidez<span class=\"gspb_heading_subtitle\"><\/span><\/h4><\/div>\n\n\n\n<div class=\"gspb_heading_sep_gsbp-56eda03\"><div class=\"gspb_heading_sep gspb_heading_sep_before\"><div class=\"gs-numhead__circle\"><span>2<\/span><\/div><\/div><h4 id=\"gspb_heading-id-gsbp-56eda03\" class=\"gspb_heading gspb_heading-id-gsbp-56eda03\">Gastos m\u00e9dicos por enfermedad y accidente<span class=\"gspb_heading_subtitle\"><\/span><\/h4><\/div>\n\n\n\n<div class=\"gspb_heading_sep_gsbp-cf6232b\"><div class=\"gspb_heading_sep gspb_heading_sep_before\"><div class=\"gs-numhead__circle\"><span>3<\/span><\/div><\/div><h4 id=\"gspb_heading-id-gsbp-cf6232b\" class=\"gspb_heading gspb_heading-id-gsbp-cf6232b\">Evacuaci\u00f3n m\u00e9dica y repatriaci\u00f3n<span class=\"gspb_heading_subtitle\"><\/span><\/h4><\/div>\n\n\n\n<div class=\"gspb_heading_sep_gsbp-71b00e9\"><div class=\"gspb_heading_sep gspb_heading_sep_before\"><div class=\"gs-numhead__circle\"><span>4<\/span><\/div><\/div><h4 id=\"gspb_heading-id-gsbp-71b00e9\" class=\"gspb_heading gspb_heading-id-gsbp-71b00e9\">Cuidados y tratamiento continuados en casa<span class=\"gspb_heading_subtitle\"><\/span><\/h4><\/div>\n\n\n\n<div class=\"gspb_heading_sep_gsbp-bf5695a\"><div class=\"gspb_heading_sep gspb_heading_sep_before\"><div class=\"gs-numhead__circle\"><span>5<\/span><\/div><\/div><div><h4 id=\"gspb_heading-id-gsbp-bf5695a\" class=\"gspb_heading gspb_heading-id-gsbp-bf5695a\">Las pol\u00edticas pueden incluir la guerra, declarada o no, la rebeli\u00f3n, los disturbios civiles y el terrorismo*.<\/h4><span class=\"gspb_heading_subtitle\" id=\"gspb_subheading-id-gsbp-bf5695a\">*Consulte las condiciones generales o p\u00f3ngase en contacto con nosotros.<\/span><\/div><\/div>\n<\/div>\n <\/div><\/div>","protected":false},"excerpt":{"rendered":"","protected":false},"author":4,"featured_media":0,"parent":0,"menu_order":0,"comment_status":"closed","ping_status":"closed","template":"","meta":{"_gspb_post_css":"#gspb_row-id-gsbp-5f98f8a6-d691{justify-content:space-between;display:flex;flex-wrap:wrap;margin-top:-80px;margin-bottom:0}#gspb_row-id-gsbp-5f98f8a6-d691>.gspb_row__content{display:flex;justify-content:space-between;margin:0 auto;width:100%;flex-wrap:wrap;row-gap:50px}div[id^=gspb_col-id]{box-sizing:border-box;position:relative;padding:var(--gs-row-column-padding, 15px min(3vw, 20px))}@media (max-width:991.98px){#gspb_row-id-gsbp-5f98f8a6-d691{margin-top:0;margin-bottom:80px}}#gspb_col-id-gsbp-5c070549-8594.gspb_row__col--6{width:calc(50% - 30px)}@media (max-width:991.98px){#gspb_col-id-gsbp-5c070549-8594.gspb_row__col--6{width:100%}}@media (max-width:767.98px){#gspb_col-id-gsbp-5c070549-8594.gspb_row__col--6{width:calc(100% - 0px)}}@media (max-width:575.98px){#gspb_col-id-gsbp-5c070549-8594.gspb_row__col--6{width:100%}}.gspb_row #gspb_col-id-gsbp-5c070549-8594.gspb_row__col--6{padding:43px 0 0}@media (max-width:991.98px){.gspb_row #gspb_col-id-gsbp-5c070549-8594.gspb_row__col--6{padding-top:0}}#gspb_heading-id-gsbp-0d6e390f-b913{font-family:Barlow,sans-serif;font-size:40px}@media (max-width:575.98px){#gspb_heading-id-gsbp-0d6e390f-b913{line-height:1em;text-align:left!important}#gspb_heading-id-gsbp-0d6e390f-b913 .gsap-g-line{text-align:left!important}}#gspb_heading-id-gsbp-0d6e390f-b913,#gspb_heading-id-gsbp-0d6e390f-b913 a{text-decoration:none}#gspb_heading-id-gsbp-0d6e390f-b913{font-weight:400!important;margin-top:72px;margin-bottom:10px}@media (max-width:991.98px){#gspb_heading-id-gsbp-0d6e390f-b913{margin-top:0}}@media (max-width:575.98px){#gspb_heading-id-gsbp-0d6e390f-b913{margin-top:0}}#gspb_heading-id-gsbp-2c897f9,.gspb_text-id-gsbp-c87d14de-f048{font-family:Barlow,sans-serif}@media (max-width:575.98px){.gspb_text-id-gsbp-c87d14de-f048,.gspb_text-id-gsbp-c87d14de-f048 .gsap-g-line{text-align:left!important}}.gspb_text-id-gsbp-c87d14de-f048{font-weight:700!important;margin-top:16px!important;margin-bottom:12px!important}#gspb_heading-id-gsbp-2c897f9{font-size:35px}@media (max-width:575.98px){#gspb_heading-id-gsbp-2c897f9{line-height:1em}}#gspb_heading-id-gsbp-2c897f9,#gspb_heading-id-gsbp-2c897f9 .gsap-g-line{text-align:left!important}#gspb_heading-id-gsbp-2c897f9{font-weight:400!important}#gspb_col-id-gsbp-4dfe7309-7257.gspb_row__col--6{width:calc(50% - 30px)}@media (max-width:991.98px){#gspb_col-id-gsbp-4dfe7309-7257.gspb_row__col--6{width:100%}}@media (max-width:767.98px){#gspb_col-id-gsbp-4dfe7309-7257.gspb_row__col--6{width:calc(100% - 0px)}}@media (max-width:575.98px){#gspb_col-id-gsbp-4dfe7309-7257.gspb_row__col--6{width:100%}}.gspb_row #gspb_col-id-gsbp-4dfe7309-7257.gspb_row__col--6{padding:0}@media (max-width:991.98px){#gspb_image-id-gsbp-9ff1b324-3372 img{object-fit:cover}}#gspb_image-id-gsbp-9ff1b324-3372 img{object-position:50% 40%}@media (max-width:991.98px){#gspb_image-id-gsbp-9ff1b324-3372 img{object-position:50% 35%}}#gspb_image-id-gsbp-9ff1b324-3372 img{vertical-align:top;display:inline-block;box-sizing:border-box;max-width:100%;height:auto;box-shadow:0 5px 20px 0 rgba(0,0,0,.03);border-top-left-radius:15px;border-top-right-radius:15px;border-bottom-right-radius:15px;border-bottom-left-radius:15px}#gspb_image-id-gsbp-9ff1b324-3372 img:hover{box-shadow:0 15px 25px 0 rgba(0,0,0,.1)}#gspb_image-id-gsbp-9ff1b324-3372{margin-bottom:51px}@media (max-width:991.98px){#gspb_image-id-gsbp-9ff1b324-3372 img{width:100%;height:400px}#gspb_image-id-gsbp-9ff1b324-3372{height:400px}}.gspb_text-id-gsbp-62e0300b-466e{font-family:Barlow,sans-serif;font-size:27px;text-align:left!important}.gspb_text-id-gsbp-62e0300b-466e .gsap-g-line{text-align:left!important}@media (max-width:575.98px){.gspb_text-id-gsbp-62e0300b-466e,.gspb_text-id-gsbp-62e0300b-466e .gsap-g-line{text-align:left!important}}.gspb_text-id-gsbp-62e0300b-466e,.gspb_text-id-gsbp-62e0300b-466e a{text-decoration:none}.gspb_text-id-gsbp-62e0300b-466e{font-weight:400!important;margin-top:0!important;margin-bottom:24px!important}#gspb_row-id-gsbp-7c285ba{justify-content:space-between;margin-top:0;display:flex;flex-wrap:wrap;margin-bottom:0;padding-top:250px;padding-bottom:180px}#gspb_row-id-gsbp-7c285ba>.gspb_row__content{display:flex;justify-content:space-between;margin:0 auto;width:100%;flex-wrap:wrap}.gspb_row{position:relative}body.gspb-bodyfront #gspb_row-id-gsbp-5f98f8a6-d691>.gspb_row__content,body.gspb-bodyfront #gspb_row-id-gsbp-7c285ba>.gspb_row__content{width:var(--theme-container-width, 1200px);max-width:var(--theme-normal-container-max-width, 1200px)}@media (max-width:991.98px){#gspb_row-id-gsbp-7c285ba{margin-bottom:60px;padding-top:150px;padding-bottom:100px}}#gspb_row-id-gsbp-7c285ba{background-size:cover;background-repeat:no-repeat;background-position:44% 61%;background-image:url(https:\/\/insuranceforgroup.com\/wp-content\/uploads\/2024\/04\/crowd-video.mp4);isolation:isolate}#gspb_row-id-gsbp-7c285ba:hover{background-size:cover}#gspb_row-id-gsbp-7c285ba>.gspb_backgroundOverlay{position:absolute;top:0;left:0;width:100%;height:100%;z-index:-1;opacity:.3;background-color:#000}#gspb_row-id-gsbp-7c285ba .gspb_container__videoContainer{height:100%;width:100%;top:0;left:0;position:absolute;overflow:hidden;z-index:-50}#gspb_row-id-gsbp-7c285ba .gspb_container__videoContainer img{display:block;z-index:20;cursor:pointer}#gspb_row-id-gsbp-7c285ba .gspb_container__videoContainer img,#gspb_row-id-gsbp-7c285ba .gspb_videowrapper iframe,#gspb_row-id-gsbp-7c285ba .gspb_videowrapper video{left:0;top:0;height:100%;width:100%;position:absolute;object-fit:cover}#gspb_heading-id-gsbp-ebf2ab9{font-family:Barlow,sans-serif;font-size:20px;margin-top:0;margin-bottom:0}.gspb_heading_sep_gsbp-56eda03,.gspb_heading_sep_gsbp-71b00e9,.gspb_heading_sep_gsbp-bf5695a,.gspb_heading_sep_gsbp-cf6232b,.gspb_heading_sep_gsbp-ebf2ab9{display:flex;align-items:flex-start}.gspb_heading_sep_gsbp-ebf2ab9>.gspb_heading_sep{width:25px}.gspb_heading_sep_gsbp-ebf2ab9 .gs-numhead__circle{border:2px solid #2184f9;border-radius:50%;box-sizing:content-box;display:inline-block;font-weight:700;text-align:center;overflow:hidden;color:#2184f9;width:calc(25px - 4px);min-width:calc(25px - 4px);height:calc(25px - 4px);line-height:calc(25px - 4px);font-size:15px}.gspb_heading_sep_gsbp-ebf2ab9 .gspb_heading_sep_before{margin-right:17px}#gspb_heading-id-gsbp-ebf2ab9 .gspb_heading_subtitle,#gspb_subheading-id-gsbp-ebf2ab9{display:block;font-size:17px;line-height:22px;font-family:Barlow,sans-serif;font-weight:400!important;margin-top:2px}#gspb_heading-id-gsbp-56eda03{font-family:Barlow,sans-serif;font-size:20px;margin-top:0;margin-bottom:0}.gspb_heading_sep_gsbp-56eda03>.gspb_heading_sep{width:25px}.gspb_heading_sep_gsbp-56eda03 .gs-numhead__circle{border:2px solid #2184f9;border-radius:50%;box-sizing:content-box;display:inline-block;font-weight:700;text-align:center;overflow:hidden;color:#2184f9;width:calc(25px - 4px);min-width:calc(25px - 4px);height:calc(25px - 4px);line-height:calc(25px - 4px);font-size:15px}.gspb_heading_sep_gsbp-56eda03 .gspb_heading_sep_before{margin-right:17px}#gspb_heading-id-gsbp-56eda03 .gspb_heading_subtitle,#gspb_subheading-id-gsbp-56eda03{display:block;font-size:17px;line-height:22px;font-weight:400!important;margin-top:2px}#gspb_heading-id-gsbp-cf6232b{font-family:Barlow,sans-serif;font-size:20px;margin-top:0;margin-bottom:0}.gspb_heading_sep_gsbp-cf6232b>.gspb_heading_sep{width:25px}.gspb_heading_sep_gsbp-cf6232b .gs-numhead__circle{border:2px solid #2184f9;border-radius:50%;box-sizing:content-box;display:inline-block;font-weight:700;text-align:center;overflow:hidden;color:#2184f9;width:calc(25px - 4px);min-width:calc(25px - 4px);height:calc(25px - 4px);line-height:calc(25px - 4px);font-size:15px}.gspb_heading_sep_gsbp-cf6232b .gspb_heading_sep_before{margin-right:17px}#gspb_heading-id-gsbp-cf6232b .gspb_heading_subtitle,#gspb_subheading-id-gsbp-cf6232b{display:block;font-size:17px;line-height:22px;font-weight:400!important;margin-top:2px}#gspb_heading-id-gsbp-71b00e9{font-family:Barlow,sans-serif;font-size:20px;margin-top:0;margin-bottom:0}.gspb_heading_sep_gsbp-71b00e9>.gspb_heading_sep{width:25px}.gspb_heading_sep_gsbp-71b00e9 .gs-numhead__circle{border:2px solid #2184f9;border-radius:50%;box-sizing:content-box;display:inline-block;font-weight:700;text-align:center;overflow:hidden;color:#2184f9;width:calc(25px - 4px);min-width:calc(25px - 4px);height:calc(25px - 4px);line-height:calc(25px - 4px);font-size:15px}.gspb_heading_sep_gsbp-71b00e9 .gspb_heading_sep_before{margin-right:17px}#gspb_heading-id-gsbp-71b00e9 .gspb_heading_subtitle,#gspb_subheading-id-gsbp-71b00e9{display:block;font-size:17px;line-height:22px;font-weight:400!important;margin-top:2px}#gspb_heading-id-gsbp-bf5695a{font-family:Barlow,sans-serif;font-size:20px;margin-top:0;margin-bottom:0}.gspb_heading_sep_gsbp-bf5695a>.gspb_heading_sep{width:25px}.gspb_heading_sep_gsbp-bf5695a .gs-numhead__circle{border:2px solid #2184f9;border-radius:50%;box-sizing:content-box;display:inline-block;font-weight:700;text-align:center;overflow:hidden;color:#2184f9;width:calc(25px - 4px);min-width:calc(25px - 4px);height:calc(25px - 4px);line-height:calc(25px - 4px);font-size:15px}.gspb_heading_sep_gsbp-bf5695a .gspb_heading_sep_before{margin-right:17px}#gspb_heading-id-gsbp-bf5695a .gspb_heading_subtitle,#gspb_subheading-id-gsbp-bf5695a{display:block;line-height:22px;font-family:Barlow,sans-serif;font-size:15px}#gspb_heading-id-gsbp-bf5695a .gspb_heading_subtitle,#gspb_subheading-id-gsbp-bf5695a,#gspb_subheading-id-gsbp-bf5695a a{text-decoration:none}#gspb_heading-id-gsbp-bf5695a .gspb_heading_subtitle,#gspb_subheading-id-gsbp-bf5695a{font-weight:400!important;color:var(--wp--preset--color--palette-color-4, var(--theme-palette-color-4, #ffffff));margin-top:2px}","footnotes":""},"class_list":["post-778","page","type-page","status-publish","hentry"],"blocksy_meta":{"has_hero_section":"disabled","vertical_spacing_source":"custom","content_area_spacing":"none","styles_descriptor":{"styles":{"desktop":"","tablet":"","mobile":""},"google_fonts":[],"version":6}},"_links":{"self":[{"href":"https:\/\/insuranceforgroup.com\/es\/wp-json\/wp\/v2\/pages\/778","targetHints":{"allow":["GET"]}}],"collection":[{"href":"https:\/\/insuranceforgroup.com\/es\/wp-json\/wp\/v2\/pages"}],"about":[{"href":"https:\/\/insuranceforgroup.com\/es\/wp-json\/wp\/v2\/types\/page"}],"author":[{"embeddable":true,"href":"https:\/\/insuranceforgroup.com\/es\/wp-json\/wp\/v2\/users\/4"}],"replies":[{"embeddable":true,"href":"https:\/\/insuranceforgroup.com\/es\/wp-json\/wp\/v2\/comments?post=778"}],"version-history":[{"count":0,"href":"https:\/\/insuranceforgroup.com\/es\/wp-json\/wp\/v2\/pages\/778\/revisions"}],"wp:attachment":[{"href":"https:\/\/insuranceforgroup.com\/es\/wp-json\/wp\/v2\/media?parent=778"}],"curies":[{"name":"Gracias","href":"https:\/\/api.w.org\/{rel}","templated":true}]}}