{"id":3208,"date":"2026-03-05T10:28:27","date_gmt":"2026-03-05T10:28:27","guid":{"rendered":"https:\/\/insuranceforgroup.com\/?page_id=3208"},"modified":"2026-03-05T10:42:58","modified_gmt":"2026-03-05T10:42:58","slug":"conditions-dutilisation","status":"publish","type":"page","link":"https:\/\/insuranceforgroup.com\/fr\/terms-of-service\/","title":{"rendered":"Conditions d&#039;utilisation"},"content":{"rendered":"<h1 class=\"wp-block-heading\" id=\"insuranceforgroup-com\"><strong>insuranceforgroup.com<\/strong><\/h1>\n\n\n\n<p>Derni\u00e8re mise \u00e0 jour : ao\u00fbt 2024<\/p>\n\n\n\n<p>Les pr\u00e9sentes conditions d&#039;utilisation r\u00e9gissent votre utilisation du site web <strong>insuranceforgroup.com<\/strong> et les services fournis par son interm\u00e9diaire.<\/p>\n\n\n\n<p>En acc\u00e9dant \u00e0 ce site Web ou en l&#039;utilisant, vous acceptez les pr\u00e9sentes conditions d&#039;utilisation. Si vous n&#039;\u00eates pas d&#039;accord, veuillez ne pas utiliser ce site Web.<\/p>\n\n\n\n<hr class=\"wp-block-separator has-alpha-channel-opacity\"\/>\n\n\n\n<h3 class=\"wp-block-heading\" id=\"1-about-us\"><strong>1. \u00c0 propos de nous<\/strong><\/h3>\n\n\n\n<p>insuranceforgroup.com est exploit\u00e9 par <strong>Assurance pour le Groupe Ltd<\/strong>.<\/p>\n\n\n\n<p>Nous sommes sp\u00e9cialis\u00e9s dans la mise en place de solutions d&#039;assurance pour les organisations, les groupes et les \u00e9quipes op\u00e9rant dans divers environnements, y compris \u00e0 l&#039;international.<\/p>\n\n\n\n<p>Notre r\u00f4le est de vous aider \u00e0 comprendre les options d&#039;assurance disponibles et de vous accompagner dans la mise en place d&#039;une couverture adapt\u00e9e aupr\u00e8s d&#039;assureurs agr\u00e9\u00e9s.<\/p>\n\n\n\n<hr class=\"wp-block-separator has-alpha-channel-opacity\"\/>\n\n\n\n<h3 class=\"wp-block-heading\" id=\"2-use-of-this-website\"><strong>2. Utilisation de ce site Web<\/strong><\/h3>\n\n\n\n<p>Vous ne pouvez utiliser ce site web qu&#039;\u00e0 des fins l\u00e9gales.<\/p>\n\n\n\n<p>Vous vous engagez \u00e0 ne pas\u00a0:<\/p>\n\n\n\n<ul class=\"wp-block-list\">\n<li>Utiliser le site web de quelque mani\u00e8re que ce soit qui enfreigne la loi ou la r\u00e9glementation britannique<\/li>\n\n\n\n<li>Tenter d&#039;obtenir un acc\u00e8s non autoris\u00e9 au site web ou \u00e0 ses syst\u00e8mes<\/li>\n\n\n\n<li>Perturber le fonctionnement ou la s\u00e9curit\u00e9 du site web<\/li>\n\n\n\n<li>Ne pas se faire passer pour quelqu&#039;un d&#039;autre ni fournir de fausses informations lors de demandes de devis ou de couverture<\/li>\n<\/ul>\n\n\n\n<p>Nous nous r\u00e9servons le droit de suspendre ou de restreindre l&#039;acc\u00e8s en cas d&#039;utilisation abusive.<\/p>\n\n\n\n<hr class=\"wp-block-separator has-alpha-channel-opacity\"\/>\n\n\n\n<h3 class=\"wp-block-heading\" id=\"3-information-on-this-website\"><strong>3. Informations sur ce site Web<\/strong><\/h3>\n\n\n\n<p>Les informations fournies sur ce site Web sont destin\u00e9es \u00e0 <strong>\u00c0 titre d&#039;information g\u00e9n\u00e9rale uniquement<\/strong>.<\/p>\n\n\n\n<p>Nous nous effor\u00e7ons de maintenir l&#039;information exacte et \u00e0 jour\u00a0:<\/p>\n\n\n\n<ul class=\"wp-block-list\">\n<li>Les conditions g\u00e9n\u00e9rales d&#039;assurance varient selon l&#039;assureur.<\/li>\n\n\n\n<li>La couverture de la police peut changer<\/li>\n\n\n\n<li>Tous les risques ne sont pas couverts par toutes les polices d&#039;assurance.<\/li>\n<\/ul>\n\n\n\n<p>Aucune information sur ce site web ne constitue une garantie de couverture ni une offre d&#039;assurance ferme.<\/p>\n\n\n\n<p>Tous les d\u00e9tails de la couverture sont toujours fournis dans le <strong>libell\u00e9 de la police \u00e9mise par l&#039;assureur<\/strong>.<\/p>\n\n\n\n<hr class=\"wp-block-separator has-alpha-channel-opacity\"\/>\n\n\n\n<h3 class=\"wp-block-heading\" id=\"4-insurance-quotes\"><strong>4. Devis d&#039;assurance<\/strong><\/h3>\n\n\n\n<p>Les citations fournies par le biais de ce site Web sont\u00a0:<\/p>\n\n\n\n<ul class=\"wp-block-list\">\n<li>\u00c0 titre indicatif seulement<\/li>\n\n\n\n<li>D&#039;apr\u00e8s les informations que vous fournissez<\/li>\n\n\n\n<li>Sous r\u00e9serve de l&#039;approbation de l&#039;assureur<\/li>\n<\/ul>\n\n\n\n<p>Un devis ne garantit pas la souscription d&#039;une assurance.<\/p>\n\n\n\n<p>Si les informations fournies lors de la demande de devis sont incompl\u00e8tes ou inexactes, l&#039;assureur peut\u00a0:<\/p>\n\n\n\n<ul class=\"wp-block-list\">\n<li>Modifier les conditions<\/li>\n\n\n\n<li>Refuser la couverture<\/li>\n\n\n\n<li>Annuler la police d&#039;assurance<\/li>\n\n\n\n<li>Refuser une demande<\/li>\n<\/ul>\n\n\n\n<p>Il est de votre responsabilit\u00e9 de veiller \u00e0 ce que toutes les informations que vous fournissez soient <strong>exact et complet<\/strong>.<\/p>\n\n\n\n<hr class=\"wp-block-separator has-alpha-channel-opacity\"\/>\n\n\n\n<h3 class=\"wp-block-heading\" id=\"5-insurance-coverage-and-exclusions\"><strong>5. Couverture d&#039;assurance et exclusions<\/strong><\/h3>\n\n\n\n<p>Les polices d&#039;assurance souscrites par le biais de notre plateforme sont \u00e9mises par des assureurs agr\u00e9\u00e9s.<\/p>\n\n\n\n<p>La couverture, les limites et les exclusions seront toujours d\u00e9finies dans les termes du contrat d&#039;assurance.<\/p>\n\n\n\n<p>De mani\u00e8re g\u00e9n\u00e9rale, les polices d&#039;assurance souscrites via insuranceforgroup.com <strong>ne couvre pas\u00a0:<\/strong><\/p>\n\n\n\n<ul class=\"wp-block-list\">\n<li>Enl\u00e8vement et ran\u00e7on<\/li>\n\n\n\n<li>\u00c9vacuation politique<\/li>\n\n\n\n<li>D\u00e9tention ou arrestation<\/li>\n<\/ul>\n\n\n\n<p>Si vous avez besoin d&#039;une couverture sp\u00e9cialis\u00e9e pour ces risques, vous devriez souscrire une assurance sp\u00e9cialis\u00e9e appropri\u00e9e.<\/p>\n\n\n\n<hr class=\"wp-block-separator has-alpha-channel-opacity\"\/>\n\n\n\n<h3 class=\"wp-block-heading\" id=\"6-no-professional-advice\"><strong>6. Aucun conseil professionnel<\/strong><\/h3>\n\n\n\n<p>Le contenu de ce site web ne constitue pas un avis juridique, financier ou en mati\u00e8re d&#039;assurance.<\/p>\n\n\n\n<p>Les besoins en assurance varient selon les organisations et les situations.<\/p>\n\n\n\n<p>En cas de doute quant \u00e0 la pertinence d&#039;une police d&#039;assurance, il est conseill\u00e9 de solliciter un avis professionnel ind\u00e9pendant avant de souscrire une assurance.<\/p>\n\n\n\n<hr class=\"wp-block-separator has-alpha-channel-opacity\"\/>\n\n\n\n<h3 class=\"wp-block-heading\" id=\"7-claims\"><strong>7. R\u00e9clamations<\/strong><\/h3>\n\n\n\n<p>Toute demande d&#039;indemnisation doit \u00eatre soumise conform\u00e9ment aux proc\u00e9dures d\u00e9crites dans votre contrat d&#039;assurance.<\/p>\n\n\n\n<p>Nous pouvons vous aider dans vos d\u00e9marches de r\u00e9clamation, mais\u00a0:<\/p>\n\n\n\n<ul class=\"wp-block-list\">\n<li>Les d\u00e9cisions relatives aux sinistres sont prises par l&#039;assureur.<\/li>\n\n\n\n<li>Nous ne pouvons pas garantir l&#039;approbation de la demande.<\/li>\n\n\n\n<li>Le r\u00e8glement des sinistres incombe \u00e0 l&#039;assureur.<\/li>\n<\/ul>\n\n\n\n<hr class=\"wp-block-separator has-alpha-channel-opacity\"\/>\n\n\n\n<h3 class=\"wp-block-heading\" id=\"8-limitation-of-liability\"><strong>8. Limitation de responsabilit\u00e9<\/strong><\/h3>\n\n\n\n<p>Dans toute la mesure permise par la loi britannique, Insurance for Group Ltd ne sera pas responsable de\u00a0:<\/p>\n\n\n\n<ul class=\"wp-block-list\">\n<li>Toute perte indirecte ou cons\u00e9cutive<\/li>\n\n\n\n<li>Perte d&#039;activit\u00e9, de revenus ou d&#039;opportunit\u00e9s<\/li>\n\n\n\n<li>Les pertes d\u00e9coulant de la confiance accord\u00e9e au contenu du site Web<\/li>\n<\/ul>\n\n\n\n<p>Notre responsabilit\u00e9 pour toute r\u00e9clamation relative \u00e0 l&#039;utilisation de ce site web ne saurait exc\u00e9der le montant que vous avez pay\u00e9 pour les services fournis par le biais du site.<\/p>\n\n\n\n<p>Aucune disposition des pr\u00e9sentes Conditions g\u00e9n\u00e9rales ne limite la responsabilit\u00e9 lorsqu&#039;elle ne peut \u00eatre l\u00e9galement limit\u00e9e, notamment la responsabilit\u00e9 en cas de d\u00e9c\u00e8s ou de dommages corporels caus\u00e9s par n\u00e9gligence.<\/p>\n\n\n\n<hr class=\"wp-block-separator has-alpha-channel-opacity\"\/>\n\n\n\n<h3 class=\"wp-block-heading\" id=\"9-intellectual-property\"><strong>9. Propri\u00e9t\u00e9 intellectuelle<\/strong><\/h3>\n\n\n\n<p>Sauf indication contraire, l&#039;ensemble du contenu de ce site web, y compris les textes, la conception, les graphismes, les logos et l&#039;identit\u00e9 visuelle, est la propri\u00e9t\u00e9 intellectuelle d&#039;Insurance for Group Ltd. Toute reproduction, distribution ou modification de ce contenu est interdite sans autorisation \u00e9crite.<\/p>\n\n\n\n<hr class=\"wp-block-separator has-alpha-channel-opacity\"\/>\n\n\n\n<h3 class=\"wp-block-heading\" id=\"10-privacy\"><strong>10. Confidentialit\u00e9<\/strong><\/h3>\n\n\n\n<p>Votre utilisation de ce site web est \u00e9galement r\u00e9gie par nos conditions g\u00e9n\u00e9rales. <strong>Politique de confidentialit\u00e9<\/strong>.<\/p>\n\n\n\n<p>Ceci explique comment nous collectons, utilisons et stockons les donn\u00e9es personnelles.<\/p>\n\n\n\n<hr class=\"wp-block-separator has-alpha-channel-opacity\"\/>\n\n\n\n<h3 class=\"wp-block-heading\" id=\"11-third-party-services\"><strong>11. Services tiers<\/strong><\/h3>\n\n\n\n<p>Ce site web peut contenir des liens vers des sites web ou des services tiers.<\/p>\n\n\n\n<p>Nous ne sommes pas responsables de :<\/p>\n\n\n\n<ul class=\"wp-block-list\">\n<li>Le contenu des sites web externes<\/li>\n\n\n\n<li>Leurs pratiques en mati\u00e8re de confidentialit\u00e9<\/li>\n\n\n\n<li>Leurs conditions g\u00e9n\u00e9rales<\/li>\n<\/ul>\n\n\n\n<p>L\u2019utilisation de services tiers se fait \u00e0 vos propres risques.<\/p>\n\n\n\n<hr class=\"wp-block-separator has-alpha-channel-opacity\"\/>\n\n\n\n<h3 class=\"wp-block-heading\" id=\"12-website-availability\"><strong>12. Disponibilit\u00e9 du site web<\/strong><\/h3>\n\n\n\n<p>Notre objectif est de maintenir le site web accessible en permanence. Cependant, nous ne pouvons garantir un acc\u00e8s ininterrompu.<\/p>\n\n\n\n<p>Nous pouvons suspendre temporairement l&#039;acc\u00e8s pour les raisons suivantes\u00a0:<\/p>\n\n\n\n<ul class=\"wp-block-list\">\n<li>Entretien<\/li>\n\n\n\n<li>Mises \u00e0 jour de s\u00e9curit\u00e9<\/li>\n\n\n\n<li>Probl\u00e8mes techniques<\/li>\n<\/ul>\n\n\n\n<hr class=\"wp-block-separator has-alpha-channel-opacity\"\/>\n\n\n\n<h3 class=\"wp-block-heading\" id=\"13-changes-to-these-terms\"><strong>13. Modifications des pr\u00e9sentes conditions<\/strong><\/h3>\n\n\n\n<p>Nous pouvons mettre \u00e0 jour ces conditions g\u00e9n\u00e9rales de temps \u00e0 autre.<\/p>\n\n\n\n<p>Les versions mises \u00e0 jour seront publi\u00e9es sur cette page avec une date r\u00e9vis\u00e9e.<\/p>\n\n\n\n<p>En continuant \u00e0 utiliser le site web apr\u00e8s la publication des modifications, vous acceptez les conditions g\u00e9n\u00e9rales mises \u00e0 jour.<\/p>\n\n\n\n<hr class=\"wp-block-separator has-alpha-channel-opacity\"\/>\n\n\n\n<h3 class=\"wp-block-heading\" id=\"14-governing-law\"><strong>14. Droit applicable<\/strong><\/h3>\n\n\n\n<p>Les pr\u00e9sentes conditions g\u00e9n\u00e9rales sont r\u00e9gies par les lois de <strong>Angleterre et Pays de Galles<\/strong>.<\/p>\n\n\n\n<p>Tout litige d\u00e9coulant de l&#039;utilisation de ce site web sera soumis \u00e0 la comp\u00e9tence exclusive des tribunaux d&#039;Angleterre et du Pays de Galles.<\/p>\n\n\n\n<hr class=\"wp-block-separator has-alpha-channel-opacity\"\/>\n\n\n\n<h3 class=\"wp-block-heading\" id=\"15-contact\"><strong>15. Contact<\/strong><\/h3>\n\n\n\n<p>Si vous avez des questions concernant ces conditions, veuillez utiliser notre page de contact\u00a0: nous nous effor\u00e7ons de r\u00e9pondre \u00e0 toutes les communications en moins de 24\u00a0heures.<\/p>\n\n\n\n<p><\/p>","protected":false},"excerpt":{"rendered":"<p>insuranceforgroup.com Last updated: August 2024 These Terms of Service govern your use of the website insuranceforgroup.com and the services provided through it. By accessing or using this website, you agree to these Terms. If you do not agree, please do not use this website. 1. About Us insuranceforgroup.com is operated by Insurance for Group Ltd. [&hellip;]<\/p>\n","protected":false},"author":1,"featured_media":0,"parent":0,"menu_order":0,"comment_status":"closed","ping_status":"closed","template":"","meta":{"_gspb_post_css":"","footnotes":""},"class_list":["post-3208","page","type-page","status-publish","hentry"],"blocksy_meta":[],"_links":{"self":[{"href":"https:\/\/insuranceforgroup.com\/fr\/wp-json\/wp\/v2\/pages\/3208","targetHints":{"allow":["GET"]}}],"collection":[{"href":"https:\/\/insuranceforgroup.com\/fr\/wp-json\/wp\/v2\/pages"}],"about":[{"href":"https:\/\/insuranceforgroup.com\/fr\/wp-json\/wp\/v2\/types\/page"}],"author":[{"embeddable":true,"href":"https:\/\/insuranceforgroup.com\/fr\/wp-json\/wp\/v2\/users\/1"}],"replies":[{"embeddable":true,"href":"https:\/\/insuranceforgroup.com\/fr\/wp-json\/wp\/v2\/comments?post=3208"}],"version-history":[{"count":0,"href":"https:\/\/insuranceforgroup.com\/fr\/wp-json\/wp\/v2\/pages\/3208\/revisions"}],"wp:attachment":[{"href":"https:\/\/insuranceforgroup.com\/fr\/wp-json\/wp\/v2\/media?parent=3208"}],"curies":[{"name":"wp","href":"https:\/\/api.w.org\/{rel}","templated":true}]}}