{"id":588,"date":"2023-12-18T09:44:40","date_gmt":"2023-12-18T09:44:40","guid":{"rendered":"https:\/\/demo.creativethemes.com\/blocksy\/smart-home\/?page_id=3"},"modified":"2026-03-12T09:26:53","modified_gmt":"2026-03-12T09:26:53","slug":"politique-de-confidentialite","status":"publish","type":"page","link":"https:\/\/insuranceforgroup.com\/fr\/privacy-policy\/","title":{"rendered":"Politique de confidentialit\u00e9"},"content":{"rendered":"<h1 class=\"wp-block-heading\" id=\"1-who-we-are\"><strong>Politique de confidentialit\u00e9<\/strong><\/h1>\n\n\n\n<p><strong>insuranceforgroup.com<\/strong><\/p>\n\n\n\n<p><strong> Politique<\/strong><\/p>\n\n\n\n<p>Mise \u00e0 jour : ao\u00fbt 2024<\/p>\n\n\n\n<p>Insurance for Group Ltd s&#039;engage \u00e0 prot\u00e9ger vos donn\u00e9es personnelles et \u00e0 les traiter de mani\u00e8re responsable, conform\u00e9ment \u00e0 la r\u00e9glementation en vigueur. <strong>R\u00e8glement g\u00e9n\u00e9ral sur la protection des donn\u00e9es du Royaume-Uni (RGPD)<\/strong> et le <strong>Loi sur la protection des donn\u00e9es de 2018<\/strong>.<\/p>\n\n\n\n<p>Cette politique de confidentialit\u00e9 explique comment nous recueillons, utilisons et prot\u00e9geons les donn\u00e9es personnelles lorsque vous utilisez <strong>insuranceforgroup.com<\/strong> ou interagir avec les services d&#039;assurance que nous proposons.<\/p>\n\n\n\n<hr class=\"wp-block-separator has-alpha-channel-opacity\"\/>\n\n\n\n<h3 class=\"wp-block-heading\" id=\"1-who-we-are\"><strong>1. Qui sommes-nous ?<\/strong><\/h3>\n\n\n\n<p>insuranceforgroup.com est exploit\u00e9 par <strong>Assurance pour les soci\u00e9t\u00e9s anonymes<\/strong>.<\/p>\n\n\n\n<p>Insurance for Ltd agit en tant que <strong>responsable des donn\u00e9es<\/strong> pour les donn\u00e9es personnelles collect\u00e9es via ce site web et dans le cadre de la fourniture de services d&#039;assurance.<\/p>\n\n\n\n<p>D\u00e9tails de l&#039;entreprise\u00a0:<\/p>\n\n\n\n<p>Assurance pour Ltd, RSM, cinqui\u00e8me \u00e9tage, Central Square, Wellington Street, Leeds LS1 4DL Royaume-Uni.<\/p>\n\n\n\n<p>Enregistr\u00e9 en Angleterre sous le num\u00e9ro : 09879856<\/p>\n\n\n\n<p>Courriel\u00a0: info@insuranceforgroup.com<\/p>\n\n\n\n<hr class=\"wp-block-separator has-alpha-channel-opacity\"\/>\n\n\n\n<h3 class=\"wp-block-heading\" id=\"2-personal-data-we-collect\"><strong>2. Donn\u00e9es personnelles que nous collectons<\/strong><\/h3>\n\n\n\n<p>Nous pouvons collecter et traiter les cat\u00e9gories de donn\u00e9es personnelles suivantes.<\/p>\n\n\n\n<h3 class=\"wp-block-heading\" id=\"identity-and-contact-data\"><strong>Donn\u00e9es d&#039;identit\u00e9 et de contact<\/strong><\/h3>\n\n\n\n<ul class=\"wp-block-list\">\n<li>Nom<\/li>\n\n\n\n<li>Adresse email<\/li>\n\n\n\n<li>Num\u00e9ro de t\u00e9l\u00e9phone<\/li>\n\n\n\n<li>Nom de l&#039;organisation<\/li>\n\n\n\n<li>Intitul\u00e9 du poste ou r\u00f4le<\/li>\n<\/ul>\n\n\n\n<h3 class=\"wp-block-heading\" id=\"insurance-risk-information\"><strong>Informations sur les risques d&#039;assurance<\/strong><\/h3>\n\n\n\n<p>Les informations n\u00e9cessaires pour obtenir des devis d&#039;assurance ou souscrire une assurance peuvent inclure\u00a0:<\/p>\n\n\n\n<ul class=\"wp-block-list\">\n<li>destinations touristiques<\/li>\n\n\n\n<li>Sites op\u00e9rationnels<\/li>\n\n\n\n<li>Activit\u00e9s ou travaux entrepris<\/li>\n\n\n\n<li>Dur\u00e9e des d\u00e9placements ou des missions<\/li>\n\n\n\n<li>Exposition au risque pertinente pour la souscription d&#039;assurance<\/li>\n<\/ul>\n\n\n\n<h3 class=\"wp-block-heading\" id=\"claims-information\"><strong>Informations sur les r\u00e9clamations<\/strong><\/h3>\n\n\n\n<p>En cas de r\u00e9clamation, nous pouvons collecter\u00a0:<\/p>\n\n\n\n<ul class=\"wp-block-list\">\n<li>Descriptions des incidents<\/li>\n\n\n\n<li>Documents justificatifs<\/li>\n\n\n\n<li>Informations m\u00e9dicales, le cas \u00e9ch\u00e9ant<\/li>\n\n\n\n<li>D\u00e9clarations ou rapports de t\u00e9moins<\/li>\n<\/ul>\n\n\n\n<h3 class=\"wp-block-heading\" id=\"technical-and-website-usage-data\"><strong>Donn\u00e9es techniques et d&#039;utilisation du site Web<\/strong><\/h3>\n\n\n\n<p>Lors de votre visite sur notre site web, nous pouvons collecter\u00a0:<\/p>\n\n\n\n<ul class=\"wp-block-list\">\n<li>Adresse IP<\/li>\n\n\n\n<li>Type et version du navigateur<\/li>\n\n\n\n<li>Informations sur l&#039;appareil<\/li>\n\n\n\n<li>Pages visit\u00e9es et comportement de navigation<\/li>\n\n\n\n<li>Donn\u00e9es de performance et d&#039;analyse du site Web<\/li>\n<\/ul>\n\n\n\n<hr class=\"wp-block-separator has-alpha-channel-opacity\"\/>\n\n\n\n<h3 class=\"wp-block-heading\" id=\"3-special-category-data\"><strong>3. Donn\u00e9es de cat\u00e9gorie sp\u00e9ciale<\/strong><\/h3>\n\n\n\n<p>Certains services d&#039;assurance n\u00e9cessitent le traitement de <strong>donn\u00e9es personnelles de cat\u00e9gorie sp\u00e9ciale<\/strong>, particuli\u00e8rement <strong>informations de sant\u00e9 ou m\u00e9dicales<\/strong>.<\/p>\n\n\n\n<p>Cela peut se produire lorsque cela est n\u00e9cessaire pour\u00a0:<\/p>\n\n\n\n<ul class=\"wp-block-list\">\n<li>Souscrivez une assurance.<\/li>\n\n\n\n<li>\u00c9valuer le risque de souscription<\/li>\n\n\n\n<li>Traiter ou soutenir les demandes d&#039;indemnisation d&#039;assurance<\/li>\n<\/ul>\n\n\n\n<p>Lorsque de telles informations sont trait\u00e9es, nous nous appuyons sur des bases l\u00e9gales autoris\u00e9es par la loi. <strong>Article 9 du RGPD britannique<\/strong>, y compris:<\/p>\n\n\n\n<ul class=\"wp-block-list\">\n<li>Consentement explicite<\/li>\n\n\n\n<li>\u00c0 des fins d&#039;assurance autoris\u00e9es par la loi sur la protection des donn\u00e9es<\/li>\n\n\n\n<li>Constatation, exercice ou d\u00e9fense de droits en justice<\/li>\n<\/ul>\n\n\n\n<p>Les donn\u00e9es \u00e0 caract\u00e8re sensible ne sont trait\u00e9es que lorsque cela est n\u00e9cessaire et que des garanties appropri\u00e9es sont appliqu\u00e9es.<\/p>\n\n\n\n<hr class=\"wp-block-separator has-alpha-channel-opacity\"\/>\n\n\n\n<h3 class=\"wp-block-heading\" id=\"4-how-we-use-personal-data\"><strong>4. Comment nous utilisons les donn\u00e9es personnelles<\/strong><\/h3>\n\n\n\n<p>Nous pouvons utiliser les donn\u00e9es personnelles aux fins suivantes\u00a0:<\/p>\n\n\n\n<ul class=\"wp-block-list\">\n<li>R\u00e9pondre aux demandes de renseignements<\/li>\n\n\n\n<li>Fournir des devis d&#039;assurance<\/li>\n\n\n\n<li>Mise en place de polices d&#039;assurance<\/li>\n\n\n\n<li>Gestion des polices et des renouvellements<\/li>\n\n\n\n<li>Assurer la liaison avec les assureurs et les souscripteurs<\/li>\n\n\n\n<li>Assistance \u00e0 la gestion des r\u00e9clamations<\/li>\n\n\n\n<li>Respect des obligations r\u00e9glementaires<\/li>\n\n\n\n<li>Pr\u00e9venir la fraude et la criminalit\u00e9 financi\u00e8re<\/li>\n\n\n\n<li>Am\u00e9lioration des fonctionnalit\u00e9s et des services du site web<\/li>\n<\/ul>\n\n\n\n<hr class=\"wp-block-separator has-alpha-channel-opacity\"\/>\n\n\n\n<h3 class=\"wp-block-heading\" id=\"5-legal-basis-for-processing\"><strong>5. Base juridique du traitement<\/strong><\/h3>\n\n\n\n<p>Nous traitons les donn\u00e9es personnelles sur la base d&#039;un ou plusieurs des fondements juridiques suivants.<\/p>\n\n\n\n<h3 class=\"wp-block-heading\" id=\"contract\"><strong>Contracter<\/strong><\/h3>\n\n\n\n<p>Traitement n\u00e9cessaire \u00e0 la mise en place ou \u00e0 la gestion des polices d&#039;assurance.<\/p>\n\n\n\n<h3 class=\"wp-block-heading\" id=\"legitimate-interests\"><strong>Int\u00e9r\u00eats l\u00e9gitimes<\/strong><\/h3>\n\n\n\n<p>Le traitement n\u00e9cessaire \u00e0 nos int\u00e9r\u00eats commerciaux l\u00e9gitimes, notamment\u00a0:<\/p>\n\n\n\n<ul class=\"wp-block-list\">\n<li>R\u00e9pondre aux demandes de renseignements<\/li>\n\n\n\n<li>Am\u00e9lioration des services<\/li>\n\n\n\n<li>D\u00e9tection et pr\u00e9vention des fraudes<\/li>\n<\/ul>\n\n\n\n<h3 class=\"wp-block-heading\" id=\"legal-and-regulatory-obligations\"><strong>Obligations l\u00e9gales et r\u00e9glementaires<\/strong><\/h3>\n\n\n\n<p>Les interm\u00e9diaires d&#039;assurance doivent se conformer aux exigences l\u00e9gales et r\u00e9glementaires, notamment en mati\u00e8re de tenue de registres et de rapports r\u00e9glementaires.<\/p>\n\n\n\n<h3 class=\"wp-block-heading\" id=\"consent\"><strong>Consentement<\/strong><\/h3>\n\n\n\n<p>Le cas \u00e9ch\u00e9ant, nous obtiendrons votre consentement avant de traiter certains types de donn\u00e9es personnelles ou de vous envoyer des communications marketing.<\/p>\n\n\n\n<hr class=\"wp-block-separator has-alpha-channel-opacity\"\/>\n\n\n\n<h3 class=\"wp-block-heading\" id=\"6-sharing-personal-data\"><strong>6. Partage des donn\u00e9es personnelles<\/strong><\/h3>\n\n\n\n<p>Pour fournir des services d&#039;assurance, nous pouvons partager des donn\u00e9es personnelles avec\u00a0:<\/p>\n\n\n\n<h3 class=\"wp-block-heading\" id=\"insurance-underwriters\"><strong>Souscripteurs d&#039;assurance<\/strong><\/h3>\n\n\n\n<p>Les compagnies d&#039;assurance sont responsables de la souscription et de l&#039;\u00e9mission des polices.<\/p>\n\n\n\n<h3 class=\"wp-block-heading\" id=\"claims-administrators\"><strong>Administrateurs de sinistres<\/strong><\/h3>\n\n\n\n<p>Organismes charg\u00e9s du traitement et de la gestion des r\u00e9clamations.<\/p>\n\n\n\n<h3 class=\"wp-block-heading\" id=\"insurance-partners-and-brokers\"><strong>Partenaires et courtiers d&#039;assurance<\/strong><\/h3>\n\n\n\n<p>Lorsque des besoins suppl\u00e9mentaires en mati\u00e8re de placement sont satisfaits.<\/p>\n\n\n\n<h3 class=\"wp-block-heading\" id=\"professional-advisers\"><strong>Conseillers professionnels<\/strong><\/h3>\n\n\n\n<p>Y compris les conseillers juridiques, les auditeurs et les sp\u00e9cialistes de la conformit\u00e9.<\/p>\n\n\n\n<h3 class=\"wp-block-heading\" id=\"technology-and-service-providers\"><strong>Fournisseurs de technologies et de services<\/strong><\/h3>\n\n\n\n<p>Des tiers fournissant des services d&#039;h\u00e9bergement, des syst\u00e8mes CRM ou des logiciels op\u00e9rationnels.<\/p>\n\n\n\n<h3 class=\"wp-block-heading\" id=\"regulatory-authorities\"><strong>Autorit\u00e9s r\u00e9glementaires<\/strong><\/h3>\n\n\n\n<p>Lorsque la divulgation est requise en vertu des lois ou r\u00e8glements applicables.<\/p>\n\n\n\n<p>Nous ne partageons que les informations n\u00e9cessaires \u00e0 la fourniture des services ou au respect des obligations l\u00e9gales.<\/p>\n\n\n\n<hr class=\"wp-block-separator has-alpha-channel-opacity\"\/>\n\n\n\n<h3 class=\"wp-block-heading\" id=\"7-fraud-prevention\"><strong>7. Pr\u00e9vention de la fraude<\/strong><\/h3>\n\n\n\n<p>Les assureurs peuvent utiliser les donn\u00e9es personnelles pour d\u00e9tecter et pr\u00e9venir la fraude.<\/p>\n\n\n\n<p>Cela peut impliquer le partage d&#039;informations avec des organismes de pr\u00e9vention de la fraude, des assureurs ou les autorit\u00e9s comp\u00e9tentes.<\/p>\n\n\n\n<p>En cas de suspicion de fraude, des donn\u00e9es personnelles peuvent \u00eatre enregistr\u00e9es et partag\u00e9es avec les organismes comp\u00e9tents.<\/p>\n\n\n\n<hr class=\"wp-block-separator has-alpha-channel-opacity\"\/>\n\n\n\n<h3 class=\"wp-block-heading\" id=\"8-sanctions-screening-and-compliance-checks\"><strong>8. Contr\u00f4le des sanctions et v\u00e9rification de la conformit\u00e9<\/strong><\/h3>\n\n\n\n<p>Les services d&#039;assurance peuvent exiger des contr\u00f4les de conformit\u00e9 afin de garantir le respect des lois et r\u00e9glementations relatives aux sanctions internationales.<\/p>\n\n\n\n<p>Les donn\u00e9es personnelles peuvent \u00eatre utilis\u00e9es pour effectuer des v\u00e9rifications par rapport aux listes de sanctions pertinentes tenues par les autorit\u00e9s, telles que\u00a0:<\/p>\n\n\n\n<ul class=\"wp-block-list\">\n<li>Le gouvernement britannique<\/li>\n\n\n\n<li>Les Nations Unies<\/li>\n\n\n\n<li>L&#039;Union europ\u00e9enne<\/li>\n\n\n\n<li>Autres organismes de r\u00e9glementation internationaux<\/li>\n<\/ul>\n\n\n\n<p>Ces contr\u00f4les permettent de garantir le respect des r\u00e9glementations applicables en mati\u00e8re de criminalit\u00e9 financi\u00e8re.<\/p>\n\n\n\n<hr class=\"wp-block-separator has-alpha-channel-opacity\"\/>\n\n\n\n<h3 class=\"wp-block-heading\" id=\"9-anti-money-laundering-compliance\"><strong>9. Conformit\u00e9 en mati\u00e8re de lutte contre le blanchiment d&#039;argent<\/strong><\/h3>\n\n\n\n<p>Lorsque la loi l&#039;exige, nous pouvons proc\u00e9der \u00e0 des v\u00e9rifications d&#039;identit\u00e9 ou \u00e0 des contr\u00f4les de lutte contre le blanchiment d&#039;argent.<\/p>\n\n\n\n<p>Cela peut impliquer de v\u00e9rifier les informations aupr\u00e8s de sources de donn\u00e9es fiables ou de demander des documents suppl\u00e9mentaires.<\/p>\n\n\n\n<hr class=\"wp-block-separator has-alpha-channel-opacity\"\/>\n\n\n\n<h3 class=\"wp-block-heading\" id=\"10-international-data-transfers\"><strong>10. Transferts internationaux de donn\u00e9es<\/strong><\/h3>\n\n\n\n<p>Les polices d&#039;assurance souscrites par l&#039;interm\u00e9diaire de nos services peuvent impliquer des d\u00e9placements ou des op\u00e9rations dans plusieurs pays.<\/p>\n\n\n\n<p>Dans certaines circonstances, des donn\u00e9es personnelles peuvent \u00eatre trait\u00e9es en dehors du Royaume-Uni.<\/p>\n\n\n\n<p>Dans ce cas, nous veillons \u00e0 ce que des garanties appropri\u00e9es soient mises en place conform\u00e9ment \u00e0 la l\u00e9gislation britannique sur la protection des donn\u00e9es.<\/p>\n\n\n\n<hr class=\"wp-block-separator has-alpha-channel-opacity\"\/>\n\n\n\n<h3 class=\"wp-block-heading\" id=\"11-data-retention\"><strong>11. Conservation des donn\u00e9es<\/strong><\/h3>\n\n\n\n<p>Les interm\u00e9diaires d&#039;assurance sont soumis \u00e0 des obligations r\u00e9glementaires en mati\u00e8re de tenue de registres.<\/p>\n\n\n\n<p>Les donn\u00e9es personnelles sont g\u00e9n\u00e9ralement conserv\u00e9es pendant <strong>au moins six ans<\/strong> suite \u00e0 la fin d&#039;une relation commerciale ou d&#039;une police d&#039;assurance.<\/p>\n\n\n\n<p>Dans certaines circonstances, les documents peuvent \u00eatre conserv\u00e9s plus longtemps lorsque cela est n\u00e9cessaire pour se conformer aux obligations l\u00e9gales ou r\u00e9glementaires.<\/p>\n\n\n\n<hr class=\"wp-block-separator has-alpha-channel-opacity\"\/>\n\n\n\n<h3 class=\"wp-block-heading\" id=\"12-data-security\"><strong>12. S\u00e9curit\u00e9 des donn\u00e9es<\/strong><\/h3>\n\n\n\n<p>Nous prenons les mesures techniques et organisationnelles appropri\u00e9es pour prot\u00e9ger les donn\u00e9es personnelles.<\/p>\n\n\n\n<p>Ces mesures visent \u00e0 pr\u00e9venir\u00a0:<\/p>\n\n\n\n<ul class=\"wp-block-list\">\n<li>Acc\u00e8s non autoris\u00e9<\/li>\n\n\n\n<li>Perte ou destruction<\/li>\n\n\n\n<li>Traitement illicite<\/li>\n<\/ul>\n\n\n\n<p>L&#039;acc\u00e8s aux donn\u00e9es personnelles est limit\u00e9 au personnel autoris\u00e9 et aux prestataires de services de confiance.<\/p>\n\n\n\n<hr class=\"wp-block-separator has-alpha-channel-opacity\"\/>\n\n\n\n<h3 class=\"wp-block-heading\" id=\"13-your-data-protection-rights\"><strong>13. Vos droits en mati\u00e8re de protection des donn\u00e9es<\/strong><\/h3>\n\n\n\n<p>En vertu de la loi britannique sur la protection des donn\u00e9es, vous avez le droit de\u00a0:<\/p>\n\n\n\n<ul class=\"wp-block-list\">\n<li>Acc\u00e9dez aux donn\u00e9es personnelles que nous d\u00e9tenons vous concernant<\/li>\n\n\n\n<li>Demande de correction d&#039;informations inexactes<\/li>\n\n\n\n<li>Demander la suppression des donn\u00e9es personnelles le cas \u00e9ch\u00e9ant<\/li>\n\n\n\n<li>Limiter le traitement dans certaines circonstances<\/li>\n\n\n\n<li>S&#039;opposer \u00e0 certains types de traitement<\/li>\n\n\n\n<li>Demander le transfert de vos donn\u00e9es personnelles \u00e0 un autre fournisseur<\/li>\n<\/ul>\n\n\n\n<p>Les demandes peuvent \u00eatre faites en nous contactant.<\/p>\n\n\n\n<hr class=\"wp-block-separator has-alpha-channel-opacity\"\/>\n\n\n\n<h3 class=\"wp-block-heading\" id=\"14-cookies-and-website-tracking\"><strong>14. Cookies et suivi du site web<\/strong><\/h3>\n\n\n\n<p>Notre site web utilise des cookies et des technologies similaires pour am\u00e9liorer ses fonctionnalit\u00e9s et comprendre comment les visiteurs utilisent le site.<\/p>\n\n\n\n<p>Vous trouverez des informations compl\u00e8tes sur les cookies utilis\u00e9s dans notre politique de cookies. <strong>Politique relative aux cookies<\/strong>.<\/p>\n\n\n\n<hr class=\"wp-block-separator has-alpha-channel-opacity\"\/>\n\n\n\n<h3 class=\"wp-block-heading\" id=\"15-third-party-websites\"><strong>15. Sites Web tiers<\/strong><\/h3>\n\n\n\n<p>Notre site web peut contenir des liens vers des sites web externes.<\/p>\n\n\n\n<p>Nous ne sommes pas responsables des pratiques de confidentialit\u00e9 ni du contenu des sites web tiers.<\/p>\n\n\n\n<hr class=\"wp-block-separator has-alpha-channel-opacity\"\/>\n\n\n\n<h3 class=\"wp-block-heading\" id=\"16-complaints\"><strong>16. R\u00e9clamations<\/strong><\/h3>\n\n\n\n<p>Si vous avez des inqui\u00e9tudes concernant la mani\u00e8re dont vos donn\u00e9es personnelles ont \u00e9t\u00e9 trait\u00e9es, veuillez nous contacter afin que nous puissions enqu\u00eater.<\/p>\n\n\n\n<p>Vous avez \u00e9galement le droit de d\u00e9poser une plainte aupr\u00e8s de <strong>Bureau du commissaire \u00e0 l&#039;information (ICO)<\/strong>.<\/p>\n\n\n\n<p>Bureau du commissaire \u00e0 l&#039;information<\/p>\n\n\n\n<p><a href=\"https:\/\/ico.org.uk\" rel=\"nofollow noopener\" target=\"_blank\">https:\/\/ico.org.uk<\/a><\/p>\n\n\n\n<hr class=\"wp-block-separator has-alpha-channel-opacity\"\/>\n\n\n\n<h3 class=\"wp-block-heading\" id=\"17-changes-to-this-policy\"><strong>17. Modifications de la pr\u00e9sente politique<\/strong><\/h3>\n\n\n\n<p>Nous pouvons mettre \u00e0 jour cette politique de confidentialit\u00e9 de temps \u00e0 autre.<\/p>\n\n\n\n<p>Toute modification sera publi\u00e9e sur cette page, accompagn\u00e9e de la date de r\u00e9vision mise \u00e0 jour.<\/p>","protected":false},"excerpt":{"rendered":"<p>Privacy Policy insuranceforgroup.com Policy Updated: August 2024 Insurance for Group Ltd is committed to protecting your personal data and handling it responsibly in accordance with the UK General Data Protection Regulation (UK GDPR) and the Data Protection Act 2018. This Privacy Policy explains how we collect, use and protect personal data when you use insuranceforgroup.com [&hellip;]<\/p>\n","protected":false},"author":4,"featured_media":0,"parent":0,"menu_order":0,"comment_status":"closed","ping_status":"open","template":"","meta":{"_gspb_post_css":"","footnotes":""},"class_list":["post-588","page","type-page","status-publish","hentry"],"blocksy_meta":[],"_links":{"self":[{"href":"https:\/\/insuranceforgroup.com\/fr\/wp-json\/wp\/v2\/pages\/588","targetHints":{"allow":["GET"]}}],"collection":[{"href":"https:\/\/insuranceforgroup.com\/fr\/wp-json\/wp\/v2\/pages"}],"about":[{"href":"https:\/\/insuranceforgroup.com\/fr\/wp-json\/wp\/v2\/types\/page"}],"author":[{"embeddable":true,"href":"https:\/\/insuranceforgroup.com\/fr\/wp-json\/wp\/v2\/users\/4"}],"replies":[{"embeddable":true,"href":"https:\/\/insuranceforgroup.com\/fr\/wp-json\/wp\/v2\/comments?post=588"}],"version-history":[{"count":0,"href":"https:\/\/insuranceforgroup.com\/fr\/wp-json\/wp\/v2\/pages\/588\/revisions"}],"wp:attachment":[{"href":"https:\/\/insuranceforgroup.com\/fr\/wp-json\/wp\/v2\/media?parent=588"}],"curies":[{"name":"wp","href":"https:\/\/api.w.org\/{rel}","templated":true}]}}