{"id":588,"date":"2023-12-18T09:44:40","date_gmt":"2023-12-18T09:44:40","guid":{"rendered":"https:\/\/demo.creativethemes.com\/blocksy\/smart-home\/?page_id=3"},"modified":"2026-03-12T09:26:53","modified_gmt":"2026-03-12T09:26:53","slug":"politica-sulla-riservatezza","status":"publish","type":"page","link":"https:\/\/insuranceforgroup.com\/it\/privacy-policy\/","title":{"rendered":"Informativa sulla privacy"},"content":{"rendered":"<h1 class=\"wp-block-heading\" id=\"1-who-we-are\"><strong>Informativa sulla privacy<\/strong><\/h1>\n\n\n\n<p><strong>insuranceforgroup.com<\/strong><\/p>\n\n\n\n<p><strong> Politica<\/strong><\/p>\n\n\n\n<p>Aggiornato: agosto 2024<\/p>\n\n\n\n<p>Insurance for Group Ltd si impegna a proteggere i tuoi dati personali e a gestirli in modo responsabile in conformit\u00e0 con <strong>Regolamento generale sulla protezione dei dati del Regno Unito (UK GDPR)<\/strong> e il <strong>Legge sulla protezione dei dati 2018<\/strong>.<\/p>\n\n\n\n<p>La presente Informativa sulla privacy spiega come raccogliamo, utilizziamo e proteggiamo i dati personali quando li utilizzi <strong>insuranceforgroup.com<\/strong> o interagire con i servizi assicurativi che forniamo.<\/p>\n\n\n\n<hr class=\"wp-block-separator has-alpha-channel-opacity\"\/>\n\n\n\n<h3 class=\"wp-block-heading\" id=\"1-who-we-are\"><strong>1. Chi siamo<\/strong><\/h3>\n\n\n\n<p>insuranceforgroup.com \u00e8 gestito da <strong>Assicurazione per le societ\u00e0 a responsabilit\u00e0 limitata<\/strong>.<\/p>\n\n\n\n<p>Insurance for Ltd agisce come <strong>titolare del trattamento dei dati<\/strong> per i dati personali raccolti tramite questo sito web e nel corso della fornitura di servizi assicurativi.<\/p>\n\n\n\n<p>Dettagli dell&#039;azienda:<\/p>\n\n\n\n<p>Assicurazione per Ltd, RSM, quinto piano, Central Square, Wellington Street, Leeds LS1 4DL Regno Unito.<\/p>\n\n\n\n<p>Registrato in Inghilterra n.: 09879856<\/p>\n\n\n\n<p>E-mail: info@insuranceforgroup.com<\/p>\n\n\n\n<hr class=\"wp-block-separator has-alpha-channel-opacity\"\/>\n\n\n\n<h3 class=\"wp-block-heading\" id=\"2-personal-data-we-collect\"><strong>2. Dati personali che raccogliamo<\/strong><\/h3>\n\n\n\n<p>Potremmo raccogliere ed elaborare le seguenti categorie di dati personali.<\/p>\n\n\n\n<h3 class=\"wp-block-heading\" id=\"identity-and-contact-data\"><strong>Dati di identit\u00e0 e di contatto<\/strong><\/h3>\n\n\n\n<ul class=\"wp-block-list\">\n<li>Nome<\/li>\n\n\n\n<li>Indirizzo e-mail<\/li>\n\n\n\n<li>Numero di telefono<\/li>\n\n\n\n<li>Nome dell&#039;organizzazione<\/li>\n\n\n\n<li>Titolo o ruolo lavorativo<\/li>\n<\/ul>\n\n\n\n<h3 class=\"wp-block-heading\" id=\"insurance-risk-information\"><strong>Informazioni sui rischi assicurativi<\/strong><\/h3>\n\n\n\n<p>Informazioni necessarie per ottenere preventivi assicurativi o stipulare una copertura, che possono includere:<\/p>\n\n\n\n<ul class=\"wp-block-list\">\n<li>Destinazioni di viaggio<\/li>\n\n\n\n<li>Sedi operative<\/li>\n\n\n\n<li>Attivit\u00e0 o lavori svolti<\/li>\n\n\n\n<li>Durata del viaggio o degli incarichi<\/li>\n\n\n\n<li>Esposizione al rischio rilevante per la sottoscrizione assicurativa<\/li>\n<\/ul>\n\n\n\n<h3 class=\"wp-block-heading\" id=\"claims-information\"><strong>Informazioni sui reclami<\/strong><\/h3>\n\n\n\n<p>Quando viene presentata una richiesta di risarcimento, potremmo riscuotere:<\/p>\n\n\n\n<ul class=\"wp-block-list\">\n<li>Descrizioni degli incidenti<\/li>\n\n\n\n<li>Documentazione di supporto<\/li>\n\n\n\n<li>Informazioni mediche ove pertinenti<\/li>\n\n\n\n<li>Dichiarazioni o relazioni dei testimoni<\/li>\n<\/ul>\n\n\n\n<h3 class=\"wp-block-heading\" id=\"technical-and-website-usage-data\"><strong>Dati tecnici e di utilizzo del sito web<\/strong><\/h3>\n\n\n\n<p>Quando visiti il nostro sito web potremmo raccogliere:<\/p>\n\n\n\n<ul class=\"wp-block-list\">\n<li>indirizzo IP<\/li>\n\n\n\n<li>Tipo e versione del browser<\/li>\n\n\n\n<li>Informazioni sul dispositivo<\/li>\n\n\n\n<li>Pagine visitate e comportamento di navigazione<\/li>\n\n\n\n<li>Dati analitici e sulle prestazioni del sito web<\/li>\n<\/ul>\n\n\n\n<hr class=\"wp-block-separator has-alpha-channel-opacity\"\/>\n\n\n\n<h3 class=\"wp-block-heading\" id=\"3-special-category-data\"><strong>3. Dati di categoria speciale<\/strong><\/h3>\n\n\n\n<p>Alcuni servizi assicurativi richiedono l&#039;elaborazione di <strong>dati personali di categoria speciale<\/strong>, in particolare <strong>informazioni sanitarie o mediche<\/strong>.<\/p>\n\n\n\n<p>Ci\u00f2 pu\u00f2 verificarsi quando necessario per:<\/p>\n\n\n\n<ul class=\"wp-block-list\">\n<li>Organizzare la copertura assicurativa<\/li>\n\n\n\n<li>Valutare il rischio di sottoscrizione<\/li>\n\n\n\n<li>Elaborare o supportare le richieste di risarcimento assicurativo<\/li>\n<\/ul>\n\n\n\n<p>Laddove tali informazioni vengano elaborate, ci basiamo su basi legali consentite ai sensi <strong>Articolo 9 del GDPR del Regno Unito<\/strong>, tra cui:<\/p>\n\n\n\n<ul class=\"wp-block-list\">\n<li>Consenso esplicito<\/li>\n\n\n\n<li>Finalit\u00e0 assicurative consentite dalla legge sulla protezione dei dati<\/li>\n\n\n\n<li>Accertamento, esercizio o difesa di un diritto in sede giudiziaria<\/li>\n<\/ul>\n\n\n\n<p>I dati di categoria speciale vengono trattati solo ove necessario e vengono applicate le opportune misure di sicurezza.<\/p>\n\n\n\n<hr class=\"wp-block-separator has-alpha-channel-opacity\"\/>\n\n\n\n<h3 class=\"wp-block-heading\" id=\"4-how-we-use-personal-data\"><strong>4. Come utilizziamo i dati personali<\/strong><\/h3>\n\n\n\n<p>Potremmo utilizzare i dati personali per i seguenti scopi:<\/p>\n\n\n\n<ul class=\"wp-block-list\">\n<li>Rispondere alle richieste<\/li>\n\n\n\n<li>Fornire preventivi assicurativi<\/li>\n\n\n\n<li>Organizzazione di polizze assicurative<\/li>\n\n\n\n<li>Amministrazione delle politiche e dei rinnovi<\/li>\n\n\n\n<li>Collaborazione con assicuratori e sottoscrittori<\/li>\n\n\n\n<li>Assistenza nella gestione dei reclami<\/li>\n\n\n\n<li>Conformit\u00e0 agli obblighi normativi<\/li>\n\n\n\n<li>Prevenire le frodi e i reati finanziari<\/li>\n\n\n\n<li>Miglioramento delle funzionalit\u00e0 e dei servizi del sito web<\/li>\n<\/ul>\n\n\n\n<hr class=\"wp-block-separator has-alpha-channel-opacity\"\/>\n\n\n\n<h3 class=\"wp-block-heading\" id=\"5-legal-basis-for-processing\"><strong>5. Base giuridica del trattamento<\/strong><\/h3>\n\n\n\n<p>Elaboriamo i dati personali in base a una o pi\u00f9 delle seguenti basi giuridiche.<\/p>\n\n\n\n<h3 class=\"wp-block-heading\" id=\"contract\"><strong>Contrarre<\/strong><\/h3>\n\n\n\n<p>Elaborazione necessaria per stipulare o amministrare polizze assicurative.<\/p>\n\n\n\n<h3 class=\"wp-block-heading\" id=\"legitimate-interests\"><strong>Interessi legittimi<\/strong><\/h3>\n\n\n\n<p>Elaborazione necessaria per i nostri legittimi interessi commerciali, tra cui:<\/p>\n\n\n\n<ul class=\"wp-block-list\">\n<li>Rispondere alle richieste<\/li>\n\n\n\n<li>Migliorare i servizi<\/li>\n\n\n\n<li>Rilevamento e prevenzione delle frodi<\/li>\n<\/ul>\n\n\n\n<h3 class=\"wp-block-heading\" id=\"legal-and-regulatory-obligations\"><strong>Obblighi legali e normativi<\/strong><\/h3>\n\n\n\n<p>Gli intermediari assicurativi devono rispettare i requisiti legali e normativi, tra cui la tenuta dei registri e la rendicontazione normativa.<\/p>\n\n\n\n<h3 class=\"wp-block-heading\" id=\"consent\"><strong>Consenso<\/strong><\/h3>\n\n\n\n<p>Laddove richiesto, otterremo il tuo consenso prima di elaborare determinati tipi di dati personali o di inviare comunicazioni di marketing.<\/p>\n\n\n\n<hr class=\"wp-block-separator has-alpha-channel-opacity\"\/>\n\n\n\n<h3 class=\"wp-block-heading\" id=\"6-sharing-personal-data\"><strong>6. Condivisione dei dati personali<\/strong><\/h3>\n\n\n\n<p>Per fornire servizi assicurativi potremmo condividere i dati personali con:<\/p>\n\n\n\n<h3 class=\"wp-block-heading\" id=\"insurance-underwriters\"><strong>Assicuratori<\/strong><\/h3>\n\n\n\n<p>Compagnie assicurative responsabili della sottoscrizione e dell&#039;emissione delle polizze.<\/p>\n\n\n\n<h3 class=\"wp-block-heading\" id=\"claims-administrators\"><strong>Amministratori dei reclami<\/strong><\/h3>\n\n\n\n<p>Organizzazioni responsabili della gestione e dell&#039;amministrazione dei reclami.<\/p>\n\n\n\n<h3 class=\"wp-block-heading\" id=\"insurance-partners-and-brokers\"><strong>Partner e broker assicurativi<\/strong><\/h3>\n\n\n\n<p>Dove \u00e8 richiesto un supporto aggiuntivo per il posizionamento.<\/p>\n\n\n\n<h3 class=\"wp-block-heading\" id=\"professional-advisers\"><strong>Consulenti professionali<\/strong><\/h3>\n\n\n\n<p>Inclusi consulenti legali, revisori contabili e specialisti della conformit\u00e0.<\/p>\n\n\n\n<h3 class=\"wp-block-heading\" id=\"technology-and-service-providers\"><strong>Fornitori di tecnologia e servizi<\/strong><\/h3>\n\n\n\n<p>Terze parti che forniscono hosting, sistemi CRM o software operativi.<\/p>\n\n\n\n<h3 class=\"wp-block-heading\" id=\"regulatory-authorities\"><strong>Autorit\u00e0 di regolamentazione<\/strong><\/h3>\n\n\n\n<p>Laddove la divulgazione sia richiesta dalle leggi o dai regolamenti applicabili.<\/p>\n\n\n\n<p>Condividiamo solo le informazioni necessarie per fornire servizi o rispettare obblighi di legge.<\/p>\n\n\n\n<hr class=\"wp-block-separator has-alpha-channel-opacity\"\/>\n\n\n\n<h3 class=\"wp-block-heading\" id=\"7-fraud-prevention\"><strong>7. Prevenzione delle frodi<\/strong><\/h3>\n\n\n\n<p>Gli assicuratori possono utilizzare i dati personali per individuare e prevenire le frodi.<\/p>\n\n\n\n<p>Ci\u00f2 potrebbe comportare la condivisione di informazioni con agenzie di prevenzione delle frodi, assicuratori o autorit\u00e0 competenti.<\/p>\n\n\n\n<p>Qualora si sospetti una frode, i dati personali potrebbero essere registrati e condivisi con le organizzazioni appropriate.<\/p>\n\n\n\n<hr class=\"wp-block-separator has-alpha-channel-opacity\"\/>\n\n\n\n<h3 class=\"wp-block-heading\" id=\"8-sanctions-screening-and-compliance-checks\"><strong>8. Screening delle sanzioni e controlli di conformit\u00e0<\/strong><\/h3>\n\n\n\n<p>I servizi assicurativi potrebbero richiedere controlli di conformit\u00e0 per garantire il rispetto delle leggi e dei regolamenti internazionali in materia di sanzioni.<\/p>\n\n\n\n<p>I dati personali possono essere utilizzati per effettuare controlli in base agli elenchi delle sanzioni pertinenti tenuti dalle autorit\u00e0, quali:<\/p>\n\n\n\n<ul class=\"wp-block-list\">\n<li>Il governo del Regno Unito<\/li>\n\n\n\n<li>Le Nazioni Unite<\/li>\n\n\n\n<li>L&#039;Unione Europea<\/li>\n\n\n\n<li>Altri organismi di regolamentazione internazionali<\/li>\n<\/ul>\n\n\n\n<p>Questi controlli contribuiscono a garantire la conformit\u00e0 alle normative vigenti in materia di reati finanziari.<\/p>\n\n\n\n<hr class=\"wp-block-separator has-alpha-channel-opacity\"\/>\n\n\n\n<h3 class=\"wp-block-heading\" id=\"9-anti-money-laundering-compliance\"><strong>9. Conformit\u00e0 alle norme antiriciclaggio<\/strong><\/h3>\n\n\n\n<p>Laddove richiesto dalla legge, potremmo effettuare verifiche dell&#039;identit\u00e0 o controlli antiriciclaggio.<\/p>\n\n\n\n<p>Ci\u00f2 potrebbe comportare la verifica delle informazioni rispetto a fonti di dati attendibili o la richiesta di documentazione aggiuntiva.<\/p>\n\n\n\n<hr class=\"wp-block-separator has-alpha-channel-opacity\"\/>\n\n\n\n<h3 class=\"wp-block-heading\" id=\"10-international-data-transfers\"><strong>10. Trasferimenti internazionali di dati<\/strong><\/h3>\n\n\n\n<p>Le polizze assicurative stipulate tramite i nostri servizi possono prevedere viaggi o operazioni in pi\u00f9 Paesi.<\/p>\n\n\n\n<p>In alcune circostanze i dati personali potrebbero essere trattati al di fuori del Regno Unito.<\/p>\n\n\n\n<p>In tal caso, garantiamo che siano adottate misure di sicurezza adeguate in conformit\u00e0 con la legge britannica sulla protezione dei dati.<\/p>\n\n\n\n<hr class=\"wp-block-separator has-alpha-channel-opacity\"\/>\n\n\n\n<h3 class=\"wp-block-heading\" id=\"11-data-retention\"><strong>11. Conservazione dei dati<\/strong><\/h3>\n\n\n\n<p>Gli intermediari assicurativi sono soggetti agli obblighi normativi in materia di conservazione dei registri.<\/p>\n\n\n\n<p>I dati personali vengono in genere conservati per <strong>almeno sei anni<\/strong> in seguito alla fine di un rapporto commerciale o di una polizza assicurativa.<\/p>\n\n\n\n<p>In determinate circostanze i registri potrebbero essere conservati pi\u00f9 a lungo, se necessario per ottemperare ad obblighi legali o normativi.<\/p>\n\n\n\n<hr class=\"wp-block-separator has-alpha-channel-opacity\"\/>\n\n\n\n<h3 class=\"wp-block-heading\" id=\"12-data-security\"><strong>12. Sicurezza dei dati<\/strong><\/h3>\n\n\n\n<p>Adottiamo misure tecniche e organizzative adeguate per proteggere i dati personali.<\/p>\n\n\n\n<p>Queste misure sono progettate per prevenire:<\/p>\n\n\n\n<ul class=\"wp-block-list\">\n<li>Accesso non autorizzato<\/li>\n\n\n\n<li>Perdita o distruzione<\/li>\n\n\n\n<li>Trattamento illecito<\/li>\n<\/ul>\n\n\n\n<p>L&#039;accesso ai dati personali \u00e8 limitato al personale autorizzato e ai fornitori di servizi di fiducia.<\/p>\n\n\n\n<hr class=\"wp-block-separator has-alpha-channel-opacity\"\/>\n\n\n\n<h3 class=\"wp-block-heading\" id=\"13-your-data-protection-rights\"><strong>13. I tuoi diritti sulla protezione dei dati<\/strong><\/h3>\n\n\n\n<p>Ai sensi della legge britannica sulla protezione dei dati, hai il diritto di:<\/p>\n\n\n\n<ul class=\"wp-block-list\">\n<li>Accedere ai dati personali che conserviamo su di te<\/li>\n\n\n\n<li>Richiedi la correzione di informazioni inesatte<\/li>\n\n\n\n<li>Richiedere la cancellazione dei dati personali ove appropriato<\/li>\n\n\n\n<li>Limitare l&#039;elaborazione in determinate circostanze<\/li>\n\n\n\n<li>Opporsi a determinati tipi di trattamento<\/li>\n\n\n\n<li>Richiedi il trasferimento dei tuoi dati personali ad un altro fornitore<\/li>\n<\/ul>\n\n\n\n<p>Le richieste possono essere effettuate contattandoci.<\/p>\n\n\n\n<hr class=\"wp-block-separator has-alpha-channel-opacity\"\/>\n\n\n\n<h3 class=\"wp-block-heading\" id=\"14-cookies-and-website-tracking\"><strong>14. Cookie e monitoraggio del sito web<\/strong><\/h3>\n\n\n\n<p>Il nostro sito web utilizza cookie e tecnologie simili per migliorare la funzionalit\u00e0 e comprendere come i visitatori utilizzano il sito web.<\/p>\n\n\n\n<p>I dettagli completi dei cookie utilizzati sono disponibili nel nostro <strong>Informativa sui cookie<\/strong>.<\/p>\n\n\n\n<hr class=\"wp-block-separator has-alpha-channel-opacity\"\/>\n\n\n\n<h3 class=\"wp-block-heading\" id=\"15-third-party-websites\"><strong>15. Siti Web di terze parti<\/strong><\/h3>\n\n\n\n<p>Il nostro sito web potrebbe contenere link a siti web esterni.<\/p>\n\n\n\n<p>Non siamo responsabili delle pratiche sulla privacy o dei contenuti dei siti web di terze parti.<\/p>\n\n\n\n<hr class=\"wp-block-separator has-alpha-channel-opacity\"\/>\n\n\n\n<h3 class=\"wp-block-heading\" id=\"16-complaints\"><strong>16. Reclami<\/strong><\/h3>\n\n\n\n<p>Se hai dubbi su come sono stati gestiti i tuoi dati personali, contattaci per consentirci di indagare.<\/p>\n\n\n\n<p>Hai anche il diritto di presentare un reclamo al <strong>Ufficio del Commissario per l&#039;informazione (ICO)<\/strong>.<\/p>\n\n\n\n<p>Ufficio del Commissario per l&#039;informazione<\/p>\n\n\n\n<p><a href=\"https:\/\/ico.org.uk\" rel=\"nofollow noopener\" target=\"_blank\">https:\/\/ico.org.uk<\/a><\/p>\n\n\n\n<hr class=\"wp-block-separator has-alpha-channel-opacity\"\/>\n\n\n\n<h3 class=\"wp-block-heading\" id=\"17-changes-to-this-policy\"><strong>17. Modifiche alla presente Politica<\/strong><\/h3>\n\n\n\n<p>Potremmo aggiornare periodicamente la presente Informativa sulla privacy.<\/p>\n\n\n\n<p>Eventuali modifiche saranno pubblicate su questa pagina insieme alla data di revisione aggiornata.<\/p>","protected":false},"excerpt":{"rendered":"<p>Privacy Policy insuranceforgroup.com Policy Updated: August 2024 Insurance for Group Ltd is committed to protecting your personal data and handling it responsibly in accordance with the UK General Data Protection Regulation (UK GDPR) and the Data Protection Act 2018. This Privacy Policy explains how we collect, use and protect personal data when you use insuranceforgroup.com [&hellip;]<\/p>\n","protected":false},"author":4,"featured_media":0,"parent":0,"menu_order":0,"comment_status":"closed","ping_status":"open","template":"","meta":{"_gspb_post_css":"","footnotes":""},"class_list":["post-588","page","type-page","status-publish","hentry"],"blocksy_meta":[],"_links":{"self":[{"href":"https:\/\/insuranceforgroup.com\/it\/wp-json\/wp\/v2\/pages\/588","targetHints":{"allow":["GET"]}}],"collection":[{"href":"https:\/\/insuranceforgroup.com\/it\/wp-json\/wp\/v2\/pages"}],"about":[{"href":"https:\/\/insuranceforgroup.com\/it\/wp-json\/wp\/v2\/types\/page"}],"author":[{"embeddable":true,"href":"https:\/\/insuranceforgroup.com\/it\/wp-json\/wp\/v2\/users\/4"}],"replies":[{"embeddable":true,"href":"https:\/\/insuranceforgroup.com\/it\/wp-json\/wp\/v2\/comments?post=588"}],"version-history":[{"count":0,"href":"https:\/\/insuranceforgroup.com\/it\/wp-json\/wp\/v2\/pages\/588\/revisions"}],"wp:attachment":[{"href":"https:\/\/insuranceforgroup.com\/it\/wp-json\/wp\/v2\/media?parent=588"}],"curies":[{"name":"scrivere","href":"https:\/\/api.w.org\/{rel}","templated":true}]}}