{"id":3104,"date":"2025-09-03T15:20:51","date_gmt":"2025-09-03T14:20:51","guid":{"rendered":"https:\/\/insuranceforgroup.com\/?page_id=3104"},"modified":"2025-09-03T15:52:55","modified_gmt":"2025-09-03T14:52:55","slug":"pobierz-aplikacje","status":"publish","type":"page","link":"https:\/\/insuranceforgroup.com\/pl\/download-the-app\/","title":{"rendered":"Pobierz aplikacj\u0119"},"content":{"rendered":"<div class=\"wp-block-group alignfull has-white-background-color has-background is-layout-constrained wp-block-group-is-layout-constrained\" style=\"padding-top:7rem;padding-bottom:7rem\">\n<div class=\"wp-block-columns are-vertically-aligned-top is-layout-flex wp-container-core-columns-is-layout-057bf1b1 wp-block-columns-is-layout-flex\">\n<div class=\"wp-block-column is-vertically-aligned-top is-layout-flow wp-block-column-is-layout-flow\" style=\"flex-basis:30%\">\n<h1 class=\"wp-block-heading has-black-color has-text-color has-link-color wp-elements-65756f1d8347b371890e08a2d96e5957\" id=\"the-perfect-theme-for-stunning-websites-3\" style=\"margin-bottom:20px;font-size:clamp(24.034px, 1.502rem + ((1vw - 3.2px) * 1.247), 40px);font-style:normal;font-weight:800;line-height:1.2\">Zabierz nas ze sob\u0105. Pobierz nasz\u0105 darmow\u0105 aplikacj\u0119 ju\u017c teraz.<\/h1>\n\n\n\n<p class=\"has-black-color has-text-color has-link-color has-medium-font-size wp-elements-adacc6a0c464ec7e80def5adfe84f753\" style=\"margin-bottom:30px\">Aplikacja Insurance for Group zapewnia natychmiastowy dost\u0119p do informacji o ubezpieczeniach, kontakt\u00f3w alarmowych i najwa\u017cniejszych zasob\u00f3w terenowych, dzi\u0119ki czemu mo\u017cesz skupi\u0107 si\u0119 na swojej pracy, nie martwi\u0105c si\u0119 o swoje bezpiecze\u0144stwo. <br><br>Niezale\u017cnie od tego, czy pracujesz w strefie konfliktu, czy podr\u00f3\u017cujesz w zwi\u0105zku z zadaniem, ta aplikacja zapewni Ci ochron\u0119 i wsparcie, kt\u00f3rych potrzebujesz, na wyci\u0105gni\u0119cie r\u0119ki.<\/p>\n<\/div>\n\n\n\n<div class=\"wp-block-column is-vertically-aligned-top is-layout-flow wp-block-column-is-layout-flow\">\n<div class=\"wp-block-columns has-black-background-color has-background is-layout-flex wp-container-core-columns-is-layout-a816d1b2 wp-block-columns-is-layout-flex\" style=\"border-radius:20px;margin-bottom:30px;padding-top:30px;padding-right:30px;padding-bottom:30px;padding-left:30px\">\n<div class=\"wp-block-column is-vertically-aligned-center is-layout-flow wp-block-column-is-layout-flow\" style=\"flex-basis:25%\">\n<h2 class=\"wp-block-heading has-text-align-center has-white-color has-text-color has-link-color wp-elements-98f29ddbd77d3be7982e4aa1f73df3e0\" id=\"professional-2\" style=\"margin-bottom:10px;font-size:clamp(14px, 0.875rem + ((1vw - 3.2px) * 0.313), 18px);\">Pobierz teraz<\/h2>\n\n\n\n<p class=\"has-text-align-center has-white-color has-text-color has-link-color wp-elements-7423ea122c64b2f68a60db0f1a4e9650\" style=\"margin-top:0px;margin-bottom:0px;font-size:clamp(24.034px, 1.502rem + ((1vw - 3.2px) * 1.247), 40px);font-style:normal;font-weight:900;line-height:1\">Dla urz\u0105dze\u0144 Apple<\/p>\n<\/div>\n\n\n\n<div class=\"wp-block-column is-layout-flow wp-block-column-is-layout-flow\">\n<div class=\"wp-block-group is-nowrap is-layout-flex wp-container-core-group-is-layout-ca52a2b2 wp-block-group-is-layout-flex\" style=\"margin-bottom:10px\">\n<p>Quam nulla porttitor massa<\/p>\n<\/div>\n\n\n\n<div>\n<figure class=\"wp-block-image size-full is-resized\"><img loading=\"lazy\" decoding=\"async\" width=\"600\" height=\"211\" src=\"https:\/\/insuranceforgroup.com\/wp-content\/uploads\/2025\/09\/App-store-IOS.avif\" alt=\"\" class=\"wp-image-3110\" style=\"width:358px;height:auto\" title=\"\" srcset=\"https:\/\/insuranceforgroup.com\/wp-content\/uploads\/2025\/09\/App-store-IOS.avif 600w, https:\/\/insuranceforgroup.com\/wp-content\/uploads\/2025\/09\/App-store-IOS-300x106.avif 300w, https:\/\/insuranceforgroup.com\/wp-content\/uploads\/2025\/09\/App-store-IOS-18x6.avif 18w\" sizes=\"auto, (max-width: 600px) 100vw, 600px\" \/><\/figure>\n<\/div>\n<\/div>\n<\/div>\n\n\n\n<div class=\"wp-block-columns has-black-background-color has-background is-layout-flex wp-container-core-columns-is-layout-a816d1b2 wp-block-columns-is-layout-flex\" style=\"border-radius:20px;margin-bottom:30px;padding-top:30px;padding-right:30px;padding-bottom:30px;padding-left:30px\">\n<div class=\"wp-block-column is-vertically-aligned-center is-layout-flow wp-block-column-is-layout-flow\" style=\"flex-basis:25%\">\n<h2 class=\"wp-block-heading has-text-align-center has-white-color has-text-color has-link-color wp-elements-98f29ddbd77d3be7982e4aa1f73df3e0\" id=\"professional-2\" style=\"margin-bottom:10px;font-size:clamp(14px, 0.875rem + ((1vw - 3.2px) * 0.313), 18px);\">Pobierz teraz<\/h2>\n\n\n\n<p class=\"has-text-align-center has-white-color has-text-color has-link-color wp-elements-be52b2bc67df383d46c59503083a7d8a\" style=\"margin-top:0px;margin-bottom:0px;font-size:clamp(24.034px, 1.502rem + ((1vw - 3.2px) * 1.247), 40px);font-style:normal;font-weight:900;line-height:1\">Dla urz\u0105dze\u0144 z systemem Android<\/p>\n<\/div>\n\n\n\n<div class=\"wp-block-column is-layout-flow wp-block-column-is-layout-flow\">\n<div class=\"wp-block-group is-nowrap is-layout-flex wp-container-core-group-is-layout-ca52a2b2 wp-block-group-is-layout-flex\" style=\"margin-bottom:10px\">\n<p>Quam nulla porttitor massa<\/p>\n<\/div>\n\n\n\n<div>\n<figure class=\"wp-block-image size-full is-resized is-style-default\"><img loading=\"lazy\" decoding=\"async\" width=\"2361\" height=\"834\" src=\"https:\/\/insuranceforgroup.com\/wp-content\/uploads\/2025\/09\/Untitled.avif\" alt=\"\" class=\"wp-image-3111\" style=\"width:358px;height:auto\" title=\"\" srcset=\"https:\/\/insuranceforgroup.com\/wp-content\/uploads\/2025\/09\/Untitled.avif 2361w, https:\/\/insuranceforgroup.com\/wp-content\/uploads\/2025\/09\/Untitled-300x106.avif 300w, https:\/\/insuranceforgroup.com\/wp-content\/uploads\/2025\/09\/Untitled-1024x362.avif 1024w, https:\/\/insuranceforgroup.com\/wp-content\/uploads\/2025\/09\/Untitled-768x271.avif 768w, https:\/\/insuranceforgroup.com\/wp-content\/uploads\/2025\/09\/Untitled-1536x543.avif 1536w, https:\/\/insuranceforgroup.com\/wp-content\/uploads\/2025\/09\/Untitled-2048x723.avif 2048w, https:\/\/insuranceforgroup.com\/wp-content\/uploads\/2025\/09\/Untitled-18x6.avif 18w\" sizes=\"auto, (max-width: 2361px) 100vw, 2361px\" \/><\/figure>\n<\/div>\n<\/div>\n<\/div>\n<\/div>\n<\/div>\n<\/div>\n\n\n\n<p><\/p>","protected":false},"excerpt":{"rendered":"<p>Take us with you. Download our free app right away. The Insurance for Group App gives you instant access to insurance coverage, emergency contacts, and critical field resources, so you can focus on your job without worrying about your safety. Whether you&#8217;re working in a conflict zone, or traveling for an assignment, this app ensures [&hellip;]<\/p>\n","protected":false},"author":1,"featured_media":0,"parent":0,"menu_order":0,"comment_status":"closed","ping_status":"closed","template":"","meta":{"_gspb_post_css":"","footnotes":""},"class_list":["post-3104","page","type-page","status-publish","hentry"],"blocksy_meta":{"content_style_source":"inherit","styles_descriptor":{"styles":{"desktop":"","tablet":"","mobile":""},"google_fonts":[],"version":6}},"_links":{"self":[{"href":"https:\/\/insuranceforgroup.com\/pl\/wp-json\/wp\/v2\/pages\/3104","targetHints":{"allow":["GET"]}}],"collection":[{"href":"https:\/\/insuranceforgroup.com\/pl\/wp-json\/wp\/v2\/pages"}],"about":[{"href":"https:\/\/insuranceforgroup.com\/pl\/wp-json\/wp\/v2\/types\/page"}],"author":[{"embeddable":true,"href":"https:\/\/insuranceforgroup.com\/pl\/wp-json\/wp\/v2\/users\/1"}],"replies":[{"embeddable":true,"href":"https:\/\/insuranceforgroup.com\/pl\/wp-json\/wp\/v2\/comments?post=3104"}],"version-history":[{"count":0,"href":"https:\/\/insuranceforgroup.com\/pl\/wp-json\/wp\/v2\/pages\/3104\/revisions"}],"wp:attachment":[{"href":"https:\/\/insuranceforgroup.com\/pl\/wp-json\/wp\/v2\/media?parent=3104"}],"curies":[{"name":"wp","href":"https:\/\/api.w.org\/{rel}","templated":true}]}}