{"id":3117,"date":"2025-09-03T16:01:02","date_gmt":"2025-09-03T15:01:02","guid":{"rendered":"https:\/\/insuranceforgroup.com\/?page_id=3117"},"modified":"2025-09-03T16:18:16","modified_gmt":"2025-09-03T15:18:16","slug":"aplikacja","status":"publish","type":"page","link":"https:\/\/insuranceforgroup.com\/pl\/app\/","title":{"rendered":"Aplikacja"},"content":{"rendered":"<div class=\"wp-block-group alignfull has-white-background-color has-background is-layout-constrained wp-block-group-is-layout-constrained\" style=\"padding-top:7rem;padding-bottom:7rem\">\n<div class=\"wp-block-columns is-layout-flex wp-container-core-columns-is-layout-643ced6b wp-block-columns-is-layout-flex\">\n<div class=\"wp-block-column is-layout-flow wp-block-column-is-layout-flow\">\n<h1 id=\"gspb_heading-id-gsbp-8fc2753\" class=\"gspb_heading gspb_heading-id-gsbp-8fc2753\">Zabierz nas ze sob\u0105.<br>Pobierz nasz\u0105 darmow\u0105 aplikacj\u0119 ju\u017c teraz<\/h1>\n\n\n\n<p>Aplikacja Insurance for Group zapewnia natychmiastowy dost\u0119p do danych ubezpieczeniowych, kontakt\u00f3w alarmowych i kluczowych zasob\u00f3w terenowych, dzi\u0119ki czemu mo\u017cesz skupi\u0107 si\u0119 na raportowaniu, nie martwi\u0105c si\u0119 o swoje bezpiecze\u0144stwo. Niezale\u017cnie od tego, czy relacjonujesz bie\u017c\u0105ce wydarzenia, pracujesz w strefie konfliktu, czy podr\u00f3\u017cujesz s\u0142u\u017cbowo, ta aplikacja zapewnia Ci niezb\u0119dn\u0105 ochron\u0119 i wsparcie \u2013 na wyci\u0105gni\u0119cie r\u0119ki.<\/p>\n\n\n\n<p>Dzi\u0119ki szybkiemu dost\u0119powi do lokalnych numer\u00f3w alarmowych, globalnych sieci wsparcia i niezb\u0119dnych narz\u0119dzi mo\u017cesz pozosta\u0107 w kontakcie, na bie\u017c\u0105co informowany i bezpieczny, niezale\u017cnie od tego, gdzie si\u0119 znajdujesz w pracy.<\/p>\n<\/div>\n\n\n\n<div class=\"wp-block-column is-layout-flow wp-block-column-is-layout-flow\">\n<div class=\"wp-block-cover is-light has-custom-content-position is-position-bottom-center\" style=\"border-radius:20px;padding-top:30px;padding-right:30px;padding-bottom:30px;padding-left:30px;min-height:650px;aspect-ratio:unset;\"><img decoding=\"async\" class=\"wp-block-cover__image-background wp-image-7640\" alt=\"\" src=\"https:\/\/insuranceforgroup.com\/wp-content\/themes\/blocksy\/inc\/components\/patterns\/assets\/pattern-image-3.webp\" data-object-fit=\"cover\" title=\"\"><span aria-hidden=\"true\" class=\"wp-block-cover__background has-background-dim-0 has-background-dim\"><\/span><div class=\"wp-block-cover__inner-container is-layout-constrained wp-container-core-cover-is-layout-edcd9cee wp-block-cover-is-layout-constrained\">\n<div class=\"wp-block-group has-white-background-color has-background is-layout-constrained wp-container-core-group-is-layout-edcd9cee wp-block-group-is-layout-constrained\" style=\"border-radius:10px;padding-top:30px;padding-right:30px;padding-bottom:30px;padding-left:30px\">\n<h2 class=\"wp-block-heading has-black-color has-text-color has-link-color has-medium-font-size wp-elements-8cad18b6e5b681f23aec9be3724c2258\" id=\"the-perfect-theme-for-stunning-websites-1\" style=\"margin-top:0\">Idealny motyw dla ol\u015bniewaj\u0105cych stron internetowych!<\/h2>\n\n\n\n<p class=\"has-text-color has-link-color wp-elements-0da92410a72d388e02549635ab38c4b1\" style=\"color:#000000a8;margin-bottom:30px\">Lorem ipsum dolor amet consectetur adipiscing elitsed do eiusmod.<\/p>\n<\/div>\n<\/div><\/div>\n<\/div>\n\n\n\n<div class=\"wp-block-column is-layout-flow wp-block-column-is-layout-flow\">\n<div class=\"wp-block-cover is-light has-custom-content-position is-position-bottom-center\" style=\"border-radius:20px;padding-top:30px;padding-right:30px;padding-bottom:30px;padding-left:30px;min-height:650px;aspect-ratio:unset;\"><img decoding=\"async\" class=\"wp-block-cover__image-background wp-image-7641\" alt=\"\" src=\"https:\/\/insuranceforgroup.com\/wp-content\/themes\/blocksy\/inc\/components\/patterns\/assets\/pattern-image-4.webp\" data-object-fit=\"cover\" title=\"\"><span aria-hidden=\"true\" class=\"wp-block-cover__background has-background-dim-0 has-background-dim\"><\/span><div class=\"wp-block-cover__inner-container is-layout-constrained wp-container-core-cover-is-layout-edcd9cee wp-block-cover-is-layout-constrained\">\n<div class=\"wp-block-group has-white-background-color has-background is-layout-constrained wp-container-core-group-is-layout-edcd9cee wp-block-group-is-layout-constrained\" style=\"border-radius:10px;padding-top:30px;padding-right:30px;padding-bottom:30px;padding-left:30px\">\n<h2 class=\"wp-block-heading has-black-color has-text-color has-link-color has-medium-font-size wp-elements-8cad18b6e5b681f23aec9be3724c2258\" id=\"the-perfect-theme-for-stunning-websites-1\" style=\"margin-top:0\">Idealny motyw dla ol\u015bniewaj\u0105cych stron internetowych!<\/h2>\n\n\n\n<p class=\"has-text-color has-link-color wp-elements-0da92410a72d388e02549635ab38c4b1\" style=\"color:#000000a8;margin-bottom:30px\">Lorem ipsum dolor amet consectetur adipiscing elitsed do eiusmod.<\/p>\n<\/div>\n\n\n\n<div style=\"height:68px\" aria-hidden=\"true\" class=\"wp-block-spacer\"><\/div>\n\n\n\n<figure class=\"wp-block-image aligncenter size-large is-resized\"><img loading=\"lazy\" decoding=\"async\" width=\"1024\" height=\"362\" src=\"https:\/\/insuranceforgroup.com\/wp-content\/uploads\/2025\/09\/Untitled-1024x362.avif\" alt=\"\" class=\"wp-image-3111\" style=\"width:337px;height:auto\" title=\"\" srcset=\"https:\/\/insuranceforgroup.com\/wp-content\/uploads\/2025\/09\/Untitled-1024x362.avif 1024w, https:\/\/insuranceforgroup.com\/wp-content\/uploads\/2025\/09\/Untitled-300x106.avif 300w, https:\/\/insuranceforgroup.com\/wp-content\/uploads\/2025\/09\/Untitled-768x271.avif 768w, https:\/\/insuranceforgroup.com\/wp-content\/uploads\/2025\/09\/Untitled-1536x543.avif 1536w, https:\/\/insuranceforgroup.com\/wp-content\/uploads\/2025\/09\/Untitled-2048x723.avif 2048w, https:\/\/insuranceforgroup.com\/wp-content\/uploads\/2025\/09\/Untitled-18x6.avif 18w\" sizes=\"auto, (max-width: 1024px) 100vw, 1024px\" \/><\/figure>\n<\/div><\/div>\n<\/div>\n<\/div>\n<\/div>\n\n\n\n<p><\/p>","protected":false},"excerpt":{"rendered":"<p>The Insurance for Group App gives you instant access to insurance coverage, emergency contacts, and critical field resources, so you can focus on reporting without worrying about your safety. Whether you&#8217;re covering breaking news, working in a conflict zone, or traveling for an assignment, this app ensures you have the protection and support you need-right [&hellip;]<\/p>\n","protected":false},"author":1,"featured_media":0,"parent":0,"menu_order":0,"comment_status":"closed","ping_status":"closed","template":"","meta":{"_gspb_post_css":"#gspb_heading-id-gsbp-8fc2753{margin-top:14px}","footnotes":""},"class_list":["post-3117","page","type-page","status-publish","hentry"],"blocksy_meta":[],"_links":{"self":[{"href":"https:\/\/insuranceforgroup.com\/pl\/wp-json\/wp\/v2\/pages\/3117","targetHints":{"allow":["GET"]}}],"collection":[{"href":"https:\/\/insuranceforgroup.com\/pl\/wp-json\/wp\/v2\/pages"}],"about":[{"href":"https:\/\/insuranceforgroup.com\/pl\/wp-json\/wp\/v2\/types\/page"}],"author":[{"embeddable":true,"href":"https:\/\/insuranceforgroup.com\/pl\/wp-json\/wp\/v2\/users\/1"}],"replies":[{"embeddable":true,"href":"https:\/\/insuranceforgroup.com\/pl\/wp-json\/wp\/v2\/comments?post=3117"}],"version-history":[{"count":0,"href":"https:\/\/insuranceforgroup.com\/pl\/wp-json\/wp\/v2\/pages\/3117\/revisions"}],"wp:attachment":[{"href":"https:\/\/insuranceforgroup.com\/pl\/wp-json\/wp\/v2\/media?parent=3117"}],"curies":[{"name":"wp","href":"https:\/\/api.w.org\/{rel}","templated":true}]}}