{"id":588,"date":"2023-12-18T09:44:40","date_gmt":"2023-12-18T09:44:40","guid":{"rendered":"https:\/\/demo.creativethemes.com\/blocksy\/smart-home\/?page_id=3"},"modified":"2026-03-12T09:26:53","modified_gmt":"2026-03-12T09:26:53","slug":"polityka-prywatnosci","status":"publish","type":"page","link":"https:\/\/insuranceforgroup.com\/pl\/privacy-policy\/","title":{"rendered":"Polityka prywatno\u015bci"},"content":{"rendered":"<h1 class=\"wp-block-heading\" id=\"1-who-we-are\"><strong>Polityka prywatno\u015bci<\/strong><\/h1>\n\n\n\n<p><strong>ubezpieczeniaforgroup.com<\/strong><\/p>\n\n\n\n<p><strong> Polityka<\/strong><\/p>\n\n\n\n<p>Zaktualizowano: sierpie\u0144 2024<\/p>\n\n\n\n<p>Insurance for Group Ltd zobowi\u0105zuje si\u0119 do ochrony Twoich danych osobowych i odpowiedzialnego ich przetwarzania zgodnie z <strong>Og\u00f3lne rozporz\u0105dzenie o ochronie danych w Wielkiej Brytanii (RODO)<\/strong> i <strong>Ustawa o ochronie danych z 2018 r.<\/strong>.<\/p>\n\n\n\n<p>Niniejsza Polityka prywatno\u015bci wyja\u015bnia, w jaki spos\u00f3b gromadzimy, wykorzystujemy i chronimy dane osobowe, gdy korzystasz z naszych us\u0142ug. <strong>ubezpieczeniaforgroup.com<\/strong> lub wchodzi\u0107 w interakcj\u0119 z us\u0142ugami ubezpieczeniowymi, kt\u00f3re \u015bwiadczymy.<\/p>\n\n\n\n<hr class=\"wp-block-separator has-alpha-channel-opacity\"\/>\n\n\n\n<h3 class=\"wp-block-heading\" id=\"1-who-we-are\"><strong>1. Kim jeste\u015bmy<\/strong><\/h3>\n\n\n\n<p>insuranceforgroup.com jest obs\u0142ugiwany przez <strong>Ubezpieczenie dla Ltd<\/strong>.<\/p>\n\n\n\n<p>Ubezpieczenia dla Sp. z o.o. dzia\u0142aj\u0105 jako <strong>administrator danych<\/strong> w odniesieniu do danych osobowych zbieranych za po\u015brednictwem tej strony internetowej oraz w trakcie \u015bwiadczenia us\u0142ug ubezpieczeniowych.<\/p>\n\n\n\n<p>Dane firmy:<\/p>\n\n\n\n<p>Ubezpieczenia dla Sp. z o.o., RSM, Pi\u0105te pi\u0119tro, Central Square, Wellington Street, Leeds LS1 4DL, Wielka Brytania.<\/p>\n\n\n\n<p>Zarejestrowany w Anglii nr: 09879856<\/p>\n\n\n\n<p>Adres e-mail: info@insuranceforgroup.com<\/p>\n\n\n\n<hr class=\"wp-block-separator has-alpha-channel-opacity\"\/>\n\n\n\n<h3 class=\"wp-block-heading\" id=\"2-personal-data-we-collect\"><strong>2. Gromadzone przez nas dane osobowe<\/strong><\/h3>\n\n\n\n<p>Mo\u017cemy gromadzi\u0107 i przetwarza\u0107 nast\u0119puj\u0105ce kategorie danych osobowych.<\/p>\n\n\n\n<h3 class=\"wp-block-heading\" id=\"identity-and-contact-data\"><strong>To\u017csamo\u015b\u0107 i dane kontaktowe<\/strong><\/h3>\n\n\n\n<ul class=\"wp-block-list\">\n<li>Nazwa<\/li>\n\n\n\n<li>Adres e-mail<\/li>\n\n\n\n<li>Numer telefonu<\/li>\n\n\n\n<li>Nazwa organizacji<\/li>\n\n\n\n<li>Stanowisko lub rola<\/li>\n<\/ul>\n\n\n\n<h3 class=\"wp-block-heading\" id=\"insurance-risk-information\"><strong>Informacje o ryzyku ubezpieczeniowym<\/strong><\/h3>\n\n\n\n<p>Informacje niezb\u0119dne do uzyskania wyceny ubezpieczenia lub zawarcia umowy ubezpieczenia, kt\u00f3re mog\u0105 obejmowa\u0107:<\/p>\n\n\n\n<ul class=\"wp-block-list\">\n<li>Miejsca podr\u00f3\u017cy<\/li>\n\n\n\n<li>Lokalizacje operacyjne<\/li>\n\n\n\n<li>Podejmowane dzia\u0142ania lub prace<\/li>\n\n\n\n<li>Czas trwania podr\u00f3\u017cy lub zada\u0144<\/li>\n\n\n\n<li>Nara\u017cenie na ryzyko istotne w kontek\u015bcie zawierania um\u00f3w ubezpieczeniowych<\/li>\n<\/ul>\n\n\n\n<h3 class=\"wp-block-heading\" id=\"claims-information\"><strong>Informacje o roszczeniach<\/strong><\/h3>\n\n\n\n<p>W przypadku z\u0142o\u017cenia roszczenia mo\u017cemy zbiera\u0107:<\/p>\n\n\n\n<ul class=\"wp-block-list\">\n<li>Opisy incydent\u00f3w<\/li>\n\n\n\n<li>Dokumentacja pomocnicza<\/li>\n\n\n\n<li>Informacje medyczne, je\u015bli s\u0105 istotne<\/li>\n\n\n\n<li>O\u015bwiadczenia lub raporty \u015bwiadk\u00f3w<\/li>\n<\/ul>\n\n\n\n<h3 class=\"wp-block-heading\" id=\"technical-and-website-usage-data\"><strong>Dane techniczne i dotycz\u0105ce korzystania ze strony internetowej<\/strong><\/h3>\n\n\n\n<p>Podczas odwiedzania naszej strony internetowej mo\u017cemy zbiera\u0107:<\/p>\n\n\n\n<ul class=\"wp-block-list\">\n<li>Adres IP<\/li>\n\n\n\n<li>Typ i wersja przegl\u0105darki<\/li>\n\n\n\n<li>Informacje o urz\u0105dzeniu<\/li>\n\n\n\n<li>Odwiedzane strony i zachowanie nawigacyjne<\/li>\n\n\n\n<li>Dane dotycz\u0105ce wydajno\u015bci i analityki witryny<\/li>\n<\/ul>\n\n\n\n<hr class=\"wp-block-separator has-alpha-channel-opacity\"\/>\n\n\n\n<h3 class=\"wp-block-heading\" id=\"3-special-category-data\"><strong>3. Dane kategorii specjalnej<\/strong><\/h3>\n\n\n\n<p>Niekt\u00f3re us\u0142ugi ubezpieczeniowe wymagaj\u0105 przetwarzania <strong>dane osobowe kategorii specjalnej<\/strong>, w szczeg\u00f3lno\u015bci <strong>informacje o zdrowiu lub medycynie<\/strong>.<\/p>\n\n\n\n<p>Mo\u017ce si\u0119 to zdarzy\u0107, gdy jest to konieczne, aby:<\/p>\n\n\n\n<ul class=\"wp-block-list\">\n<li>Zorganizuj ubezpieczenie<\/li>\n\n\n\n<li>Ocena ryzyka ubezpieczeniowego<\/li>\n\n\n\n<li>Przetwarzanie lub obs\u0142uga roszcze\u0144 ubezpieczeniowych<\/li>\n<\/ul>\n\n\n\n<p>W przypadku przetwarzania takich informacji opieramy si\u0119 na podstawach prawnych dozwolonych na mocy <strong>Artyku\u0142 9 brytyjskiego RODO<\/strong>, w tym:<\/p>\n\n\n\n<ul class=\"wp-block-list\">\n<li>Wyra\u017ana zgoda<\/li>\n\n\n\n<li>Cele ubezpieczeniowe dozwolone na mocy prawa o ochronie danych<\/li>\n\n\n\n<li>Ustanawianie, wykonywanie lub obrona roszcze\u0144 prawnych<\/li>\n<\/ul>\n\n\n\n<p>Dane szczeg\u00f3lnej kategorii przetwarzane s\u0105 wy\u0142\u0105cznie w zakresie niezb\u0119dnym do ich przetwarzania, przy zastosowaniu odpowiednich zabezpiecze\u0144.<\/p>\n\n\n\n<hr class=\"wp-block-separator has-alpha-channel-opacity\"\/>\n\n\n\n<h3 class=\"wp-block-heading\" id=\"4-how-we-use-personal-data\"><strong>4. Jak wykorzystujemy dane osobowe<\/strong><\/h3>\n\n\n\n<p>Dane osobowe mo\u017cemy wykorzystywa\u0107 w nast\u0119puj\u0105cych celach:<\/p>\n\n\n\n<ul class=\"wp-block-list\">\n<li>Odpowiadanie na zapytania<\/li>\n\n\n\n<li>Udzielanie ofert ubezpieczeniowych<\/li>\n\n\n\n<li>Organizowanie polis ubezpieczeniowych<\/li>\n\n\n\n<li>Administrowanie polisami i odnawianiem<\/li>\n\n\n\n<li>Wsp\u00f3\u0142praca z ubezpieczycielami i underwriterami<\/li>\n\n\n\n<li>Pomoc w administrowaniu roszczeniami<\/li>\n\n\n\n<li>Przestrzeganie obowi\u0105zk\u00f3w regulacyjnych<\/li>\n\n\n\n<li>Zapobieganie oszustwom i przest\u0119pstwom finansowym<\/li>\n\n\n\n<li>Poprawa funkcjonalno\u015bci i us\u0142ug witryny internetowej<\/li>\n<\/ul>\n\n\n\n<hr class=\"wp-block-separator has-alpha-channel-opacity\"\/>\n\n\n\n<h3 class=\"wp-block-heading\" id=\"5-legal-basis-for-processing\"><strong>5. Podstawa prawna przetwarzania<\/strong><\/h3>\n\n\n\n<p>Przetwarzamy dane osobowe w oparciu o jedn\u0105 lub wi\u0119cej z nast\u0119puj\u0105cych podstaw prawnych.<\/p>\n\n\n\n<h3 class=\"wp-block-heading\" id=\"contract\"><strong>Umowa<\/strong><\/h3>\n\n\n\n<p>Przetwarzanie niezb\u0119dne do zawierania i administrowania polisami ubezpieczeniowymi.<\/p>\n\n\n\n<h3 class=\"wp-block-heading\" id=\"legitimate-interests\"><strong>Uzasadnione interesy<\/strong><\/h3>\n\n\n\n<p>Przetwarzanie niezb\u0119dne do realizacji naszych uzasadnionych interes\u00f3w biznesowych, w tym:<\/p>\n\n\n\n<ul class=\"wp-block-list\">\n<li>Odpowiadanie na zapytania<\/li>\n\n\n\n<li>Ulepszanie us\u0142ug<\/li>\n\n\n\n<li>Wykrywanie i zapobieganie oszustwom<\/li>\n<\/ul>\n\n\n\n<h3 class=\"wp-block-heading\" id=\"legal-and-regulatory-obligations\"><strong>Obowi\u0105zki prawne i regulacyjne<\/strong><\/h3>\n\n\n\n<p>Po\u015brednicy ubezpieczeniowi musz\u0105 spe\u0142nia\u0107 wymogi prawne i regulacyjne, w tym dotycz\u0105ce prowadzenia dokumentacji i sprawozdawczo\u015bci regulacyjnej.<\/p>\n\n\n\n<h3 class=\"wp-block-heading\" id=\"consent\"><strong>Zgoda<\/strong><\/h3>\n\n\n\n<p>W razie potrzeby uzyskamy Twoj\u0105 zgod\u0119 przed przetwarzaniem niekt\u00f3rych rodzaj\u00f3w danych osobowych lub wysy\u0142aniem komunikat\u00f3w marketingowych.<\/p>\n\n\n\n<hr class=\"wp-block-separator has-alpha-channel-opacity\"\/>\n\n\n\n<h3 class=\"wp-block-heading\" id=\"6-sharing-personal-data\"><strong>6. Udost\u0119pnianie danych osobowych<\/strong><\/h3>\n\n\n\n<p>W celu \u015bwiadczenia us\u0142ug ubezpieczeniowych mo\u017cemy udost\u0119pnia\u0107 dane osobowe:<\/p>\n\n\n\n<h3 class=\"wp-block-heading\" id=\"insurance-underwriters\"><strong>Ubezpieczyciele<\/strong><\/h3>\n\n\n\n<p>Towarzystwa ubezpieczeniowe odpowiedzialne za ocen\u0119 ryzyka i wystawianie polis.<\/p>\n\n\n\n<h3 class=\"wp-block-heading\" id=\"claims-administrators\"><strong>Administratorzy roszcze\u0144<\/strong><\/h3>\n\n\n\n<p>Organizacje odpowiedzialne za rozpatrywanie i zarz\u0105dzanie roszczeniami.<\/p>\n\n\n\n<h3 class=\"wp-block-heading\" id=\"insurance-partners-and-brokers\"><strong>Partnerzy i brokerzy ubezpieczeniowi<\/strong><\/h3>\n\n\n\n<p>W przypadku, gdy wymagane jest dodatkowe wsparcie w zakresie zatrudnienia.<\/p>\n\n\n\n<h3 class=\"wp-block-heading\" id=\"professional-advisers\"><strong>Doradcy zawodowi<\/strong><\/h3>\n\n\n\n<p>W tym doradcy prawni, audytorzy i specjali\u015bci ds. zgodno\u015bci.<\/p>\n\n\n\n<h3 class=\"wp-block-heading\" id=\"technology-and-service-providers\"><strong>Dostawcy technologii i us\u0142ug<\/strong><\/h3>\n\n\n\n<p>Podmioty trzecie dostarczaj\u0105ce hosting, systemy CRM i oprogramowanie operacyjne.<\/p>\n\n\n\n<h3 class=\"wp-block-heading\" id=\"regulatory-authorities\"><strong>Organy regulacyjne<\/strong><\/h3>\n\n\n\n<p>Je\u017celi ujawnienie jest wymagane na mocy obowi\u0105zuj\u0105cych przepis\u00f3w prawa lub regulacji.<\/p>\n\n\n\n<p>Udost\u0119pniamy wy\u0142\u0105cznie dane niezb\u0119dne do \u015bwiadczenia us\u0142ug lub wype\u0142niania obowi\u0105zk\u00f3w prawnych.<\/p>\n\n\n\n<hr class=\"wp-block-separator has-alpha-channel-opacity\"\/>\n\n\n\n<h3 class=\"wp-block-heading\" id=\"7-fraud-prevention\"><strong>7. Zapobieganie oszustwom<\/strong><\/h3>\n\n\n\n<p>Dostawcy ubezpiecze\u0144 mog\u0105 wykorzystywa\u0107 dane osobowe w celu wykrywania i zapobiegania oszustwom.<\/p>\n\n\n\n<p>Mo\u017ce to wi\u0105za\u0107 si\u0119 z udost\u0119pnianiem informacji agencjom zajmuj\u0105cym si\u0119 zapobieganiem oszustwom, ubezpieczycielom lub odpowiednim w\u0142adzom.<\/p>\n\n\n\n<p>W przypadku podejrzenia oszustwa dane osobowe mog\u0105 zosta\u0107 zarejestrowane i udost\u0119pnione odpowiednim organizacjom.<\/p>\n\n\n\n<hr class=\"wp-block-separator has-alpha-channel-opacity\"\/>\n\n\n\n<h3 class=\"wp-block-heading\" id=\"8-sanctions-screening-and-compliance-checks\"><strong>8. Kontrola sankcji i kontrola zgodno\u015bci<\/strong><\/h3>\n\n\n\n<p>Us\u0142ugi ubezpieczeniowe mog\u0105 wymaga\u0107 kontroli zgodno\u015bci w celu zapewnienia przestrzegania mi\u0119dzynarodowych przepis\u00f3w i regulacji dotycz\u0105cych sankcji.<\/p>\n\n\n\n<p>Dane osobowe mog\u0105 zosta\u0107 wykorzystane do przeprowadzenia kontroli na podstawie stosownych list sankcji prowadzonych przez takie organy, jak:<\/p>\n\n\n\n<ul class=\"wp-block-list\">\n<li>Rz\u0105d Wielkiej Brytanii<\/li>\n\n\n\n<li>Organizacja Narod\u00f3w Zjednoczonych<\/li>\n\n\n\n<li>Unia Europejska<\/li>\n\n\n\n<li>Inne mi\u0119dzynarodowe organy regulacyjne<\/li>\n<\/ul>\n\n\n\n<p>Kontrole te pomagaj\u0105 zapewni\u0107 zgodno\u015b\u0107 z obowi\u0105zuj\u0105cymi przepisami dotycz\u0105cymi przest\u0119pstw finansowych.<\/p>\n\n\n\n<hr class=\"wp-block-separator has-alpha-channel-opacity\"\/>\n\n\n\n<h3 class=\"wp-block-heading\" id=\"9-anti-money-laundering-compliance\"><strong>9. Zgodno\u015b\u0107 z przepisami dotycz\u0105cymi przeciwdzia\u0142ania praniu pieni\u0119dzy<\/strong><\/h3>\n\n\n\n<p>Je\u015bli wymaga tego prawo, mo\u017cemy przeprowadzi\u0107 weryfikacj\u0119 to\u017csamo\u015bci lub kontrole maj\u0105ce na celu przeciwdzia\u0142anie praniu pieni\u0119dzy.<\/p>\n\n\n\n<p>Mo\u017ce to wymaga\u0107 weryfikacji informacji na podstawie wiarygodnych \u017ar\u00f3de\u0142 danych lub za\u017c\u0105dania dodatkowej dokumentacji.<\/p>\n\n\n\n<hr class=\"wp-block-separator has-alpha-channel-opacity\"\/>\n\n\n\n<h3 class=\"wp-block-heading\" id=\"10-international-data-transfers\"><strong>10. Mi\u0119dzynarodowy transfer danych<\/strong><\/h3>\n\n\n\n<p>Polisy ubezpieczeniowe wykupione za po\u015brednictwem naszych us\u0142ug mog\u0105 obejmowa\u0107 podr\u00f3\u017ce lub dzia\u0142alno\u015b\u0107 w wielu krajach.<\/p>\n\n\n\n<p>W niekt\u00f3rych okoliczno\u015bciach dane osobowe mog\u0105 by\u0107 przetwarzane poza granicami Wielkiej Brytanii.<\/p>\n\n\n\n<p>W takich przypadkach dbamy o wdro\u017cenie odpowiednich zabezpiecze\u0144 zgodnie z brytyjskim prawem o ochronie danych.<\/p>\n\n\n\n<hr class=\"wp-block-separator has-alpha-channel-opacity\"\/>\n\n\n\n<h3 class=\"wp-block-heading\" id=\"11-data-retention\"><strong>11. Przechowywanie danych<\/strong><\/h3>\n\n\n\n<p>Po\u015brednicy ubezpieczeniowi podlegaj\u0105 wymogom regulacyjnym dotycz\u0105cym przechowywania dokumentacji.<\/p>\n\n\n\n<p>Dane osobowe s\u0105 zazwyczaj przechowywane <strong>co najmniej sze\u015b\u0107 lat<\/strong> po zako\u0144czeniu relacji biznesowej lub polisy ubezpieczeniowej.<\/p>\n\n\n\n<p>W pewnych okoliczno\u015bciach dane mog\u0105 by\u0107 przechowywane d\u0142u\u017cej, je\u015bli jest to konieczne w celu wype\u0142nienia obowi\u0105zk\u00f3w prawnych lub regulacyjnych.<\/p>\n\n\n\n<hr class=\"wp-block-separator has-alpha-channel-opacity\"\/>\n\n\n\n<h3 class=\"wp-block-heading\" id=\"12-data-security\"><strong>12. Bezpiecze\u0144stwo danych<\/strong><\/h3>\n\n\n\n<p>Podejmujemy odpowiednie \u015brodki techniczne i organizacyjne w celu ochrony danych osobowych.<\/p>\n\n\n\n<p>\u015arodki te maj\u0105 na celu zapobieganie:<\/p>\n\n\n\n<ul class=\"wp-block-list\">\n<li>Nieautoryzowany dost\u0119p<\/li>\n\n\n\n<li>Utrata lub zniszczenie<\/li>\n\n\n\n<li>Niezgodne z prawem przetwarzanie<\/li>\n<\/ul>\n\n\n\n<p>Dost\u0119p do danych osobowych maj\u0105 wy\u0142\u0105cznie upowa\u017cnieni pracownicy i zaufani dostawcy us\u0142ug.<\/p>\n\n\n\n<hr class=\"wp-block-separator has-alpha-channel-opacity\"\/>\n\n\n\n<h3 class=\"wp-block-heading\" id=\"13-your-data-protection-rights\"><strong>13. Twoje prawa do ochrony danych<\/strong><\/h3>\n\n\n\n<p>Zgodnie z brytyjskim prawem o ochronie danych masz prawo do:<\/p>\n\n\n\n<ul class=\"wp-block-list\">\n<li>Uzyskaj dost\u0119p do danych osobowych, kt\u00f3re o Tobie przechowujemy<\/li>\n\n\n\n<li>Popro\u015b o korekt\u0119 nieprawid\u0142owych informacji<\/li>\n\n\n\n<li>W stosownych przypadkach za\u017c\u0105daj usuni\u0119cia danych osobowych<\/li>\n\n\n\n<li>Ograniczenie przetwarzania w pewnych okoliczno\u015bciach<\/li>\n\n\n\n<li>Sprzeciw wobec niekt\u00f3rych rodzaj\u00f3w przetwarzania<\/li>\n\n\n\n<li>Popro\u015b o przeniesienie swoich danych osobowych do innego dostawcy<\/li>\n<\/ul>\n\n\n\n<p>Wszelkie zapytania mo\u017cna kierowa\u0107 do nas.<\/p>\n\n\n\n<hr class=\"wp-block-separator has-alpha-channel-opacity\"\/>\n\n\n\n<h3 class=\"wp-block-heading\" id=\"14-cookies-and-website-tracking\"><strong>14. Pliki cookie i \u015bledzenie witryny<\/strong><\/h3>\n\n\n\n<p>Nasza strona internetowa wykorzystuje pliki cookie i podobne technologie w celu poprawy jej funkcjonalno\u015bci i zrozumienia, w jaki spos\u00f3b odwiedzaj\u0105cy korzystaj\u0105 ze strony.<\/p>\n\n\n\n<p>Pe\u0142ne informacje na temat u\u017cywanych plik\u00f3w cookie s\u0105 dost\u0119pne w naszej <strong>Polityka plik\u00f3w cookie<\/strong>.<\/p>\n\n\n\n<hr class=\"wp-block-separator has-alpha-channel-opacity\"\/>\n\n\n\n<h3 class=\"wp-block-heading\" id=\"15-third-party-websites\"><strong>15. Witryny stron trzecich<\/strong><\/h3>\n\n\n\n<p>Nasza strona internetowa mo\u017ce zawiera\u0107 odno\u015bniki do zewn\u0119trznych stron internetowych.<\/p>\n\n\n\n<p>Nie ponosimy odpowiedzialno\u015bci za zasady ochrony prywatno\u015bci stosowane na stronach internetowych os\u00f3b trzecich ani za ich tre\u015b\u0107.<\/p>\n\n\n\n<hr class=\"wp-block-separator has-alpha-channel-opacity\"\/>\n\n\n\n<h3 class=\"wp-block-heading\" id=\"16-complaints\"><strong>16. Reklamacje<\/strong><\/h3>\n\n\n\n<p>Je\u015bli masz w\u0105tpliwo\u015bci co do sposobu przetwarzania Twoich danych osobowych, skontaktuj si\u0119 z nami, aby\u015bmy mogli to zbada\u0107.<\/p>\n\n\n\n<p>Masz r\u00f3wnie\u017c prawo wnie\u015b\u0107 skarg\u0119 do <strong>Biuro Komisarza ds. Informacji (ICO)<\/strong>.<\/p>\n\n\n\n<p>Biuro Komisarza ds. Informacji<\/p>\n\n\n\n<p><a href=\"https:\/\/ico.org.uk\" rel=\"nofollow noopener\" target=\"_blank\">https:\/\/ico.org.uk<\/a><\/p>\n\n\n\n<hr class=\"wp-block-separator has-alpha-channel-opacity\"\/>\n\n\n\n<h3 class=\"wp-block-heading\" id=\"17-changes-to-this-policy\"><strong>17. Zmiany w niniejszej Polityce<\/strong><\/h3>\n\n\n\n<p>Mo\u017cemy od czasu do czasu aktualizowa\u0107 niniejsz\u0105 Polityk\u0119 prywatno\u015bci.<\/p>\n\n\n\n<p>Wszelkie zmiany zostan\u0105 opublikowane na tej stronie wraz z informacj\u0105 o zaktualizowanej dacie rewizji.<\/p>","protected":false},"excerpt":{"rendered":"<p>Privacy Policy insuranceforgroup.com Policy Updated: August 2024 Insurance for Group Ltd is committed to protecting your personal data and handling it responsibly in accordance with the UK General Data Protection Regulation (UK GDPR) and the Data Protection Act 2018. This Privacy Policy explains how we collect, use and protect personal data when you use insuranceforgroup.com [&hellip;]<\/p>\n","protected":false},"author":4,"featured_media":0,"parent":0,"menu_order":0,"comment_status":"closed","ping_status":"open","template":"","meta":{"_gspb_post_css":"","footnotes":""},"class_list":["post-588","page","type-page","status-publish","hentry"],"blocksy_meta":[],"_links":{"self":[{"href":"https:\/\/insuranceforgroup.com\/pl\/wp-json\/wp\/v2\/pages\/588","targetHints":{"allow":["GET"]}}],"collection":[{"href":"https:\/\/insuranceforgroup.com\/pl\/wp-json\/wp\/v2\/pages"}],"about":[{"href":"https:\/\/insuranceforgroup.com\/pl\/wp-json\/wp\/v2\/types\/page"}],"author":[{"embeddable":true,"href":"https:\/\/insuranceforgroup.com\/pl\/wp-json\/wp\/v2\/users\/4"}],"replies":[{"embeddable":true,"href":"https:\/\/insuranceforgroup.com\/pl\/wp-json\/wp\/v2\/comments?post=588"}],"version-history":[{"count":0,"href":"https:\/\/insuranceforgroup.com\/pl\/wp-json\/wp\/v2\/pages\/588\/revisions"}],"wp:attachment":[{"href":"https:\/\/insuranceforgroup.com\/pl\/wp-json\/wp\/v2\/media?parent=588"}],"curies":[{"name":"wp","href":"https:\/\/api.w.org\/{rel}","templated":true}]}}